{"id":1005,"date":"2022-08-25T11:06:55","date_gmt":"2022-08-25T10:06:55","guid":{"rendered":"https:\/\/roussesinfo.fr\/patrimoine\/?page_id=1005"},"modified":"2025-08-22T07:04:17","modified_gmt":"2025-08-22T06:04:17","slug":"1878-construction-des-auges-de-la-fontaine","status":"publish","type":"page","link":"https:\/\/roussesinfo.fr\/patrimoine\/activites-agricoles\/1878-construction-des-auges-de-la-fontaine\/","title":{"rendered":"1878  Construction des auges de la fontaine"},"content":{"rendered":"<p>[et_pb_section fb_built=\u00a0\u00bb1&Prime; _builder_version=\u00a0\u00bb4.18.0&Prime; _module_preset=\u00a0\u00bbdefault\u00a0\u00bb background_image=\u00a0\u00bbhttps:\/\/roussesinfo.fr\/patrimoine\/wp-content\/uploads\/2022\/08\/Textures-parcemin_01-scaled.jpg\u00a0\u00bb custom_padding=\u00a0\u00bb10px|||||\u00a0\u00bb global_colors_info=\u00a0\u00bb{}\u00a0\u00bb][et_pb_row admin_label=\u00a0\u00bbFil arianne\u00a0\u00bb _builder_version=\u00a0\u00bb4.27.4&Prime; _module_preset=\u00a0\u00bbdefault\u00a0\u00bb width=\u00a0\u00bb95%\u00a0\u00bb max_width=\u00a0\u00bb1711px\u00a0\u00bb custom_padding=\u00a0\u00bb5px|||||\u00a0\u00bb hover_enabled=\u00a0\u00bb0&Prime; global_colors_info=\u00a0\u00bb{}\u00a0\u00bb theme_builder_area=\u00a0\u00bbpost_content\u00a0\u00bb sticky_enabled=\u00a0\u00bb0&Prime;][et_pb_column type=\u00a0\u00bb4_4&Prime; _builder_version=\u00a0\u00bb4.25.2&Prime; _module_preset=\u00a0\u00bbdefault\u00a0\u00bb global_colors_info=\u00a0\u00bb{}\u00a0\u00bb theme_builder_area=\u00a0\u00bbpost_content\u00a0\u00bb][lwp_divi_breadcrumbs use_before_icon=\u00a0\u00bbon\u00a0\u00bb before_icon=\u00a0\u00bb&#xe074;||divi||400&Prime; link_color=\u00a0\u00bb#E02B20&Prime; separator_color=\u00a0\u00bb#0C71C3&Prime; current_text_color=\u00a0\u00bb#000000&Prime; admin_label=\u00a0\u00bbFil arianne\u00a0\u00bb _builder_version=\u00a0\u00bb4.27.4&Prime; _module_preset=\u00a0\u00bbdefault\u00a0\u00bb module_font=\u00a0\u00bbTimes New Roman|600|on||||||\u00a0\u00bb module_text_color=\u00a0\u00bb#000000&Prime; module_font_size=\u00a0\u00bb19px\u00a0\u00bb custom_margin=\u00a0\u00bb2px|||||\u00a0\u00bb global_colors_info=\u00a0\u00bb{}\u00a0\u00bb theme_builder_area=\u00a0\u00bbpost_content\u00a0\u00bb][\/lwp_divi_breadcrumbs][\/et_pb_column][\/et_pb_row][et_pb_row _builder_version=\u00a0\u00bb4.18.0&Prime; _module_preset=\u00a0\u00bbdefault\u00a0\u00bb custom_padding=\u00a0\u00bb9px|||||\u00a0\u00bb global_colors_info=\u00a0\u00bb{}\u00a0\u00bb][et_pb_column type=\u00a0\u00bb4_4&Prime; _builder_version=\u00a0\u00bb4.18.0&Prime; _module_preset=\u00a0\u00bbdefault\u00a0\u00bb global_colors_info=\u00a0\u00bb{}\u00a0\u00bb][et_pb_text _builder_version=\u00a0\u00bb4.18.0&Prime; _module_preset=\u00a0\u00bbdefault\u00a0\u00bb global_colors_info=\u00a0\u00bb{}\u00a0\u00bb]<\/p>\n<h1 style=\"text-align: center;\"><em><strong><span style=\"font-size: 18pt; font-family: 'times new roman', times, serif; color: #000000;\">1878\u00a0 \u00a0Construction des auges de la fontaine<\/span><\/strong><\/em><\/h1>\n<p>[\/et_pb_text][et_pb_text _builder_version=\u00a0\u00bb4.18.0&Prime; _module_preset=\u00a0\u00bbdefault\u00a0\u00bb global_colors_info=\u00a0\u00bb{}\u00a0\u00bb]<\/p>\n<p style=\"text-align: justify;\"><span style=\"font-size: 14pt; font-family: 'times new roman', times, serif;\"><em><strong><span style=\"color: #000000;\">Police pour construction de 3 auges pour la fontaine publique du village de Rousses<\/span><\/strong><\/em><\/span><\/p>\n<p style=\"text-align: justify;\"><span style=\"font-size: 14pt; font-family: 'times new roman', times, serif;\"><em><strong><span style=\"color: #000000;\">entre les soussign\u00e9s habitants du village de Rousses, de concert avec le sieur Rouquette Eug\u00e8ne maire de la commune du dit Rousses, &#8230;, et le sieur Chapal Jean Pierre ma\u00e7on habitant au m\u00eame lieu et commune aussi du dit Rousses a \u00e9t\u00e9 convenu arr\u00eat\u00e9 et r\u00e9ciproquement accept\u00e9 ce qui suit savoir\u00a0:<\/span><\/strong><\/em><\/span><\/p>\n<p style=\"text-align: justify;\"><span style=\"font-size: 14pt; font-family: 'times new roman', times, serif;\"><em><strong><span style=\"color: #000000;\">les habitants du dit Rousses ayant une somme d\u2019environ 142 francs 50 centimes provenant une partie d\u2019une souscription volontaire, et l\u2019autre partie provenant des fonds du d\u00e9partement, sur cette somme, le sieur Chapal se charge par la pr\u00e9sente de construire trois auges en pierre de taille d\u2019une longueur moyenne de 2,25 m chacun de 0,45 m largeur et de 0,30 m profondeur, transport et placement compris le tout pour la somme de 120 F payables \u00e0 fin de travail les dites auges devant \u00eatre confectionn\u00e9es selon l\u2019usage du pays et de recette, telles sont nos conditions, apr\u00e8s les conditions ci-dessus stipul\u00e9es il a \u00e9t\u00e9 convenu que pour op\u00e9rer le payement des dites auges elles doivent \u00eatre d\u00e9finitivement plac\u00e9es et pr\u00eates \u00e0 s\u2019en servir le premier mai de la pr\u00e9sente ann\u00e9e 1878<\/span><\/strong><\/em><\/span><\/p>\n<p style=\"text-align: justify;\"><span style=\"font-size: 14pt; font-family: 'times new roman', times, serif;\"><em><strong><span style=\"color: #000000;\">pour de ce qui regarde les 22,50 F restants ils seront employ\u00e9s dans l\u2019espace de temps ci-dessus d\u00e9sign\u00e9s \u00e0 la r\u00e9paration du hangar de la dite fontaine<\/span><\/strong><\/em><\/span><\/p>\n<p style=\"text-align: justify;\"><span style=\"font-size: 14pt; font-family: 'times new roman', times, serif;\"><em><strong><span style=\"color: #000000;\">les habitants du sus dit village de Rousses conviennent d\u2019un commun accord que l\u2019auge qui re\u00e7oit l\u2019eau de la source doit rester toujours propre avec d\u00e9fense expresse de rien y laver, cette auge \u00e9tant destin\u00e9e \u00e0 l\u2019abreuvage des bestiaux, quand aux autres deux elles serviront pour laver le linge et autres choses<\/span><\/strong><\/em><\/span><\/p>\n<p style=\"text-align: justify;\"><span style=\"font-size: 14pt; font-family: 'times new roman', times, serif;\"><em><strong><span style=\"color: #000000;\">ainsi convenu entre parties int\u00e9ress\u00e9es le premier avril 1878.<\/span><\/strong><\/em><\/span><\/p>\n<p style=\"text-align: right;\"><span style=\"font-family: 'times new roman', times, serif; font-size: 12pt; color: #000000;\"><strong><em>Document transcrit par G\u00e9rard Caillat<\/em><\/strong><\/span><\/p>\n<p>[\/et_pb_text][\/et_pb_column][\/et_pb_row][\/et_pb_section]<\/p>\n","protected":false},"excerpt":{"rendered":"<p><div class=\"et_pb_module lwp_divi_breadcrumbs lwp_divi_breadcrumbs_0\">\n\t\t\t\t\n\t\t\t\t\n\t\t\t\t\n\t\t\t\t\n\t\t\t\t\n\t\t\t\t\n\t\t\t\t<div class=\"et_pb_module_inner\">\n\t\t\t\t\t<div class=\"lwp-breadcrumbs\"><span class=\"before-icon et-pb-icon\">\ue074<\/span> <span class=\"before\"><\/span> <span vocab=\"https:\/\/schema.org\/\" typeof=\"BreadcrumbList\"><span property=\"itemListElement\" typeof=\"ListItem\"><a property=\"item\" typeof=\"WebPage\" href=\"https:\/\/roussesinfo.fr\/patrimoine\/\" class=\"home\"><span property=\"name\">Home<\/span><\/a><meta property=\"position\" content=\"1\"><\/span> <span class=\"separator et-pb-icon\">&#x39;<\/span> <\/span><\/div>\n\t\t\t\t<\/div>\n\t\t\t<\/div>1878\u00a0 \u00a0Construction des auges de la fontainePolice pour construction de 3 auges pour la fontaine publique du village de Rousses entre les soussign\u00e9s habitants du village de Rousses, de concert avec le sieur Rouquette Eug\u00e8ne maire de la [&hellip;]<\/p>\n","protected":false},"author":1,"featured_media":0,"parent":1748,"menu_order":0,"comment_status":"closed","ping_status":"closed","template":"","meta":{"_et_pb_use_builder":"on","_et_pb_old_content":"","_et_gb_content_width":"","footnotes":""},"class_list":["post-1005","page","type-page","status-publish","hentry"],"_links":{"self":[{"href":"https:\/\/roussesinfo.fr\/patrimoine\/wp-json\/wp\/v2\/pages\/1005","targetHints":{"allow":["GET"]}}],"collection":[{"href":"https:\/\/roussesinfo.fr\/patrimoine\/wp-json\/wp\/v2\/pages"}],"about":[{"href":"https:\/\/roussesinfo.fr\/patrimoine\/wp-json\/wp\/v2\/types\/page"}],"author":[{"embeddable":true,"href":"https:\/\/roussesinfo.fr\/patrimoine\/wp-json\/wp\/v2\/users\/1"}],"replies":[{"embeddable":true,"href":"https:\/\/roussesinfo.fr\/patrimoine\/wp-json\/wp\/v2\/comments?post=1005"}],"version-history":[{"count":0,"href":"https:\/\/roussesinfo.fr\/patrimoine\/wp-json\/wp\/v2\/pages\/1005\/revisions"}],"up":[{"embeddable":true,"href":"https:\/\/roussesinfo.fr\/patrimoine\/wp-json\/wp\/v2\/pages\/1748"}],"wp:attachment":[{"href":"https:\/\/roussesinfo.fr\/patrimoine\/wp-json\/wp\/v2\/media?parent=1005"}],"curies":[{"name":"wp","href":"https:\/\/api.w.org\/{rel}","templated":true}]}}