{"id":1012,"date":"2022-08-25T11:10:12","date_gmt":"2022-08-25T10:10:12","guid":{"rendered":"https:\/\/roussesinfo.fr\/patrimoine\/?page_id=1012"},"modified":"2025-08-30T08:19:27","modified_gmt":"2025-08-30T07:19:27","slug":"1821-souscription-pour-la-construction-du-temple","status":"publish","type":"page","link":"https:\/\/roussesinfo.fr\/patrimoine\/activites-religieuses\/1821-souscription-pour-la-construction-du-temple\/","title":{"rendered":"1821 Souscription pour la construction du temple"},"content":{"rendered":"<p>[et_pb_section fb_built=\u00a0\u00bb1&Prime; _builder_version=\u00a0\u00bb4.18.0&Prime; _module_preset=\u00a0\u00bbdefault\u00a0\u00bb background_image=\u00a0\u00bbhttps:\/\/roussesinfo.fr\/patrimoine\/wp-content\/uploads\/2022\/08\/Textures-parcemin_01-scaled.jpg\u00a0\u00bb custom_padding=\u00a0\u00bb12px|||||\u00a0\u00bb global_colors_info=\u00a0\u00bb{}\u00a0\u00bb][et_pb_row admin_label=\u00a0\u00bbFil arianne\u00a0\u00bb _builder_version=\u00a0\u00bb4.27.4&Prime; _module_preset=\u00a0\u00bbdefault\u00a0\u00bb width=\u00a0\u00bb95%\u00a0\u00bb max_width=\u00a0\u00bb1711px\u00a0\u00bb custom_padding=\u00a0\u00bb5px|||||\u00a0\u00bb global_colors_info=\u00a0\u00bb{}\u00a0\u00bb theme_builder_area=\u00a0\u00bbpost_content\u00a0\u00bb][et_pb_column type=\u00a0\u00bb4_4&Prime; _builder_version=\u00a0\u00bb4.25.2&Prime; _module_preset=\u00a0\u00bbdefault\u00a0\u00bb global_colors_info=\u00a0\u00bb{}\u00a0\u00bb theme_builder_area=\u00a0\u00bbpost_content\u00a0\u00bb][lwp_divi_breadcrumbs use_before_icon=\u00a0\u00bbon\u00a0\u00bb before_icon=\u00a0\u00bb&#xe074;||divi||400&Prime; link_color=\u00a0\u00bb#E02B20&Prime; separator_color=\u00a0\u00bb#0C71C3&Prime; current_text_color=\u00a0\u00bb#000000&Prime; admin_label=\u00a0\u00bbFil arianne\u00a0\u00bb _builder_version=\u00a0\u00bb4.27.4&Prime; _module_preset=\u00a0\u00bbdefault\u00a0\u00bb module_font=\u00a0\u00bbTimes New Roman|600|on||||||\u00a0\u00bb module_text_color=\u00a0\u00bb#000000&Prime; module_font_size=\u00a0\u00bb19px\u00a0\u00bb custom_margin=\u00a0\u00bb2px|||||\u00a0\u00bb global_colors_info=\u00a0\u00bb{}\u00a0\u00bb theme_builder_area=\u00a0\u00bbpost_content\u00a0\u00bb][\/lwp_divi_breadcrumbs][\/et_pb_column][\/et_pb_row][et_pb_row _builder_version=\u00a0\u00bb4.18.0&Prime; _module_preset=\u00a0\u00bbdefault\u00a0\u00bb custom_padding=\u00a0\u00bb20px|||||\u00a0\u00bb global_colors_info=\u00a0\u00bb{}\u00a0\u00bb][et_pb_column type=\u00a0\u00bb4_4&Prime; _builder_version=\u00a0\u00bb4.18.0&Prime; _module_preset=\u00a0\u00bbdefault\u00a0\u00bb global_colors_info=\u00a0\u00bb{}\u00a0\u00bb][et_pb_text _builder_version=\u00a0\u00bb4.18.0&Prime; _module_preset=\u00a0\u00bbdefault\u00a0\u00bb global_colors_info=\u00a0\u00bb{}\u00a0\u00bb]<\/p>\n<p style=\"text-align: center;\"><span style=\"font-size: 18pt;\"><em><strong><span style=\"color: #000000; font-family: 'times new roman', times, serif;\">1821 Souscription pour la construction du temple<\/span><\/strong><\/em><\/span><\/p>\n<p>[\/et_pb_text][et_pb_text _builder_version=\u00a0\u00bb4.18.0&Prime; _module_preset=\u00a0\u00bbdefault\u00a0\u00bb global_colors_info=\u00a0\u00bb{}\u00a0\u00bb]<\/p>\n<p style=\"text-align: justify;\"><span style=\"font-size: 14pt; font-family: 'times new roman', times, serif; color: #000000;\"><strong><em>\u00c9glise r\u00e9form\u00e9e de Rousses &#8211; S\u00e9ance du consistoire du 4 f\u00e9vrier 1821 Construction du temple Ce jourd\u2019hui 4 f\u00e9vrier 1821 les pasteurs, ancien et diacres composant le consistoire particulier de l\u2019\u00e9glise de Rousses, se sont r\u00e9unis dans le lieu ordinaire de leurs s\u00e9ances, \u00e0 l\u2019effet de prendre des mesures pour construire un temple pour la c\u00e9l\u00e9bration du culte. Dans cette s\u00e9ance ont \u00e9t\u00e9 arr\u00eat\u00e9s les articles suivant<\/em><\/strong><\/span><\/p>\n<p style=\"text-align: justify;\"><span style=\"font-size: 14pt; font-family: 'times new roman', times, serif; color: #000000;\"><strong><em>Article 1 er . En attendant un secours du gouvernement, les fid\u00e8les seront exhort\u00e9s \u00e0 faire des souscriptions volontaires pour la construction d\u2019un temple dans la commune de Rousses.<\/em><\/strong><\/span><\/p>\n<p style=\"text-align: justify;\"><span style=\"font-size: 14pt; font-family: 'times new roman', times, serif; color: #000000;\"><strong><em>Art. 2. Un registre sera ouvert \u00e0 cet effet.<\/em><\/strong><\/span><\/p>\n<p style=\"text-align: justify;\"><span style=\"font-size: 14pt; font-family: 'times new roman', times, serif; color: #000000;\"><strong><em>Art. 3. Les souscripteurs signeront au bas de la note du montant de leurs souscriptions.<\/em><\/strong><\/span><\/p>\n<p style=\"text-align: justify;\"><span style=\"font-size: 14pt; font-family: 'times new roman', times, serif; color: #000000;\"><strong><em>Art. 4. Ceux des souscripteurs qui ne sauront pas signer d\u00e9clareront devant deux t\u00e9moins au moins pour quelle somme ils veulent souscrire. Art. 5. Les souscriptions en nature seront agr\u00e9\u00e9es telles que journ\u00e9es, boisages, mat\u00e9riaux quelconques &amp;c. art. 6. Afin que les travaux se poursuivent avec activit\u00e9, les souscripteurs s\u2019engagent \u00e0 acquitter le montant de leurs souscriptions, d\u00e8s qu\u2019ils y seront invit\u00e9s par le consistoire.<\/em><\/strong><\/span><\/p>\n<p style=\"text-align: justify;\"><span style=\"font-size: 14pt; font-family: 'times new roman', times, serif; color: #000000;\"><strong><em>Art. 7. Le mode de perception des souscriptions, sera r\u00e9gl\u00e9 par une d\u00e9lib\u00e9ration du consistoire.<\/em><\/strong><\/span><\/p>\n<p style=\"text-align: justify;\"><span style=\"font-size: 14pt; font-family: 'times new roman', times, serif; color: #000000;\"><strong><em>Art. 8. Les souscripteurs s\u2019engagent \u00e0 \u00eatre poursuivis devant les tribunaux, dans le cas o\u00f9 ils n\u2019acquitteraient pas le montant de leurs souscriptions.<\/em><\/strong><\/span><\/p>\n<p style=\"text-align: justify;\"><span style=\"font-size: 14pt; font-family: 'times new roman', times, serif; color: #000000;\"><strong><em>Art. 9. Les poursuites seront dirig\u00e9es \u00e0 la requ\u00eate du consistoire, ou de tel individu, auquel il jugera \u00e0 propos de d\u00e9l\u00e9guer ses pouvoirs.<\/em><\/strong><\/span><\/p>\n<p style=\"text-align: justify;\"><span style=\"font-size: 14pt; font-family: 'times new roman', times, serif; color: #000000;\"><strong><em>Art. 10. La pr\u00e9sente d\u00e9lib\u00e9ration sera plac\u00e9e en t\u00eate du registre des souscriptions, et il en sera donn\u00e9 lecture \u00e0 tous les souscripteurs. En terminant cette s\u00e9ance le pasteur d\u00e9clare que pour favoriser l\u2019\u00e9glise de Rousses et lui donner une preuve de l\u2019int\u00e9r\u00eat qu\u2019il met \u00e0 la construction du temple, il c\u00e8de pour l\u2019ann\u00e9e o\u00f9 cette construction aura lieu la moiti\u00e9 du suppl\u00e9ment qui lui est fait par l\u2019\u00e9glise de Rousses et qu\u2019en cons\u00e9quence il n\u2019exigera que cinquante francs pour la dite ann\u00e9e. Fait en assembl\u00e9e de consistoire les jours mois et an que dessus et ont les d\u00e9lib\u00e9rants sign\u00e9. Vincent pasteur, Rouquette, Maurin, Dev\u00e8ze, Aur\u00e8s<\/em><\/strong><\/span><\/p>\n<p style=\"text-align: justify;\"><span style=\"font-size: 14pt; font-family: 'times new roman', times, serif; color: #000000;\"><strong><em>Noms des souscripteurs \u00a0\u00a0\u00a0\u00a0\u00a0\u00a0\u00a0 \u00a0\u00a0\u00a0\u00a0\u00a0\u00a0\u00a0\u00a0\u00a0\u00a0\u00a0\u00a0\u00a0\u00a0\u00a0\u00a0\u00a0\u00a0\u00a0\u00a0\u00a0\u00a0\u00a0 Engagement des souscripteurs Souscriptions en nature<\/em><\/strong><\/span><\/p>\n<p style=\"text-align: justify;\"><span style=\"font-size: 14pt; font-family: 'times new roman', times, serif; color: #000000;\"><strong><em>Rouquette Jean David maire et ancien \u00a0\u00a0\u00a0\u00a0\u00a0\u00a0\u00a0\u00a0 4 journ\u00e9es de cheval<\/em><\/strong><\/span><\/p>\n<p style=\"text-align: justify;\"><span style=\"font-size: 14pt; font-family: 'times new roman', times, serif; color: #000000;\"><strong><em>Daunis David de Rousses \u00a0\u00a0\u00a0\u00a0\u00a0\u00a0\u00a0\u00a0\u00a0\u00a0\u00a0\u00a0\u00a0\u00a0\u00a0\u00a0\u00a0\u00a0\u00a0\u00a0\u00a0\u00a0\u00a0\u00a0\u00a0\u00a0\u00a0\u00a0 2 journ\u00e9es de cheval pour porter des mat\u00e9riaux<\/em><\/strong><\/span><\/p>\n<p style=\"text-align: justify;\"><span style=\"font-size: 14pt; font-family: 'times new roman', times, serif; color: #000000;\"><strong><em>Saumade Jean Pierre de Massevaques \u00a0\u00a0\u00a0\u00a0\u00a0\u00a0\u00a0\u00a0 1 journ\u00e9e de cheval Malaval<\/em><\/strong><\/span><\/p>\n<p style=\"text-align: justify;\"><span style=\"font-size: 14pt; font-family: 'times new roman', times, serif; color: #000000;\"><strong><em>Louis Samuel de Massevaques \u00a0\u00a0\u00a0\u00a0\u00a0\u00a0\u00a0\u00a0\u00a0\u00a0\u00a0\u00a0\u00a0\u00a0\u00a0\u00a0\u00a0\u00a0\u00a0\u00a0 3 journ\u00e9es de cheval<\/em><\/strong><\/span><\/p>\n<p style=\"text-align: justify;\"><span style=\"font-size: 14pt; font-family: 'times new roman', times, serif; color: #000000;\"><strong><em>Roussel Louis de Massevaques \u00a0\u00a0\u00a0\u00a0\u00a0\u00a0\u00a0\u00a0\u00a0\u00a0\u00a0\u00a0\u00a0\u00a0\u00a0\u00a0\u00a0\u00a0\u00a0 1 journ\u00e9e de cheval<\/em><\/strong><\/span><\/p>\n<p style=\"text-align: justify;\"><span style=\"font-size: 14pt; font-family: 'times new roman', times, serif; color: #000000;\"><strong><em>Laget Louis \u00a0\u00a0\u00a0\u00a0\u00a0\u00a0\u00a0\u00a0\u00a0\u00a0\u00a0\u00a0\u00a0\u00a0\u00a0\u00a0\u00a0\u00a0\u00a0\u00a0\u00a0\u00a0\u00a0\u00a0\u00a0\u00a0\u00a0\u00a0\u00a0\u00a0\u00a0\u00a0\u00a0\u00a0\u00a0\u00a0\u00a0\u00a0\u00a0\u00a0\u00a0\u00a0\u00a0\u00a0\u00a0\u00a0\u00a0\u00a0\u00a0\u00a0 2 journ\u00e9es de cheval<\/em><\/strong><\/span><\/p>\n<p style=\"text-align: justify;\"><span style=\"font-size: 14pt; font-family: 'times new roman', times, serif; color: #000000;\"><strong><em>la veuve d\u2019Antoine Malaval de Massevaques 5 journ\u00e9es<\/em><\/strong><\/span><\/p>\n<p style=\"text-align: justify;\"><span style=\"font-size: 14pt; font-family: 'times new roman', times, serif; color: #000000;\"><strong><em>ne sachant sign\u00e9<\/em><\/strong><\/span><\/p>\n<p style=\"text-align: justify;\"><span style=\"font-size: 14pt; font-family: 'times new roman', times, serif; color: #000000;\"><strong><em>Saumade Jean Pierre \u00a0\u00a0\u00a0\u00a0\u00a0\u00a0\u00a0\u00a0\u00a0\u00a0\u00a0\u00a0 \u00a0\u00a0\u00a0\u00a0\u00a0\u00a0\u00a0\u00a0\u00a0\u00a0\u00a0\u00a0\u00a0\u00a0\u00a0\u00a0\u00a0\u00a0\u00a0\u00a0\u00a0\u00a0\u00a0\u00a0\u00a0\u00a0\u00a0\u00a0\u00a0\u00a0\u00a0\u00a0\u00a0\u00a0 1 journ\u00e9e de cheval<\/em><\/strong><\/span><\/p>\n<p style=\"text-align: justify;\"><span style=\"font-size: 14pt; font-family: 'times new roman', times, serif; color: #000000;\"><strong><em>Agulhon Pierre fils \u00e0 Pierre du lieu de Rousses \u00a0\u00a0\u00a0\u00a0\u00a0\u00a0 2 journ\u00e9es de cheval<\/em><\/strong><\/span><\/p>\n<p style=\"text-align: justify;\"><span style=\"font-size: 14pt; font-family: 'times new roman', times, serif; color: #000000;\"><strong><em>Arig\u00e8s \u00c9tienne des Ablatas \u00a0\u00a0 \u00a0\u00a0\u00a0\u00a0\u00a0\u00a0\u00a0\u00a0\u00a0\u00a0\u00a0\u00a0\u00a0\u00a0\u00a0\u00a0\u00a0\u00a0\u00a0\u00a0\u00a0\u00a0\u00a0\u00a0\u00a0\u00a0\u00a0\u00a0\u00a0\u00a0\u00a0\u00a0\u00a0\u00a0 1 poutre<\/em><\/strong><\/span><\/p>\n<p style=\"text-align: justify;\"><span style=\"font-size: 14pt; font-family: 'times new roman', times, serif; color: #000000;\"><strong><em>Lafourtit Jean de Moncamp \u00a0 \u00a0\u00a0\u00a0\u00a0\u00a0\u00a0\u00a0\u00a0\u00a0\u00a0\u00a0\u00a0\u00a0\u00a0\u00a0\u00a0\u00a0\u00a0\u00a0\u00a0\u00a0\u00a0\u00a0\u00a0\u00a0\u00a0\u00a0\u00a0\u00a0\u00a0\u00a0\u00a0\u00a0\u00a0 1 journ\u00e9e d\u2019une paire de b\u0153uf<\/em><\/strong><\/span><\/p>\n<p style=\"text-align: justify;\"><span style=\"font-size: 14pt; font-family: 'times new roman', times, serif; color: #000000;\"><strong><em>Pin Louis de Moncamp \u00a0\u00a0\u00a0\u00a0\u00a0\u00a0\u00a0\u00a0\u00a0\u00a0\u00a0\u00a0\u00a0\u00a0\u00a0\u00a0\u00a0\u00a0\u00a0\u00a0 \u00a0\u00a0\u00a0\u00a0\u00a0\u00a0\u00a0\u00a0\u00a0\u00a0\u00a0\u00a0\u00a0\u00a0\u00a0\u00a0\u00a0\u00a0\u00a0\u00a0\u00a0\u00a0\u00a0 1 journ\u00e9e d\u2019une paire de b\u0153uf<\/em><\/strong><\/span><\/p>\n<p style=\"text-align: justify;\"><span style=\"font-size: 14pt; font-family: 'times new roman', times, serif; color: #000000;\"><strong><em>Libourel Louis de Rousses \u00a0\u00a0 \u00a0\u00a0\u00a0\u00a0\u00a0\u00a0\u00a0\u00a0\u00a0\u00a0\u00a0\u00a0\u00a0\u00a0\u00a0\u00a0\u00a0\u00a0\u00a0\u00a0\u00a0\u00a0\u00a0\u00a0\u00a0\u00a0\u00a0\u00a0\u00a0\u00a0\u00a0\u00a0\u00a0\u00a0 2 poutres Broussous<\/em><\/strong><\/span><\/p>\n<p style=\"text-align: justify;\"><span style=\"font-size: 14pt; font-family: 'times new roman', times, serif; color: #000000;\"><strong><em>Jean Pierre du ch\u00e2teau fermier \u00a0\u00a0\u00a0\u00a0\u00a0\u00a0\u00a0\u00a0 \u00a0\u00a0\u00a0\u00a0\u00a0\u00a0\u00a0\u00a0\u00a0\u00a0\u00a0\u00a0\u00a0\u00a0\u00a0\u00a0\u00a0\u00a0\u00a0\u00a0\u00a0\u00a0\u00a0 1 journ\u00e9e de cheval Adh\u00e9ran<\/em><\/strong><\/span><\/p>\n<p style=\"text-align: justify;\"><span style=\"font-size: 14pt; font-family: 'times new roman', times, serif; color: #000000;\"><strong><em>\u00c9tienne de la Bastide \u00a0\u00a0\u00a0\u00a0\u00a0\u00a0\u00a0\u00a0\u00a0\u00a0\u00a0\u00a0\u00a0\u00a0\u00a0\u00a0\u00a0\u00a0\u00a0\u00a0\u00a0\u00a0\u00a0 \u00a0\u00a0\u00a0\u00a0\u00a0\u00a0\u00a0\u00a0\u00a0\u00a0\u00a0\u00a0\u00a0\u00a0\u00a0\u00a0\u00a0\u00a0\u00a0\u00a0\u00a0\u00a0\u00a0 je m\u2019engage \u00e0 porter 4 chars de pierre de taille pour la construction du temple de la commune de Rousses<\/em><\/strong><\/span><\/p>\n<p style=\"text-align: justify;\">\n<p style=\"text-align: justify;\"><span style=\"font-size: 14pt; font-family: 'times new roman', times, serif; color: #000000;\"><strong><em>Note de l\u2019augmentation des souscripteurs<\/em><\/strong><\/span><\/p>\n<p style=\"text-align: justify;\"><span style=\"font-size: 14pt; font-family: 'times new roman', times, serif; color: #000000;\"><strong><em>Louis Pic de Rousses 1 septembre 1822<\/em><\/strong><\/span><\/p>\n<p style=\"text-align: justify;\"><span style=\"font-size: 14pt; font-family: 'times new roman', times, serif; color: #000000;\"><strong><em>Assembl\u00e9e du consistoire du 17 mars 1821 Ce jourd\u2019hui le pasteur, anciens, et diacres soussign\u00e9s de l\u2019\u00e9glise de Rousses, r\u00e9unis dans le lieu ordinaire de leurs s\u00e9ances, en ex\u00e9cution de l\u2019article 7 de la d\u00e9lib\u00e9ration plac\u00e9e en t\u00eate du pr\u00e9sent registre, ont arr\u00eat\u00e9 ce qui suit :<\/em><\/strong><\/span><\/p>\n<p style=\"text-align: justify;\"><span style=\"font-size: 14pt; font-family: 'times new roman', times, serif; color: #000000;\"><strong><em>Article 1 er . Messieurs Jean David Rouquette ancien, et maire de la commune et Jean Aur\u00e8s des Ablatats adjoint du maire, sont nomm\u00e9s percepteurs et tr\u00e9soriers du montant des souscriptions des fid\u00e8les pour la construction du temple de Rousses.<\/em><\/strong><\/span><\/p>\n<p style=\"text-align: justify;\"><span style=\"font-size: 14pt; font-family: 'times new roman', times, serif; color: #000000;\"><strong><em>Article 2. Pouvoir leur est donn\u00e9 de lever les souscriptions des fid\u00e8les et d\u2019en fournir des re\u00e7us que le consistoire d\u00e9clare bons et valables.<\/em><\/strong><\/span><\/p>\n<p style=\"text-align: justify;\"><span style=\"font-size: 14pt; font-family: 'times new roman', times, serif; color: #000000;\"><strong><em>Article 3. Les dits Jean David Rouquette et Jean Aur\u00e8s sont encore autoris\u00e9s en tant que de besoin \u00e0 conclure tous march\u00e9s pour acheter boisages, acheaux 1 etc. qui doivent \u00eatre fournis aux entrepreneurs du temple.<\/em><\/strong><\/span><\/p>\n<p style=\"text-align: justify;\"><span style=\"font-size: 14pt; font-family: 'times new roman', times, serif; color: #000000;\"><strong><em>Article 4. Le consistoire ne pouvant se r\u00e9unir tous les jours pour d\u00e9livrer des mandats, les dits Jean David Rouquette et Jean Aur\u00e8s sont autoris\u00e9s \u00e0 payer des fonds qu\u2019ils auront en bourse les achats qu\u2019ils pourront faire relatifs \u00e0 la construction du temple, sauf \u00e0 justifier de l\u2019emploi des fonds dont ils demanderont \u00e0 \u00eatre lib\u00e9r\u00e9s.<\/em><\/strong><\/span><\/p>\n<p style=\"text-align: justify;\"><span style=\"font-size: 14pt; font-family: 'times new roman', times, serif; color: #000000;\"><strong><em>Article 5. Le consistoire d\u00e9l\u00e8gue tous ses pouvoirs aux dits Jean Baptiste Rouquette et Jean Aur\u00e8s pour poursuivre en justice ceux qui refuseraient d\u2019acquitter le montant de leurs souscriptions. Fait en assembl\u00e9e de consistoire le 17 mars 1821 et ont les d\u00e9lib\u00e9rants sign\u00e9 Carri\u00e8re. Vincent pasteur, Molines, Rouquette, Dev\u00e8ze, Aur\u00e8s, Pin, Libourel<\/em><\/strong><\/span><\/p>\n<p style=\"text-align: justify;\"><span style=\"font-size: 14pt; font-family: 'times new roman', times, serif; color: #000000;\"><strong><em>S\u00e9ance du consistoire 1er septembre 1822<\/em><\/strong><\/span><\/p>\n<p style=\"text-align: justify;\"><span style=\"font-size: 14pt; font-family: 'times new roman', times, serif; color: #000000;\"><strong><em>Ce jourd\u2019hui 1 er septembre 1822 le pasteur, l\u2019ancien et les diacres soussign\u00e9s composant le consistoire particulier de l\u2019\u00e9glise de Rousses, \u00e9tant r\u00e9unis dans le lieu ordinaire de leurs s\u00e9ances. Un membre a observ\u00e9 que le consistoire n\u2019avait point encore pris de d\u00e9lib\u00e9ration pour fixer la place des bancs que les fid\u00e8les veulent faire construire dans le temple ; qu\u2019il \u00e9tait d\u2019autant plus urgent de prendre cette d\u00e9lib\u00e9ration que plusieurs membres de l\u2019\u00e9glise ne voulaient faire des souscriptions, ou augmenter celles qu\u2019ils ont d\u00e9j\u00e0 faites, sans savoir auparavant quel sera le mode que le consistoire adoptera pour fixer la place des bancs. Le consistoire d\u00e9lib\u00e9rant \u00e0 ce sujet, a arr\u00eat\u00e9 \u00e0 l\u2019unanimit\u00e9 que l\u2019on prendrait pour base de la fixation des places les souscriptions qui ont \u00e9t\u00e9 faites pour la construction des places et qu\u2019en cons\u00e9quence la cote de chacun d\u00e9ciderait de la place de son banc ; et que par exemple le plus fort souscripteur aurait le premier choix ; le second de suite etc. le sort ne pourra \u00eatre appliqu\u00e9 qu\u2019\u00e0 ceux dont les souscriptions se trouveraient \u00e9gales. Fait les jours, mois et an que dessus et ont les d\u00e9lib\u00e9rants sign\u00e9.<\/em><\/strong><\/span><\/p>\n<p style=\"text-align: justify;\"><span style=\"font-size: 14pt; font-family: 'times new roman', times, serif; color: #000000;\"><strong><em>Vincent pasteur, Malaval, Molines, Dev\u00e8ze, Aur\u00e8s, Agulhon, Agulhon, Rouquette ancien<\/em><\/strong><\/span><\/p>\n<p style=\"text-align: justify;\"><span style=\"font-size: 14pt; font-family: 'times new roman', times, serif; color: #000000;\"><strong><em>1 Occitan pour \u00ab chaux \u00bb.<\/em><\/strong><\/span><\/p>\n<p style=\"text-align: right;\"><span style=\"font-family: 'times new roman', times, serif; font-size: 12pt; color: #000000;\"><strong><em>Document transcrit par G\u00e9rard Caillat<\/em><\/strong><\/span><\/p>\n<p>[\/et_pb_text][\/et_pb_column][\/et_pb_row][\/et_pb_section]<\/p>\n","protected":false},"excerpt":{"rendered":"<p><div class=\"et_pb_module lwp_divi_breadcrumbs lwp_divi_breadcrumbs_0\">\n\t\t\t\t\n\t\t\t\t\n\t\t\t\t\n\t\t\t\t\n\t\t\t\t\n\t\t\t\t\n\t\t\t\t<div class=\"et_pb_module_inner\">\n\t\t\t\t\t<div class=\"lwp-breadcrumbs\"><span class=\"before-icon et-pb-icon\">\ue074<\/span> <span class=\"before\"><\/span> <span vocab=\"https:\/\/schema.org\/\" typeof=\"BreadcrumbList\"><span property=\"itemListElement\" typeof=\"ListItem\"><a property=\"item\" typeof=\"WebPage\" href=\"https:\/\/roussesinfo.fr\/patrimoine\/\" class=\"home\"><span property=\"name\">Home<\/span><\/a><meta property=\"position\" content=\"1\"><\/span> <span class=\"separator et-pb-icon\">&#x39;<\/span> <\/span><\/div>\n\t\t\t\t<\/div>\n\t\t\t<\/div>1821 Souscription pour la construction du temple\u00c9glise r\u00e9form\u00e9e de Rousses &#8211; S\u00e9ance du consistoire du 4 f\u00e9vrier 1821 Construction du temple Ce jourd\u2019hui 4 f\u00e9vrier 1821 les pasteurs, ancien et diacres composant le consistoire particulier de l\u2019\u00e9glise de [&hellip;]<\/p>\n","protected":false},"author":1,"featured_media":0,"parent":1768,"menu_order":0,"comment_status":"closed","ping_status":"closed","template":"","meta":{"_et_pb_use_builder":"on","_et_pb_old_content":"","_et_gb_content_width":"","footnotes":""},"class_list":["post-1012","page","type-page","status-publish","hentry"],"_links":{"self":[{"href":"https:\/\/roussesinfo.fr\/patrimoine\/wp-json\/wp\/v2\/pages\/1012","targetHints":{"allow":["GET"]}}],"collection":[{"href":"https:\/\/roussesinfo.fr\/patrimoine\/wp-json\/wp\/v2\/pages"}],"about":[{"href":"https:\/\/roussesinfo.fr\/patrimoine\/wp-json\/wp\/v2\/types\/page"}],"author":[{"embeddable":true,"href":"https:\/\/roussesinfo.fr\/patrimoine\/wp-json\/wp\/v2\/users\/1"}],"replies":[{"embeddable":true,"href":"https:\/\/roussesinfo.fr\/patrimoine\/wp-json\/wp\/v2\/comments?post=1012"}],"version-history":[{"count":0,"href":"https:\/\/roussesinfo.fr\/patrimoine\/wp-json\/wp\/v2\/pages\/1012\/revisions"}],"up":[{"embeddable":true,"href":"https:\/\/roussesinfo.fr\/patrimoine\/wp-json\/wp\/v2\/pages\/1768"}],"wp:attachment":[{"href":"https:\/\/roussesinfo.fr\/patrimoine\/wp-json\/wp\/v2\/media?parent=1012"}],"curies":[{"name":"wp","href":"https:\/\/api.w.org\/{rel}","templated":true}]}}