{"id":1024,"date":"2022-08-25T14:39:53","date_gmt":"2022-08-25T13:39:53","guid":{"rendered":"https:\/\/roussesinfo.fr\/patrimoine\/?page_id=1024"},"modified":"2025-08-30T08:16:48","modified_gmt":"2025-08-30T07:16:48","slug":"1877-rapport-sur-les-truites-du-tarnon","status":"publish","type":"page","link":"https:\/\/roussesinfo.fr\/patrimoine\/activites-militaires-et-chasse\/1877-rapport-sur-les-truites-du-tarnon\/","title":{"rendered":"1877 Rapport sur les truites du Tarnon"},"content":{"rendered":"<p>[et_pb_section fb_built=\u00a0\u00bb1&Prime; _builder_version=\u00a0\u00bb4.18.0&Prime; _module_preset=\u00a0\u00bbdefault\u00a0\u00bb background_image=\u00a0\u00bbhttps:\/\/roussesinfo.fr\/patrimoine\/wp-content\/uploads\/2022\/08\/Textures-parcemin_01-scaled.jpg\u00a0\u00bb custom_padding=\u00a0\u00bb15px|||||\u00a0\u00bb global_colors_info=\u00a0\u00bb{}\u00a0\u00bb][et_pb_row admin_label=\u00a0\u00bbFil arianne\u00a0\u00bb _builder_version=\u00a0\u00bb4.27.4&Prime; _module_preset=\u00a0\u00bbdefault\u00a0\u00bb width=\u00a0\u00bb95%\u00a0\u00bb max_width=\u00a0\u00bb1711px\u00a0\u00bb custom_padding=\u00a0\u00bb5px|||||\u00a0\u00bb global_colors_info=\u00a0\u00bb{}\u00a0\u00bb theme_builder_area=\u00a0\u00bbpost_content\u00a0\u00bb][et_pb_column type=\u00a0\u00bb4_4&Prime; _builder_version=\u00a0\u00bb4.25.2&Prime; _module_preset=\u00a0\u00bbdefault\u00a0\u00bb global_colors_info=\u00a0\u00bb{}\u00a0\u00bb theme_builder_area=\u00a0\u00bbpost_content\u00a0\u00bb][lwp_divi_breadcrumbs use_before_icon=\u00a0\u00bbon\u00a0\u00bb before_icon=\u00a0\u00bb&#xe074;||divi||400&Prime; link_color=\u00a0\u00bb#E02B20&Prime; separator_color=\u00a0\u00bb#0C71C3&Prime; current_text_color=\u00a0\u00bb#000000&Prime; admin_label=\u00a0\u00bbFil arianne\u00a0\u00bb _builder_version=\u00a0\u00bb4.27.4&Prime; _module_preset=\u00a0\u00bbdefault\u00a0\u00bb module_font=\u00a0\u00bbTimes New Roman|600|on||||||\u00a0\u00bb module_text_color=\u00a0\u00bb#000000&Prime; module_font_size=\u00a0\u00bb19px\u00a0\u00bb custom_margin=\u00a0\u00bb2px|||||\u00a0\u00bb global_colors_info=\u00a0\u00bb{}\u00a0\u00bb theme_builder_area=\u00a0\u00bbpost_content\u00a0\u00bb][\/lwp_divi_breadcrumbs][\/et_pb_column][\/et_pb_row][et_pb_row _builder_version=\u00a0\u00bb4.18.0&Prime; _module_preset=\u00a0\u00bbdefault\u00a0\u00bb custom_padding=\u00a0\u00bb12px|||||\u00a0\u00bb global_colors_info=\u00a0\u00bb{}\u00a0\u00bb][et_pb_column type=\u00a0\u00bb4_4&Prime; _builder_version=\u00a0\u00bb4.18.0&Prime; _module_preset=\u00a0\u00bbdefault\u00a0\u00bb global_colors_info=\u00a0\u00bb{}\u00a0\u00bb][et_pb_text _builder_version=\u00a0\u00bb4.18.0&Prime; _module_preset=\u00a0\u00bbdefault\u00a0\u00bb global_colors_info=\u00a0\u00bb{}\u00a0\u00bb]<\/p>\n<p style=\"text-align: center;\"><span style=\"color: #000000;\"><strong><em><span style=\"font-family: 'times new roman', times, serif; font-size: 18pt;\">1877 Rapport sur les truites du Tarnon<\/span><\/em><\/strong><\/span><\/p>\n<p>[\/et_pb_text][et_pb_text _builder_version=\u00a0\u00bb4.18.0&Prime; _module_preset=\u00a0\u00bbdefault\u00a0\u00bb global_colors_info=\u00a0\u00bb{}\u00a0\u00bb]<\/p>\n<p style=\"text-align: justify;\"><span style=\"font-family: 'times new roman', times, serif; font-size: 14pt; color: #000000;\"><strong><em>Ponts et chauss\u00e9es, Service hydraulique, police de la p\u00eache et contravention. Rivi\u00e8re du Tarnon, r\u00e9clamation du maire de Rousses des conseillers municipaux et autres habitants de la commune. Rapport de l\u2019ing\u00e9nieur ordinaire\u00a0; N\u00b0 d\u2019ordre du registre A 611<\/em><\/strong><\/span><\/p>\n<p style=\"text-align: justify;\"><span style=\"font-family: 'times new roman', times, serif; font-size: 14pt; color: #000000;\"><strong><em>Par une demande sans date qui nous a \u00e9t\u00e9 communiqu\u00e9e le 18 mai 1877, Mr le maire de Rousses, les conseillers municipaux et dix habitants de cette commune, exposent\u00a0: que la rivi\u00e8re du Tarnon dans la travers\u00e9e de la commune de Rousses est d\u00e9peupl\u00e9e par suite des inondations et par le grand nombre de p\u00eacheurs qui se livrent fr\u00e9quemment \u00e0 la p\u00eache avec des engins prohib\u00e9s.<\/em><\/strong><\/span><\/p>\n<p style=\"text-align: justify;\"><span style=\"font-family: 'times new roman', times, serif; font-size: 14pt; color: #000000;\"><strong><em>Ils demandent que la p\u00eache soit enti\u00e8rement interdite dans la travers\u00e9e de la commune de Rousses et l\u2019autorisation de faire assermanter un garde particulier pour la constatation des d\u00e9lits.<\/em><\/strong><\/span><\/p>\n<p style=\"text-align: justify;\"><span style=\"font-family: 'times new roman', times, serif; font-size: 14pt; color: #000000;\"><strong><em>En dehors de la gendarmerie la surveillance de la p\u00eache dans le bassin du Tarn est faite par une seul garde sp\u00e9cial\u00a0: le sieur Roux en r\u00e9sidence \u00e0 Ispagnac. Il a un parcours de 12 kilom\u00e8tres, longueur trop grande pour que la surveillance exerc\u00e9e par cet agent puisse \u00eatre efficace sur tous les points de son cantonnement\u00a0; il va \u00e0 peu pr\u00e8s une fois tous les deux mois sur le Tarnon commune de Rousses.<\/em><\/strong><\/span><\/p>\n<p style=\"text-align: justify;\"><span style=\"font-family: 'times new roman', times, serif; font-size: 14pt; color: #000000;\"><strong><em>Le conseil g\u00e9n\u00e9ral dans sa s\u00e9ance de 25 ao\u00fbt 1876 a \u00e9mis le voeu de l\u2019interdiction de la p\u00eache pendant plusieurs ann\u00e9es sur diverses rivi\u00e8res ou portion de cours d\u2019eau.<\/em><\/strong><\/span><\/p>\n<p style=\"text-align: justify;\"><span style=\"font-family: 'times new roman', times, serif; font-size: 14pt; color: #000000;\"><strong><em>Monsieur l\u2019ing\u00e9nieur de Pomaret par un rapport du 16 mai 1873 proposait pour une p\u00e9riode de cinq ans la cr\u00e9ation de r\u00e9serves o\u00f9 la p\u00eache serait interdite dans ces r\u00e9serves se trouvait comprise la partie sup\u00e9rieure du Tarnon. Il n\u2019est pas intervenu de d\u00e9cisions depuis lors.<\/em><\/strong><\/span><\/p>\n<p style=\"text-align: justify;\"><span style=\"font-family: 'times new roman', times, serif; font-size: 14pt; color: #000000;\"><strong><em>L\u2019interdiction de la p\u00eache doit \u00eatre ce nous semble le r\u00e9sultat d\u2019une mesure g\u00e9n\u00e9rale et il ne nous para\u00eet pas qu\u2019on doive prendre cette mesure pour un tron\u00e7on de rivi\u00e8re situ\u00e9 au milieu de son cours.<\/em><\/strong><\/span><\/p>\n<p style=\"text-align: justify;\"><span style=\"font-family: 'times new roman', times, serif; font-size: 14pt; color: #000000;\"><strong><em>L\u2019article 2 de la loi du 15 avril 1829 code de la p\u00eache fluviale donne aux riverains le droit de p\u00eacher chacun de son c\u00f4t\u00e9 jusqu\u2019au milieu du cours d\u2019eau, ils peuvent donc avoir des gardes soit isolement soit en s\u2019associant. C\u2019est le cas des habitants de Rousses, et on ne saurait trop les encourager \u00e0 mettre en ex\u00e9cution leur projet de nomination de garde particulier\u00a0; ils apporteront ainsi un utile concours \u00e0 l\u2019administration pour la r\u00e9pression des d\u00e9lits.<\/em><\/strong><\/span><\/p>\n<p style=\"text-align: justify;\"><span style=\"font-family: 'times new roman', times, serif; font-size: 14pt; color: #000000;\"><strong><em>Florac, le 21 juillet 1877. Le conducteur charg\u00e9 provisoirement du service soussign\u00e9.<\/em><\/strong><\/span><\/p>\n<p style=\"text-align: justify;\">\n<p style=\"text-align: justify;\"><span style=\"font-family: 'times new roman', times, serif; font-size: 14pt; color: #000000;\"><strong><em>Avis de l\u2019ing\u00e9nieur en chef<\/em><\/strong><\/span><\/p>\n<p style=\"text-align: justify;\"><span style=\"font-family: 'times new roman', times, serif; font-size: 14pt; color: #000000;\"><strong><em>La demande pr\u00e9sent\u00e9e par le Conseil municipal et divers habitants de la commune de Rousses aurait pour but\u00a0:<\/em><\/strong><\/span><\/p>\n<p style=\"text-align: justify;\"><span style=\"font-family: 'times new roman', times, serif; font-size: 14pt; color: #000000;\"><strong><em>de faire interdire la p\u00eache d\u2019une mani\u00e8re absolue dans le Tarnon sur toute l\u2019\u00e9tendue de la commune de Rousses<\/em><\/strong><\/span><\/p>\n<p style=\"text-align: justify;\"><span style=\"font-family: 'times new roman', times, serif; font-size: 14pt; color: #000000;\"><strong><em>d\u2019obtenir l\u2019autorisation de faire assermenter un garde particulier pour la constatation des d\u00e9lits.<\/em><\/strong><\/span><\/p>\n<p style=\"text-align: justify;\"><span style=\"font-family: 'times new roman', times, serif; font-size: 14pt; color: #000000;\"><strong><em>la premi\u00e8re partie de cette demande ne saurait \u00eatre de notre part l\u2019objet d\u2019une proposition sp\u00e9ciale car nous avons d\u00e9j\u00e0 propos\u00e9 dans notre rapport en date du 14 mai 1866 de faire cr\u00e9er dans divers cours d\u2019eau du d\u00e9partement de la Loz\u00e8re,\u00a0des r\u00e9serves destin\u00e9es \u00e0 la reproduction du poisson. L\u2019administration n\u2019a pas encore statu\u00e9 \u00e0 cet \u00e9gard.<\/em><\/strong><\/span><\/p>\n<p style=\"text-align: justify;\"><span style=\"font-family: 'times new roman', times, serif; font-size: 14pt; color: #000000;\"><strong><em>Quant \u00e0 la cr\u00e9ation d\u2019un garde particulier l\u2019article 65 de la loi du 15 avril 1829 autorise les riverains \u00e0 s\u2019associer pour d\u00e9fendre leurs droits et rien ne s\u2019oppose par cons\u00e9quent \u00e0 ce qu\u2019il soit donn\u00e9 suite \u00e0 cette partie de la demande.<\/em><\/strong><\/span><\/p>\n<p style=\"text-align: justify;\"><span style=\"font-family: 'times new roman', times, serif; font-size: 14pt; color: #000000;\"><strong><em>Mende le 28 juillet 1877<\/em><\/strong><\/span><\/p>\n<p style=\"text-align: justify;\"><span style=\"font-family: 'times new roman', times, serif; font-size: 14pt; color: #000000;\"><strong><em>L\u2019ing\u00e9nieur en chef<\/em><\/strong><\/span><\/p>\n<p style=\"text-align: justify;\"><span style=\"font-family: 'times new roman', times, serif; font-size: 14pt; color: #000000;\"><strong><em>copie conforme \u00e0 l\u2019original \u00e0 la maire de Rousses le 6 ao\u00fbt 1877. Le maire Rouquette<\/em><\/strong><\/span><\/p>\n<p style=\"text-align: right;\"><span style=\"font-size: 12pt; font-family: 'times new roman', times, serif; color: #000000;\"><strong><em>Document transcrit par G\u00e9rard Caillat<\/em><\/strong><\/span><\/p>\n<p>[\/et_pb_text][\/et_pb_column][\/et_pb_row][\/et_pb_section]<\/p>\n","protected":false},"excerpt":{"rendered":"<p><div class=\"et_pb_module lwp_divi_breadcrumbs lwp_divi_breadcrumbs_0\">\n\t\t\t\t\n\t\t\t\t\n\t\t\t\t\n\t\t\t\t\n\t\t\t\t\n\t\t\t\t\n\t\t\t\t<div class=\"et_pb_module_inner\">\n\t\t\t\t\t<div class=\"lwp-breadcrumbs\"><span class=\"before-icon et-pb-icon\">\ue074<\/span> <span class=\"before\"><\/span> <span vocab=\"https:\/\/schema.org\/\" typeof=\"BreadcrumbList\"><span property=\"itemListElement\" typeof=\"ListItem\"><a property=\"item\" typeof=\"WebPage\" href=\"https:\/\/roussesinfo.fr\/patrimoine\/\" class=\"home\"><span property=\"name\">Home<\/span><\/a><meta property=\"position\" content=\"1\"><\/span> <span class=\"separator et-pb-icon\">&#x39;<\/span> <\/span><\/div>\n\t\t\t\t<\/div>\n\t\t\t<\/div>1877 Rapport sur les truites du TarnonPonts et chauss\u00e9es, Service hydraulique, police de la p\u00eache et contravention. Rivi\u00e8re du Tarnon, r\u00e9clamation du maire de Rousses des conseillers municipaux et autres habitants de la commune. Rapport de l\u2019ing\u00e9nieur ordinaire\u00a0; [&hellip;]<\/p>\n","protected":false},"author":1,"featured_media":0,"parent":1766,"menu_order":0,"comment_status":"closed","ping_status":"closed","template":"","meta":{"_et_pb_use_builder":"on","_et_pb_old_content":"","_et_gb_content_width":"","footnotes":""},"class_list":["post-1024","page","type-page","status-publish","hentry"],"_links":{"self":[{"href":"https:\/\/roussesinfo.fr\/patrimoine\/wp-json\/wp\/v2\/pages\/1024","targetHints":{"allow":["GET"]}}],"collection":[{"href":"https:\/\/roussesinfo.fr\/patrimoine\/wp-json\/wp\/v2\/pages"}],"about":[{"href":"https:\/\/roussesinfo.fr\/patrimoine\/wp-json\/wp\/v2\/types\/page"}],"author":[{"embeddable":true,"href":"https:\/\/roussesinfo.fr\/patrimoine\/wp-json\/wp\/v2\/users\/1"}],"replies":[{"embeddable":true,"href":"https:\/\/roussesinfo.fr\/patrimoine\/wp-json\/wp\/v2\/comments?post=1024"}],"version-history":[{"count":0,"href":"https:\/\/roussesinfo.fr\/patrimoine\/wp-json\/wp\/v2\/pages\/1024\/revisions"}],"up":[{"embeddable":true,"href":"https:\/\/roussesinfo.fr\/patrimoine\/wp-json\/wp\/v2\/pages\/1766"}],"wp:attachment":[{"href":"https:\/\/roussesinfo.fr\/patrimoine\/wp-json\/wp\/v2\/media?parent=1024"}],"curies":[{"name":"wp","href":"https:\/\/api.w.org\/{rel}","templated":true}]}}