{"id":1030,"date":"2022-08-25T14:43:14","date_gmt":"2022-08-25T13:43:14","guid":{"rendered":"https:\/\/roussesinfo.fr\/patrimoine\/?page_id=1030"},"modified":"2025-08-22T07:19:56","modified_gmt":"2025-08-22T06:19:56","slug":"1876-interventions-sur-les-inondations","status":"publish","type":"page","link":"https:\/\/roussesinfo.fr\/patrimoine\/activites-domestiques-alimentaires\/1876-interventions-sur-les-inondations\/","title":{"rendered":"1876 Interventions sur les inondations"},"content":{"rendered":"<p>[et_pb_section fb_built=\u00a0\u00bb1&Prime; _builder_version=\u00a0\u00bb4.18.0&Prime; _module_preset=\u00a0\u00bbdefault\u00a0\u00bb custom_padding=\u00a0\u00bb12px|||||\u00a0\u00bb global_colors_info=\u00a0\u00bb{}\u00a0\u00bb][et_pb_row admin_label=\u00a0\u00bbFil arianne\u00a0\u00bb _builder_version=\u00a0\u00bb4.27.4&Prime; _module_preset=\u00a0\u00bbdefault\u00a0\u00bb width=\u00a0\u00bb95%\u00a0\u00bb max_width=\u00a0\u00bb1711px\u00a0\u00bb custom_padding=\u00a0\u00bb5px|||||\u00a0\u00bb global_colors_info=\u00a0\u00bb{}\u00a0\u00bb theme_builder_area=\u00a0\u00bbpost_content\u00a0\u00bb][et_pb_column type=\u00a0\u00bb4_4&Prime; _builder_version=\u00a0\u00bb4.25.2&Prime; _module_preset=\u00a0\u00bbdefault\u00a0\u00bb global_colors_info=\u00a0\u00bb{}\u00a0\u00bb theme_builder_area=\u00a0\u00bbpost_content\u00a0\u00bb][lwp_divi_breadcrumbs use_before_icon=\u00a0\u00bbon\u00a0\u00bb before_icon=\u00a0\u00bb&#xe074;||divi||400&Prime; link_color=\u00a0\u00bb#E02B20&Prime; separator_color=\u00a0\u00bb#0C71C3&Prime; current_text_color=\u00a0\u00bb#000000&Prime; admin_label=\u00a0\u00bbFil arianne\u00a0\u00bb _builder_version=\u00a0\u00bb4.27.4&Prime; _module_preset=\u00a0\u00bbdefault\u00a0\u00bb module_font=\u00a0\u00bbTimes New Roman|600|on||||||\u00a0\u00bb module_text_color=\u00a0\u00bb#000000&Prime; module_font_size=\u00a0\u00bb19px\u00a0\u00bb custom_margin=\u00a0\u00bb2px|||||\u00a0\u00bb global_colors_info=\u00a0\u00bb{}\u00a0\u00bb theme_builder_area=\u00a0\u00bbpost_content\u00a0\u00bb][\/lwp_divi_breadcrumbs][\/et_pb_column][\/et_pb_row][et_pb_row _builder_version=\u00a0\u00bb4.18.0&Prime; _module_preset=\u00a0\u00bbdefault\u00a0\u00bb custom_padding=\u00a0\u00bb7px|||||\u00a0\u00bb global_colors_info=\u00a0\u00bb{}\u00a0\u00bb][et_pb_column type=\u00a0\u00bb4_4&Prime; _builder_version=\u00a0\u00bb4.18.0&Prime; _module_preset=\u00a0\u00bbdefault\u00a0\u00bb global_colors_info=\u00a0\u00bb{}\u00a0\u00bb][et_pb_text _builder_version=\u00a0\u00bb4.18.0&Prime; _module_preset=\u00a0\u00bbdefault\u00a0\u00bb global_colors_info=\u00a0\u00bb{}\u00a0\u00bb]<\/p>\n<p style=\"text-align: center;\"><span style=\"color: #000000;\"><strong><em><span style=\"font-size: 18pt; font-family: 'times new roman', times, serif;\">1876 Interventions sur les inondations<\/span><\/em><\/strong><\/span><\/p>\n<p>[\/et_pb_text][et_pb_text _builder_version=\u00a0\u00bb4.18.0&Prime; _module_preset=\u00a0\u00bbdefault\u00a0\u00bb global_colors_info=\u00a0\u00bb{}\u00a0\u00bb]<\/p>\n<p><span style=\"font-size: 14pt; font-family: 'times new roman', times, serif; color: #000000;\"><strong><em>Rousses le 4 avril 1876<\/em><\/strong><\/span><\/p>\n<p><span style=\"font-size: 14pt; font-family: 'times new roman', times, serif; color: #000000;\"><strong><em>Monsieur le Sous-Pr\u00e9fet<\/em><\/strong><\/span><\/p>\n<p style=\"text-align: justify;\"><span style=\"font-size: 14pt; font-family: 'times new roman', times, serif; color: #000000;\"><strong><em>Les inondations du mois septembre dernier a emport\u00e9 un petit pont sur le ruisseau des Ablatas \u00e0 son confluent avec le Tarnon, ce pont \u00e9tant d\u2019une utilit\u00e9 tr\u00e8s grande aux habitants des Ablatas le Prat-Nouvel et la partie basse de Rousses pour l\u2019exploitation de leurs propri\u00e9t\u00e9s ne peut \u00eatre laiss\u00e9 dans cet \u00e9tat de telle sorte que nous avons le d\u00e9sir de faire une souscription volontaire afin de pouvoir demander un secours proportionn\u00e9 au sacrifice que feront les int\u00e9ress\u00e9s afin de pouvoir r\u00e9tablir ce dit pont dont son utilit\u00e9 est si grande \u00e0 cet effet je vous prie Monsieur le Sous-Pr\u00e9fet de m\u2019envoyer le plut\u00f4t possible un imprim\u00e9 \u00e0 l\u2019effet de pouvoir faire la souscription dont s\u2019agit.<\/em><\/strong><\/span><\/p>\n<p style=\"text-align: justify;\"><span style=\"font-size: 14pt; font-family: 'times new roman', times, serif; color: #000000;\"><strong><em>Dans cette attente&#8230; le maire de Rousses Eug\u00e8ne Rouquette<\/em><\/strong><\/span><\/p>\n<p style=\"text-align: justify;\"><span style=\"font-size: 14pt; font-family: 'times new roman', times, serif; color: #000000;\"><strong><em>[au dos] Pelatan Marcantoine ma\u00e7on \u00e0 Rousses \u00e0 madame la mar\u00e9chale duchesse de MacMahon<\/em><\/strong><\/span><\/p>\n<p style=\"text-align: justify;\"><span style=\"font-size: 14pt; font-family: 'times new roman', times, serif; color: #000000;\"><strong><em>Madame<\/em><\/strong><\/span><\/p>\n<p style=\"text-align: justify;\"><span style=\"font-size: 14pt; font-family: 'times new roman', times, serif; color: #000000;\"><strong><em>A l\u2019\u00e9poque des inondations qui dans le mois de septembre dernier ravag\u00e8rent nos malheureuses contr\u00e9es, j\u2019\u00e9prouvais des dommages tr\u00e8s consid\u00e9rables dans une entreprise que j\u2019avais fait pour la construction d\u2019une digue ou chauss\u00e9e et un b\u00e9al pour l\u2019irrigation d\u2019un pred sur la rive gauche de la petite rivi\u00e8re du Tarnon, mais malheureusement l\u2019inondation et la crue du dit Tarnon fut si forte qu\u2019elle emporta le tout et particuli\u00e8rement la digue jusques dans tous ses fondements ce qui est une perte pour moi fort consid\u00e9rable attendu qu\u2019il me faut refaire le travail comme s\u2019il ni avait jamais rien eu de fait et que l\u2019entreprise que j\u2019avais faite \u00e9tait de la somme de 1800 F ne poss\u00e9dant aucune ressource autre que celle de mon travail et ayant une femme et plusieurs enfants ce seul fait me r\u00e9duit \u00e0 la mis\u00e8re.<\/em><\/strong><\/span><\/p>\n<p style=\"text-align: justify;\"><span style=\"font-size: 14pt; font-family: 'times new roman', times, serif; color: #000000;\"><strong><em>A l\u2019\u00e9poque ou Mr le contr\u00f4leur se transporta \u00e0 Rousses pour l\u2019\u00e9valuation des pertes occasionn\u00e9es par les inondations, j\u2019eus l\u2019honneur de soumettre \u00e0 Mr le maire ma juste r\u00e9clamation, mais comme je ne paye aucune contribution on ne me porte pas sur la liste des inond\u00e9s disant qu\u2019on ferait la demande au nom des propri\u00e9taires qui m\u2019avait donn\u00e9 le travail et que je profiterai de cette indemnit\u00e9, comme il s\u2019est trouv\u00e9 que les propri\u00e9taires avec qui j\u2019ai \u00e0 faire ont \u00e9t\u00e9 port\u00e9s dans la liste \u00e0 la colonne des gens ais\u00e9s ils n\u2019ont re\u00e7u aucune indemnit\u00e9 et se refusent formellement \u00e0 m\u2019indemniser et me forcent m\u00eame \u00e0 refaire le travail comme en \u00e9tant garant.<\/em><\/strong><\/span><\/p>\n<p style=\"text-align: justify;\"><span style=\"font-size: 14pt; font-family: 'times new roman', times, serif; color: #000000;\"><strong><em>Si je suis oblig\u00e9 de refaire ce travail je vais dans une g\u00eane extr\u00eame et qui sans un secours des autorit\u00e9s sup\u00e9rieures, je suis le r\u00e9p\u00e8te expos\u00e9 \u00e0 la mis\u00e8re.<\/em><\/strong><\/span><\/p>\n<p style=\"text-align: justify;\"><span style=\"font-size: 14pt; font-family: 'times new roman', times, serif; color: #000000;\"><strong><em>Daignez Madame la mar\u00e9chale en vous demandant tr\u00e8s humblement pardon de la libert\u00e9 que je prends en m\u2019adressant \u00e0 votre altesse de faire parvenir devant qui de droit ces justes et l\u00e9gitimes r\u00e9clamations appuy\u00e9es sur votre bienveillant et si puissant concours, j\u2019ai la conviction que justice me sera rendue et que je prendrai ma part des gratifications qui ont \u00e9t\u00e9 faites et cela en rapport avec l\u2019importance de mes pertes vu l\u2019int\u00e9r\u00eat qui doit inspirer ma triste position.<\/em><\/strong><\/span><\/p>\n<p style=\"text-align: justify;\"><span style=\"font-size: 14pt; font-family: 'times new roman', times, serif; color: #000000;\"><strong><em>Dans cette attente je vous offre madame la mar\u00e9chale, l\u2019assurance de ma vivre gratitude et demeure tr\u00e8s respectueusement de Madame la mar\u00e9chale le tr\u00e8s humble et tr\u00e8s d\u00e9vou\u00e9 serviteur.<\/em><\/strong><\/span><\/p>\n<p style=\"text-align: right;\"><span style=\"color: #000000;\"><em><strong><span style=\"font-family: 'times new roman', times, serif; font-size: 12pt;\">Document transcrit par G\u00e9rard Caillat<\/span><\/strong><\/em><\/span><\/p>\n<p>[\/et_pb_text][\/et_pb_column][\/et_pb_row][\/et_pb_section]<\/p>\n","protected":false},"excerpt":{"rendered":"<p><div class=\"et_pb_module lwp_divi_breadcrumbs lwp_divi_breadcrumbs_0\">\n\t\t\t\t\n\t\t\t\t\n\t\t\t\t\n\t\t\t\t\n\t\t\t\t\n\t\t\t\t\n\t\t\t\t<div class=\"et_pb_module_inner\">\n\t\t\t\t\t<div class=\"lwp-breadcrumbs\"><span class=\"before-icon et-pb-icon\">\ue074<\/span> <span class=\"before\"><\/span> <span vocab=\"https:\/\/schema.org\/\" typeof=\"BreadcrumbList\"><span property=\"itemListElement\" typeof=\"ListItem\"><a property=\"item\" typeof=\"WebPage\" href=\"https:\/\/roussesinfo.fr\/patrimoine\/\" class=\"home\"><span property=\"name\">Home<\/span><\/a><meta property=\"position\" content=\"1\"><\/span> <span class=\"separator et-pb-icon\">&#x39;<\/span> <\/span><\/div>\n\t\t\t\t<\/div>\n\t\t\t<\/div>1876 Interventions sur les inondationsRousses le 4 avril 1876 Monsieur le Sous-Pr\u00e9fet Les inondations du mois septembre dernier a emport\u00e9 un petit pont sur le ruisseau des Ablatas \u00e0 son confluent avec le Tarnon, ce pont \u00e9tant d\u2019une [&hellip;]<\/p>\n","protected":false},"author":1,"featured_media":0,"parent":1752,"menu_order":0,"comment_status":"closed","ping_status":"closed","template":"","meta":{"_et_pb_use_builder":"on","_et_pb_old_content":"","_et_gb_content_width":"","footnotes":""},"class_list":["post-1030","page","type-page","status-publish","hentry"],"_links":{"self":[{"href":"https:\/\/roussesinfo.fr\/patrimoine\/wp-json\/wp\/v2\/pages\/1030","targetHints":{"allow":["GET"]}}],"collection":[{"href":"https:\/\/roussesinfo.fr\/patrimoine\/wp-json\/wp\/v2\/pages"}],"about":[{"href":"https:\/\/roussesinfo.fr\/patrimoine\/wp-json\/wp\/v2\/types\/page"}],"author":[{"embeddable":true,"href":"https:\/\/roussesinfo.fr\/patrimoine\/wp-json\/wp\/v2\/users\/1"}],"replies":[{"embeddable":true,"href":"https:\/\/roussesinfo.fr\/patrimoine\/wp-json\/wp\/v2\/comments?post=1030"}],"version-history":[{"count":0,"href":"https:\/\/roussesinfo.fr\/patrimoine\/wp-json\/wp\/v2\/pages\/1030\/revisions"}],"up":[{"embeddable":true,"href":"https:\/\/roussesinfo.fr\/patrimoine\/wp-json\/wp\/v2\/pages\/1752"}],"wp:attachment":[{"href":"https:\/\/roussesinfo.fr\/patrimoine\/wp-json\/wp\/v2\/media?parent=1030"}],"curies":[{"name":"wp","href":"https:\/\/api.w.org\/{rel}","templated":true}]}}