{"id":113,"date":"2022-08-20T07:33:01","date_gmt":"2022-08-20T06:33:01","guid":{"rendered":"https:\/\/roussesinfo.fr\/patrimoine\/?page_id=113"},"modified":"2026-04-18T07:57:03","modified_gmt":"2026-04-18T06:57:03","slug":"diaporamas-photos","status":"publish","type":"page","link":"https:\/\/roussesinfo.fr\/patrimoine\/mediatheque\/diaporamas-photos\/","title":{"rendered":"Diaporamas &#038; Photos"},"content":{"rendered":"<p>[et_pb_section fb_built=\u00a0\u00bb1&Prime; _builder_version=\u00a0\u00bb4.18.0&Prime; _module_preset=\u00a0\u00bbdefault\u00a0\u00bb background_image=\u00a0\u00bbhttps:\/\/roussesinfo.fr\/patrimoine\/wp-content\/uploads\/2022\/08\/Textures-parcemin_02-scaled.jpg\u00a0\u00bb custom_padding=\u00a0\u00bb13px|||||\u00a0\u00bb global_colors_info=\u00a0\u00bb{}\u00a0\u00bb][et_pb_row admin_label=\u00a0\u00bbFil arianne\u00a0\u00bb _builder_version=\u00a0\u00bb4.27.4&Prime; _module_preset=\u00a0\u00bbdefault\u00a0\u00bb width=\u00a0\u00bb95%\u00a0\u00bb max_width=\u00a0\u00bb1711px\u00a0\u00bb custom_margin=\u00a0\u00bb-5px|auto||auto||\u00a0\u00bb custom_padding=\u00a0\u00bb5px||7px|||\u00a0\u00bb global_colors_info=\u00a0\u00bb{}\u00a0\u00bb][et_pb_column type=\u00a0\u00bb4_4&Prime; _builder_version=\u00a0\u00bb4.25.2&Prime; _module_preset=\u00a0\u00bbdefault\u00a0\u00bb global_colors_info=\u00a0\u00bb{}\u00a0\u00bb][lwp_divi_breadcrumbs use_before_icon=\u00a0\u00bbon\u00a0\u00bb before_icon=\u00a0\u00bb&#xe074;||divi||400&Prime; link_color=\u00a0\u00bb#E02B20&Prime; separator_color=\u00a0\u00bb#0C71C3&Prime; current_text_color=\u00a0\u00bb#000000&Prime; admin_label=\u00a0\u00bbFil arianne\u00a0\u00bb _builder_version=\u00a0\u00bb4.27.4&Prime; _module_preset=\u00a0\u00bbdefault\u00a0\u00bb module_font=\u00a0\u00bbTimes New Roman|600|on||||||\u00a0\u00bb module_text_color=\u00a0\u00bb#000000&Prime; module_font_size=\u00a0\u00bb19px\u00a0\u00bb custom_margin=\u00a0\u00bb2px|||||\u00a0\u00bb global_colors_info=\u00a0\u00bb{}\u00a0\u00bb][\/lwp_divi_breadcrumbs][\/et_pb_column][\/et_pb_row][et_pb_row _builder_version=\u00a0\u00bb4.27.4&Prime; _module_preset=\u00a0\u00bbdefault\u00a0\u00bb width=\u00a0\u00bb99%\u00a0\u00bb max_width=\u00a0\u00bb1386px\u00a0\u00bb custom_padding=\u00a0\u00bb6px|||||\u00a0\u00bb global_colors_info=\u00a0\u00bb{}\u00a0\u00bb][et_pb_column type=\u00a0\u00bb4_4&Prime; _builder_version=\u00a0\u00bb4.18.0&Prime; _module_preset=\u00a0\u00bbdefault\u00a0\u00bb global_colors_info=\u00a0\u00bb{}\u00a0\u00bb][et_pb_text admin_label=\u00a0\u00bbTitre\u00a0\u00bb _builder_version=\u00a0\u00bb4.27.4&Prime; _module_preset=\u00a0\u00bbdefault\u00a0\u00bb custom_margin=\u00a0\u00bb-5px|||||\u00a0\u00bb global_colors_info=\u00a0\u00bb{}\u00a0\u00bb]<\/p>\n<p style=\"text-align: center;\"><strong><em><span style=\"font-size: 18pt; font-family: 'times new roman', times, serif; color: #000000;\">Photos &#8211; Galerie de photos &amp; diaporamas<\/span><\/em><\/strong><\/p>\n<p>[\/et_pb_text][\/et_pb_column][\/et_pb_row][et_pb_row column_structure=\u00a0\u00bb1_2,1_2&Prime; _builder_version=\u00a0\u00bb4.27.4&Prime; _module_preset=\u00a0\u00bbdefault\u00a0\u00bb width=\u00a0\u00bb95%\u00a0\u00bb max_width=\u00a0\u00bb1621px\u00a0\u00bb custom_margin=\u00a0\u00bb-22px|auto||auto||\u00a0\u00bb custom_padding=\u00a0\u00bb28px|||||\u00a0\u00bb global_colors_info=\u00a0\u00bb{}\u00a0\u00bb][et_pb_column type=\u00a0\u00bb1_2&Prime; _builder_version=\u00a0\u00bb4.18.0&Prime; _module_preset=\u00a0\u00bbdefault\u00a0\u00bb global_colors_info=\u00a0\u00bb{}\u00a0\u00bb][et_pb_text admin_label=\u00a0\u00bbliste\u00a0\u00bb _builder_version=\u00a0\u00bb4.27.6&Prime; _module_preset=\u00a0\u00bbdefault\u00a0\u00bb custom_margin=\u00a0\u00bb-23px|||||\u00a0\u00bb custom_padding=\u00a0\u00bb|||3px||\u00a0\u00bb hover_enabled=\u00a0\u00bb0&Prime; global_colors_info=\u00a0\u00bb{}\u00a0\u00bb sticky_enabled=\u00a0\u00bb0&Prime;]<\/p>\n<ul class=\"children\">\n<li class=\"page_item page-item-4955\"><span style=\"color: #000000;\"><em><strong><span style=\"font-size: 14pt; font-family: 'times new roman', times, serif;\"><a style=\"color: #000000;\" href=\"https:\/\/roussesinfo.fr\/patrimoine\/mediatheque\/diaporamas-photos\/anciennes-cartes-postales\/\">Anciennes cartes postales<\/a><\/span><\/strong><\/em><\/span><\/li>\n<li class=\"page_item page-item-3008\"><span style=\"color: #000000;\"><em><strong><span style=\"font-size: 14pt; font-family: 'times new roman', times, serif;\"><a style=\"color: #000000;\" href=\"https:\/\/roussesinfo.fr\/patrimoine\/mediatheque\/diaporamas-photos\/chez-jeannette-epicerie\/\">Chez Jeannette- Epicerie<\/a><\/span><\/strong><\/em><\/span><\/li>\n<li class=\"page_item page-item-6413\"><span style=\"color: #000000;\"><em><strong><span style=\"font-size: 14pt; font-family: 'times new roman', times, serif;\"><a style=\"color: #000000;\" href=\"https:\/\/roussesinfo.fr\/patrimoine\/mediatheque\/diaporamas-photos\/decouvrir-linterieur-dune-maison-ancienne\/\">D\u00e9couvrir l\u2019int\u00e9rieur d\u2019une maison ancienne<\/a><\/span><\/strong><\/em><\/span><\/li>\n<li class=\"page_item page-item-5512\"><span style=\"color: #000000;\"><em><strong><span style=\"font-size: 14pt; font-family: 'times new roman', times, serif;\"><a style=\"color: #000000;\" href=\"https:\/\/roussesinfo.fr\/patrimoine\/mediatheque\/diaporamas-photos\/diaporama-propose-par-gerard-duriez\/\">Diaporama propos\u00e9 par G\u00e9rard Duriez<\/a><\/span><\/strong><\/em><\/span><\/li>\n<li class=\"page_item page-item-5504\"><span style=\"color: #000000;\"><em><strong><span style=\"font-size: 14pt; font-family: 'times new roman', times, serif;\"><a style=\"color: #000000;\" href=\"https:\/\/roussesinfo.fr\/patrimoine\/mediatheque\/diaporamas-photos\/diaporama-propose-par-martine-tocheport\/\">Diaporama propos\u00e9 par Martine Tocheport<\/a><\/span><\/strong><\/em><\/span><\/li>\n<li class=\"page_item page-item-339\"><span style=\"color: #000000;\"><em><strong><span style=\"font-size: 14pt; font-family: 'times new roman', times, serif;\"><a style=\"color: #000000;\" href=\"https:\/\/roussesinfo.fr\/patrimoine\/mediatheque\/diaporamas-photos\/foyer-rural\/\">Foyer rural<\/a><\/span><\/strong><\/em><\/span><\/li>\n<li class=\"page_item page-item-5515\"><span style=\"color: #000000;\"><em><strong><span style=\"font-size: 14pt; font-family: 'times new roman', times, serif;\"><a style=\"color: #000000;\" href=\"https:\/\/roussesinfo.fr\/patrimoine\/mediatheque\/diaporamas-photos\/la-vie-autrefois\/\">La vie autrefois.<\/a><\/span><\/strong><\/em><\/span><\/li>\n<li class=\"page_item page-item-698\"><span style=\"color: #000000;\"><em><strong><span style=\"font-size: 14pt; font-family: 'times new roman', times, serif;\"><a style=\"color: #000000;\" href=\"https:\/\/roussesinfo.fr\/patrimoine\/mediatheque\/diaporamas-photos\/les-hameaux\/\">Les hameaux<\/a><\/span><\/strong><\/em><\/span><\/li>\n<li class=\"page_item page-item-5350\"><span style=\"color: #000000;\"><em><strong><span style=\"font-size: 14pt; font-family: 'times new roman', times, serif;\"><a style=\"color: #000000;\" href=\"https:\/\/roussesinfo.fr\/patrimoine\/mediatheque\/diaporamas-photos\/personnes-agees-de-rousses\/\">Personnes \u00e2g\u00e9es de Rousses<\/a><\/span><\/strong><\/em><\/span><\/li>\n<li class=\"page_item page-item-7446\"><span style=\"color: #000000;\"><em><strong><span style=\"font-size: 14pt; font-family: 'times new roman', times, serif;\"><a style=\"color: #000000;\" href=\"https:\/\/roussesinfo.fr\/patrimoine\/mediatheque\/diaporamas-photos\/photos-archives-de-nicole-lamboley\/\">Photos archives de Nicole Lamboley<\/a><\/span><\/strong><\/em><\/span><\/li>\n<li class=\"page_item page-item-7741\"><span style=\"color: #000000;\"><em><strong><span style=\"font-size: 14pt; font-family: 'times new roman', times, serif;\"><a style=\"color: #000000;\" href=\"https:\/\/roussesinfo.fr\/patrimoine\/mediatheque\/diaporamas-photos\/photos-archives-de-la-lozere\/\">Photos archives de la lozere<\/a><\/span><\/strong><\/em><\/span><\/li>\n<li class=\"page_item page-item-5058\"><span style=\"color: #000000;\"><em><strong><span style=\"font-size: 14pt; font-family: 'times new roman', times, serif;\"><a style=\"color: #000000;\" href=\"https:\/\/roussesinfo.fr\/patrimoine\/mediatheque\/diaporamas-photos\/photos-danimaux-par-emmanuel-liegois\/\">Photos d\u2019animaux par Emmanuel Li\u00e9gois<\/a><\/span><\/strong><\/em><\/span><\/li>\n<li class=\"page_item page-item-7690\"><span style=\"color: #000000;\"><em><strong><span style=\"font-size: 14pt; font-family: 'times new roman', times, serif;\"><a style=\"color: #000000;\" href=\"https:\/\/roussesinfo.fr\/patrimoine\/mediatheque\/diaporamas-photos\/photos-dautrefois\/\">Photos d\u2019autrefois<\/a><\/span><\/strong><\/em><\/span><\/li>\n<li class=\"page_item page-item-841\"><span style=\"color: #000000;\"><em><strong><span style=\"font-size: 14pt; font-family: 'times new roman', times, serif;\"><a style=\"color: #000000;\" href=\"https:\/\/roussesinfo.fr\/patrimoine\/mediatheque\/diaporamas-photos\/photos-dhelene\/\">Photos d\u2019H\u00e9l\u00e8ne<\/a><\/span><\/strong><\/em><\/span><\/li>\n<li class=\"page_item page-item-4528\"><span style=\"color: #000000;\"><em><strong><span style=\"font-size: 14pt; font-family: 'times new roman', times, serif;\"><a style=\"color: #000000;\" href=\"https:\/\/roussesinfo.fr\/patrimoine\/mediatheque\/diaporamas-photos\/photos-insolites\/\">Photos insolites<\/a><\/span><\/strong><\/em><\/span><\/li>\n<li class=\"page_item page-item-895\"><span style=\"color: #000000;\"><em><strong><span style=\"font-size: 14pt; font-family: 'times new roman', times, serif;\"><a style=\"color: #000000;\" href=\"https:\/\/roussesinfo.fr\/patrimoine\/mediatheque\/diaporamas-photos\/quelques-objets-dautrefois\/\">Quelques objets d\u2019autrefois<\/a><\/span><\/strong><\/em><\/span><\/li>\n<li class=\"page_item page-item-5191\"><span style=\"color: #000000;\"><em><strong><span style=\"font-size: 14pt; font-family: 'times new roman', times, serif;\"><a style=\"color: #000000;\" href=\"https:\/\/roussesinfo.fr\/patrimoine\/mediatheque\/diaporamas-photos\/renovation-ancienne-maison\/\">R\u00e9novation d\u2019une vielle maison en face la fontaine du village<\/a><\/span><\/strong><\/em><\/span><\/li>\n<li class=\"page_item page-item-5518\"><span style=\"color: #000000;\"><em><strong><span style=\"font-size: 14pt; font-family: 'times new roman', times, serif;\"><a style=\"color: #000000;\" href=\"https:\/\/roussesinfo.fr\/patrimoine\/mediatheque\/diaporamas-photos\/rousses-comme-peut-etre-vous-ne-lavez-jamais-vu\/\">Rousses, comme peut \u00eatre vous ne l\u2019avez jamais vu !<\/a><\/span><\/strong><\/em><\/span><\/li>\n<li><span style=\"color: #000000;\"><em><strong><span style=\"font-size: 14pt; font-family: 'times new roman', times, serif;\"><a style=\"color: #000000;\" href=\"https:\/\/roussesinfo.fr\/patrimoine\/mediatheque\/diaporamas-photos\/rousses-sous-la-neige\/\">Rousses sous la neige<\/a><\/span><\/strong><\/em><\/span><\/li>\n<li class=\"page_item page-item-4931\"><span style=\"color: #000000;\"><em><strong><span style=\"font-size: 14pt; font-family: 'times new roman', times, serif;\"><a style=\"color: #000000;\" href=\"https:\/\/roussesinfo.fr\/patrimoine\/mediatheque\/diaporamas-photos\/trombinoscope-de-francois-letocart\/\">Trombinoscope de Fran\u00e7ois Letocart<\/a><\/span><\/strong><\/em><\/span><\/li>\n<\/ul>\n<p>[\/et_pb_text][\/et_pb_column][et_pb_column type=\u00a0\u00bb1_2&Prime; _builder_version=\u00a0\u00bb4.18.0&Prime; _module_preset=\u00a0\u00bbdefault\u00a0\u00bb global_colors_info=\u00a0\u00bb{}\u00a0\u00bb][et_pb_text _builder_version=\u00a0\u00bb4.27.4&Prime; _module_preset=\u00a0\u00bbdefault\u00a0\u00bb custom_margin=\u00a0\u00bb-44px||12px|||\u00a0\u00bb custom_padding=\u00a0\u00bb33px|||||\u00a0\u00bb global_colors_info=\u00a0\u00bb{}\u00a0\u00bb]<\/p>\n<p style=\"text-align: center;\"><span style=\"color: #000000;\"><strong><em><span style=\"font-size: 14pt; font-family: 'times new roman', times, serif;\">Notice d&rsquo;utilisation du diaporama<\/span><\/em><\/strong><\/span><\/p>\n<p style=\"text-align: center;\"><span style=\"color: #000000;\"><strong><em><span style=\"font-size: 14pt; font-family: 'times new roman', times, serif;\">Cliquer sur l&rsquo;image pour l&rsquo;agrandir<\/span><\/em><\/strong><\/span><\/p>\n<p>[\/et_pb_text][et_pb_image src=\u00a0\u00bbhttps:\/\/roussesinfo.fr\/patrimoine\/wp-content\/uploads\/2025\/02\/notice-diaporama.jpg\u00a0\u00bb title_text=\u00a0\u00bbnotice-diaporama\u00a0\u00bb show_in_lightbox=\u00a0\u00bbon\u00a0\u00bb _builder_version=\u00a0\u00bb4.27.4&Prime; _module_preset=\u00a0\u00bbdefault\u00a0\u00bb global_colors_info=\u00a0\u00bb{}\u00a0\u00bb][\/et_pb_image][\/et_pb_column][\/et_pb_row][\/et_pb_section]<\/p>\n","protected":false},"excerpt":{"rendered":"<p><div class=\"et_pb_module lwp_divi_breadcrumbs lwp_divi_breadcrumbs_0\">\n\t\t\t\t\n\t\t\t\t\n\t\t\t\t\n\t\t\t\t\n\t\t\t\t\n\t\t\t\t\n\t\t\t\t<div class=\"et_pb_module_inner\">\n\t\t\t\t\t<div class=\"lwp-breadcrumbs\"><span class=\"before-icon et-pb-icon\">\ue074<\/span> <span class=\"before\"><\/span> <span vocab=\"https:\/\/schema.org\/\" typeof=\"BreadcrumbList\"><span property=\"itemListElement\" typeof=\"ListItem\"><a property=\"item\" typeof=\"WebPage\" href=\"https:\/\/roussesinfo.fr\/patrimoine\/\" class=\"home\"><span property=\"name\">Home<\/span><\/a><meta property=\"position\" content=\"1\"><\/span> <span class=\"separator et-pb-icon\">&#x39;<\/span> <\/span><\/div>\n\t\t\t\t<\/div>\n\t\t\t<\/div>Photos &#8211; Galerie de photos &amp; diaporamas Anciennes cartes postales Chez Jeannette- Epicerie D\u00e9couvrir l\u2019int\u00e9rieur d\u2019une maison ancienne Diaporama propos\u00e9 par G\u00e9rard Duriez Diaporama propos\u00e9 par Martine Tocheport Foyer rural La vie autrefois. Les hameaux Personnes \u00e2g\u00e9es de Rousses [&hellip;]<\/p>\n","protected":false},"author":1,"featured_media":0,"parent":124,"menu_order":0,"comment_status":"closed","ping_status":"closed","template":"","meta":{"_et_pb_use_builder":"on","_et_pb_old_content":"","_et_gb_content_width":"","footnotes":""},"class_list":["post-113","page","type-page","status-publish","hentry"],"_links":{"self":[{"href":"https:\/\/roussesinfo.fr\/patrimoine\/wp-json\/wp\/v2\/pages\/113","targetHints":{"allow":["GET"]}}],"collection":[{"href":"https:\/\/roussesinfo.fr\/patrimoine\/wp-json\/wp\/v2\/pages"}],"about":[{"href":"https:\/\/roussesinfo.fr\/patrimoine\/wp-json\/wp\/v2\/types\/page"}],"author":[{"embeddable":true,"href":"https:\/\/roussesinfo.fr\/patrimoine\/wp-json\/wp\/v2\/users\/1"}],"replies":[{"embeddable":true,"href":"https:\/\/roussesinfo.fr\/patrimoine\/wp-json\/wp\/v2\/comments?post=113"}],"version-history":[{"count":1,"href":"https:\/\/roussesinfo.fr\/patrimoine\/wp-json\/wp\/v2\/pages\/113\/revisions"}],"predecessor-version":[{"id":8430,"href":"https:\/\/roussesinfo.fr\/patrimoine\/wp-json\/wp\/v2\/pages\/113\/revisions\/8430"}],"up":[{"embeddable":true,"href":"https:\/\/roussesinfo.fr\/patrimoine\/wp-json\/wp\/v2\/pages\/124"}],"wp:attachment":[{"href":"https:\/\/roussesinfo.fr\/patrimoine\/wp-json\/wp\/v2\/media?parent=113"}],"curies":[{"name":"wp","href":"https:\/\/api.w.org\/{rel}","templated":true}]}}