{"id":1756,"date":"2022-08-31T17:41:53","date_gmt":"2022-08-31T16:41:53","guid":{"rendered":"https:\/\/roussesinfo.fr\/patrimoine\/?page_id=1756"},"modified":"2025-08-22T07:36:04","modified_gmt":"2025-08-22T06:36:04","slug":"activites-industrielles","status":"publish","type":"page","link":"https:\/\/roussesinfo.fr\/patrimoine\/activites-industrielles\/","title":{"rendered":"05 &#8211; Activit\u00e9s industrielles"},"content":{"rendered":"<p>[et_pb_section fb_built=\u00a0\u00bb1&Prime; _builder_version=\u00a0\u00bb4.18.0&Prime; _module_preset=\u00a0\u00bbdefault\u00a0\u00bb background_image=\u00a0\u00bbhttps:\/\/roussesinfo.fr\/patrimoine\/wp-content\/uploads\/2022\/08\/Textures-parcemin_01-scaled.jpg\u00a0\u00bb custom_padding=\u00a0\u00bb7px|||||\u00a0\u00bb global_colors_info=\u00a0\u00bb{}\u00a0\u00bb][et_pb_row admin_label=\u00a0\u00bbFil arianne\u00a0\u00bb _builder_version=\u00a0\u00bb4.27.4&Prime; _module_preset=\u00a0\u00bbdefault\u00a0\u00bb width=\u00a0\u00bb95%\u00a0\u00bb max_width=\u00a0\u00bb1711px\u00a0\u00bb custom_padding=\u00a0\u00bb5px|||||\u00a0\u00bb hover_enabled=\u00a0\u00bb0&Prime; global_colors_info=\u00a0\u00bb{}\u00a0\u00bb sticky_enabled=\u00a0\u00bb0&Prime;][et_pb_column type=\u00a0\u00bb4_4&Prime; _builder_version=\u00a0\u00bb4.25.2&Prime; _module_preset=\u00a0\u00bbdefault\u00a0\u00bb global_colors_info=\u00a0\u00bb{}\u00a0\u00bb][lwp_divi_breadcrumbs use_before_icon=\u00a0\u00bbon\u00a0\u00bb before_icon=\u00a0\u00bb&#xe074;||divi||400&Prime; link_color=\u00a0\u00bb#E02B20&Prime; separator_color=\u00a0\u00bb#0C71C3&Prime; current_text_color=\u00a0\u00bb#000000&Prime; admin_label=\u00a0\u00bbFil arianne\u00a0\u00bb _builder_version=\u00a0\u00bb4.27.4&Prime; _module_preset=\u00a0\u00bbdefault\u00a0\u00bb module_font=\u00a0\u00bbTimes New Roman|600|on||||||\u00a0\u00bb module_text_color=\u00a0\u00bb#000000&Prime; module_font_size=\u00a0\u00bb19px\u00a0\u00bb custom_margin=\u00a0\u00bb2px|||||\u00a0\u00bb global_colors_info=\u00a0\u00bb{}\u00a0\u00bb][\/lwp_divi_breadcrumbs][\/et_pb_column][\/et_pb_row][et_pb_row _builder_version=\u00a0\u00bb4.18.0&Prime; _module_preset=\u00a0\u00bbdefault\u00a0\u00bb global_colors_info=\u00a0\u00bb{}\u00a0\u00bb][et_pb_column type=\u00a0\u00bb4_4&Prime; _builder_version=\u00a0\u00bb4.18.0&Prime; _module_preset=\u00a0\u00bbdefault\u00a0\u00bb global_colors_info=\u00a0\u00bb{}\u00a0\u00bb][et_pb_text _builder_version=\u00a0\u00bb4.25.2&Prime; _module_preset=\u00a0\u00bbdefault\u00a0\u00bb background_image=\u00a0\u00bbhttps:\/\/roussesinfo.fr\/patrimoine\/wp-content\/uploads\/2022\/08\/Textures-parcemin_01-scaled.jpg\u00a0\u00bb global_colors_info=\u00a0\u00bb{}\u00a0\u00bb]<\/p>\n<p style=\"text-align: center;\"><span style=\"color: #ff0000;\"><em><strong><span style=\"font-family: 'times new roman', times, serif; font-size: 18pt;\">Activit\u00e9s industrielles<\/span><\/strong><\/em><\/span><\/p>\n<p>[\/et_pb_text][et_pb_text _builder_version=\u00a0\u00bb4.20.4&Prime; _module_preset=\u00a0\u00bbdefault\u00a0\u00bb global_colors_info=\u00a0\u00bb{}\u00a0\u00bb]<\/p>\n<ul class=\"children\">\n<li class=\"page_item page-item-1756 page_item_has_children\"><span style=\"color: #000000;\"><strong><em><span style=\"font-size: 14pt; font-family: 'times new roman', times, serif;\"><a style=\"color: #000000;\" href=\"https:\/\/roussesinfo.fr\/patrimoine\/activites-industrielles\/\">05 \u2013 Activit\u00e9s industrielles<\/a><\/span><\/em><\/strong><\/span>\n<ul class=\"children\">\n<li class=\"page_item page-item-3213\"><span style=\"color: #000000;\"><strong><em><span style=\"font-size: 14pt; font-family: 'times new roman', times, serif;\"><a style=\"color: #000000;\" href=\"https:\/\/roussesinfo.fr\/patrimoine\/activites-industrielles\/industrie-du-bois\/\">5.3 \u2013 Industrie du bois<\/a><\/span><\/em><\/strong><\/span><\/li>\n<li class=\"page_item page-item-1405 page_item_has_children\"><span style=\"color: #000000;\"><strong><em><span style=\"font-size: 14pt; font-family: 'times new roman', times, serif;\"><a style=\"color: #000000;\" href=\"https:\/\/roussesinfo.fr\/patrimoine\/activites-industrielles\/cable-forestier\/\">C\u00e2ble forestier<\/a><\/span><\/em><\/strong><\/span>\n<ul class=\"children\">\n<li class=\"page_item page-item-1233\"><span style=\"color: #000000;\"><strong><em><span style=\"font-size: 14pt; font-family: 'times new roman', times, serif;\"><a style=\"color: #000000;\" href=\"https:\/\/roussesinfo.fr\/patrimoine\/activites-industrielles\/cable-forestier\/abattage-bois-sncf\/\">Abattage de bois, film de la SNCF<\/a><\/span><\/em><\/strong><\/span><\/li>\n<li class=\"page_item page-item-1426\"><span style=\"color: #000000;\"><strong><em><span style=\"font-size: 14pt; font-family: 'times new roman', times, serif;\"><a style=\"color: #000000;\" href=\"https:\/\/roussesinfo.fr\/patrimoine\/activites-industrielles\/cable-forestier\/felix-andiarena\/\">F\u00e9lix Andiar\u00e9na<\/a><\/span><\/em><\/strong><\/span><\/li>\n<li class=\"page_item page-item-1455\"><span style=\"color: #000000;\"><strong><em><span style=\"font-size: 14pt; font-family: 'times new roman', times, serif;\"><a style=\"color: #000000;\" href=\"https:\/\/roussesinfo.fr\/patrimoine\/activites-industrielles\/cable-forestier\/les-cablistes-italiens-dans-les-pyrenees\/\">Les cablistes Italiens dans les Pyr\u00e9n\u00e9es<\/a><\/span><\/em><\/strong><\/span><\/li>\n<\/ul>\n<\/li>\n<li class=\"page_item page-item-1244\"><span style=\"color: #000000;\"><strong><em><span style=\"font-size: 14pt; font-family: 'times new roman', times, serif;\"><a style=\"color: #000000;\" href=\"https:\/\/roussesinfo.fr\/patrimoine\/activites-industrielles\/demolition-de-la-grange-du-village\/\">D\u00e9molition de la grange du village<\/a><\/span><\/em><\/strong><\/span><\/li>\n<li class=\"page_item page-item-3039\"><span style=\"color: #000000;\"><strong><em><span style=\"font-size: 14pt; font-family: 'times new roman', times, serif;\"><a style=\"color: #000000;\" href=\"https:\/\/roussesinfo.fr\/patrimoine\/activites-industrielles\/la-culture-du-vers-a-soie-a-rousses\/\">La culture du vers \u00e0 soie \u00e0 Rousses<\/a><\/span><\/em><\/strong><\/span><\/li>\n<li class=\"page_item page-item-2711\"><span style=\"color: #000000;\"><strong><em><span style=\"font-size: 14pt; font-family: 'times new roman', times, serif;\"><a style=\"color: #000000;\" href=\"https:\/\/roussesinfo.fr\/patrimoine\/activites-industrielles\/les-rateaux-daime\/\">Les r\u00e2teaux d\u2019Aim\u00e9..<\/a><\/span><\/em><\/strong><\/span><\/li>\n<\/ul>\n<\/li>\n<\/ul>\n<p>[\/et_pb_text][\/et_pb_column][\/et_pb_row][\/et_pb_section]<\/p>\n","protected":false},"excerpt":{"rendered":"<p><div class=\"et_pb_module lwp_divi_breadcrumbs lwp_divi_breadcrumbs_0\">\n\t\t\t\t\n\t\t\t\t\n\t\t\t\t\n\t\t\t\t\n\t\t\t\t\n\t\t\t\t\n\t\t\t\t<div class=\"et_pb_module_inner\">\n\t\t\t\t\t<div class=\"lwp-breadcrumbs\"><span class=\"before-icon et-pb-icon\">\ue074<\/span> <span class=\"before\"><\/span> <span vocab=\"https:\/\/schema.org\/\" typeof=\"BreadcrumbList\"><span property=\"itemListElement\" typeof=\"ListItem\"><a property=\"item\" typeof=\"WebPage\" href=\"https:\/\/roussesinfo.fr\/patrimoine\/\" class=\"home\"><span property=\"name\">Home<\/span><\/a><meta property=\"position\" content=\"1\"><\/span> <span class=\"separator et-pb-icon\">&#x39;<\/span> <\/span><\/div>\n\t\t\t\t<\/div>\n\t\t\t<\/div>Activit\u00e9s industrielles 05 \u2013 Activit\u00e9s industrielles 5.3 \u2013 Industrie du bois C\u00e2ble forestier Abattage de bois, film de la SNCF F\u00e9lix Andiar\u00e9na Les cablistes Italiens dans les Pyr\u00e9n\u00e9es D\u00e9molition de la grange du village La culture du vers \u00e0 [&hellip;]<\/p>\n","protected":false},"author":1,"featured_media":0,"parent":0,"menu_order":0,"comment_status":"closed","ping_status":"closed","template":"","meta":{"_et_pb_use_builder":"on","_et_pb_old_content":"","_et_gb_content_width":"","footnotes":""},"class_list":["post-1756","page","type-page","status-publish","hentry"],"yoast_head":"<!-- This site is optimized with the Yoast SEO plugin v27.4 - https:\/\/yoast.com\/product\/yoast-seo-wordpress\/ -->\n<title>05 - Activit\u00e9s industrielles - Patrimoine de Rousses<\/title>\n<meta name=\"robots\" content=\"index, follow, max-snippet:-1, max-image-preview:large, max-video-preview:-1\" \/>\n<link rel=\"canonical\" href=\"https:\/\/roussesinfo.fr\/patrimoine\/activites-industrielles\/\" \/>\n<meta property=\"og:locale\" content=\"fr_FR\" \/>\n<meta property=\"og:type\" content=\"article\" \/>\n<meta property=\"og:title\" content=\"05 - Activit\u00e9s industrielles - Patrimoine de Rousses\" \/>\n<meta property=\"og:description\" content=\"Activit\u00e9s industrielles 05 \u2013 Activit\u00e9s industrielles 5.3 \u2013 Industrie du bois C\u00e2ble forestier Abattage de bois, film de la SNCF F\u00e9lix Andiar\u00e9na Les cablistes Italiens dans les Pyr\u00e9n\u00e9es D\u00e9molition de la grange du village La culture du vers \u00e0 [&hellip;]\" \/>\n<meta property=\"og:url\" content=\"https:\/\/roussesinfo.fr\/patrimoine\/activites-industrielles\/\" \/>\n<meta property=\"og:site_name\" content=\"Patrimoine de Rousses\" \/>\n<meta property=\"article:modified_time\" content=\"2025-08-22T06:36:04+00:00\" \/>\n<meta name=\"twitter:card\" content=\"summary_large_image\" \/>\n<meta name=\"twitter:label1\" content=\"Dur\u00e9e de lecture estim\u00e9e\" \/>\n\t<meta name=\"twitter:data1\" content=\"1 minute\" \/>\n<script type=\"application\/ld+json\" class=\"yoast-schema-graph\">{\"@context\":\"https:\\\/\\\/schema.org\",\"@graph\":[{\"@type\":\"WebPage\",\"@id\":\"https:\\\/\\\/roussesinfo.fr\\\/patrimoine\\\/activites-industrielles\\\/\",\"url\":\"https:\\\/\\\/roussesinfo.fr\\\/patrimoine\\\/activites-industrielles\\\/\",\"name\":\"05 - Activit\u00e9s industrielles - Patrimoine de Rousses\",\"isPartOf\":{\"@id\":\"https:\\\/\\\/roussesinfo.fr\\\/patrimoine\\\/#website\"},\"datePublished\":\"2022-08-31T16:41:53+00:00\",\"dateModified\":\"2025-08-22T06:36:04+00:00\",\"breadcrumb\":{\"@id\":\"https:\\\/\\\/roussesinfo.fr\\\/patrimoine\\\/activites-industrielles\\\/#breadcrumb\"},\"inLanguage\":\"fr-FR\",\"potentialAction\":[{\"@type\":\"ReadAction\",\"target\":[\"https:\\\/\\\/roussesinfo.fr\\\/patrimoine\\\/activites-industrielles\\\/\"]}]},{\"@type\":\"BreadcrumbList\",\"@id\":\"https:\\\/\\\/roussesinfo.fr\\\/patrimoine\\\/activites-industrielles\\\/#breadcrumb\",\"itemListElement\":[{\"@type\":\"ListItem\",\"position\":1,\"name\":\"Accueil\",\"item\":\"https:\\\/\\\/roussesinfo.fr\\\/patrimoine\\\/\"},{\"@type\":\"ListItem\",\"position\":2,\"name\":\"05 &#8211; Activit\u00e9s industrielles\"}]},{\"@type\":\"WebSite\",\"@id\":\"https:\\\/\\\/roussesinfo.fr\\\/patrimoine\\\/#website\",\"url\":\"https:\\\/\\\/roussesinfo.fr\\\/patrimoine\\\/\",\"name\":\"Patrimoine de Rousses\",\"description\":\"Patrimoine, Histoires et Souvenirs\",\"publisher\":{\"@id\":\"https:\\\/\\\/roussesinfo.fr\\\/patrimoine\\\/#\\\/schema\\\/person\\\/0bc170361239025627ae6e89178ba963\"},\"potentialAction\":[{\"@type\":\"SearchAction\",\"target\":{\"@type\":\"EntryPoint\",\"urlTemplate\":\"https:\\\/\\\/roussesinfo.fr\\\/patrimoine\\\/?s={search_term_string}\"},\"query-input\":{\"@type\":\"PropertyValueSpecification\",\"valueRequired\":true,\"valueName\":\"search_term_string\"}}],\"inLanguage\":\"fr-FR\"},{\"@type\":[\"Person\",\"Organization\"],\"@id\":\"https:\\\/\\\/roussesinfo.fr\\\/patrimoine\\\/#\\\/schema\\\/person\\\/0bc170361239025627ae6e89178ba963\",\"name\":\"admin\",\"image\":{\"@type\":\"ImageObject\",\"inLanguage\":\"fr-FR\",\"@id\":\"https:\\\/\\\/roussesinfo.fr\\\/patrimoine\\\/wp-content\\\/uploads\\\/2022\\\/08\\\/Pont-dessin_lwsoptimized.webp\",\"url\":\"https:\\\/\\\/roussesinfo.fr\\\/patrimoine\\\/wp-content\\\/uploads\\\/2022\\\/08\\\/Pont-dessin_lwsoptimized.webp\",\"contentUrl\":\"https:\\\/\\\/roussesinfo.fr\\\/patrimoine\\\/wp-content\\\/uploads\\\/2022\\\/08\\\/Pont-dessin_lwsoptimized.webp\",\"width\":514,\"height\":289,\"caption\":\"admin\"},\"logo\":{\"@id\":\"https:\\\/\\\/roussesinfo.fr\\\/patrimoine\\\/wp-content\\\/uploads\\\/2022\\\/08\\\/Pont-dessin_lwsoptimized.webp\"}}]}<\/script>\n<!-- \/ Yoast SEO plugin. -->","yoast_head_json":{"title":"05 - Activit\u00e9s industrielles - Patrimoine de Rousses","robots":{"index":"index","follow":"follow","max-snippet":"max-snippet:-1","max-image-preview":"max-image-preview:large","max-video-preview":"max-video-preview:-1"},"canonical":"https:\/\/roussesinfo.fr\/patrimoine\/activites-industrielles\/","og_locale":"fr_FR","og_type":"article","og_title":"05 - Activit\u00e9s industrielles - Patrimoine de Rousses","og_description":"Activit\u00e9s industrielles 05 \u2013 Activit\u00e9s industrielles 5.3 \u2013 Industrie du bois C\u00e2ble forestier Abattage de bois, film de la SNCF F\u00e9lix Andiar\u00e9na Les cablistes Italiens dans les Pyr\u00e9n\u00e9es D\u00e9molition de la grange du village La culture du vers \u00e0 [&hellip;]","og_url":"https:\/\/roussesinfo.fr\/patrimoine\/activites-industrielles\/","og_site_name":"Patrimoine de Rousses","article_modified_time":"2025-08-22T06:36:04+00:00","twitter_card":"summary_large_image","twitter_misc":{"Dur\u00e9e de lecture estim\u00e9e":"1 minute"},"schema":{"@context":"https:\/\/schema.org","@graph":[{"@type":"WebPage","@id":"https:\/\/roussesinfo.fr\/patrimoine\/activites-industrielles\/","url":"https:\/\/roussesinfo.fr\/patrimoine\/activites-industrielles\/","name":"05 - Activit\u00e9s industrielles - Patrimoine de Rousses","isPartOf":{"@id":"https:\/\/roussesinfo.fr\/patrimoine\/#website"},"datePublished":"2022-08-31T16:41:53+00:00","dateModified":"2025-08-22T06:36:04+00:00","breadcrumb":{"@id":"https:\/\/roussesinfo.fr\/patrimoine\/activites-industrielles\/#breadcrumb"},"inLanguage":"fr-FR","potentialAction":[{"@type":"ReadAction","target":["https:\/\/roussesinfo.fr\/patrimoine\/activites-industrielles\/"]}]},{"@type":"BreadcrumbList","@id":"https:\/\/roussesinfo.fr\/patrimoine\/activites-industrielles\/#breadcrumb","itemListElement":[{"@type":"ListItem","position":1,"name":"Accueil","item":"https:\/\/roussesinfo.fr\/patrimoine\/"},{"@type":"ListItem","position":2,"name":"05 &#8211; Activit\u00e9s industrielles"}]},{"@type":"WebSite","@id":"https:\/\/roussesinfo.fr\/patrimoine\/#website","url":"https:\/\/roussesinfo.fr\/patrimoine\/","name":"Patrimoine de Rousses","description":"Patrimoine, Histoires et Souvenirs","publisher":{"@id":"https:\/\/roussesinfo.fr\/patrimoine\/#\/schema\/person\/0bc170361239025627ae6e89178ba963"},"potentialAction":[{"@type":"SearchAction","target":{"@type":"EntryPoint","urlTemplate":"https:\/\/roussesinfo.fr\/patrimoine\/?s={search_term_string}"},"query-input":{"@type":"PropertyValueSpecification","valueRequired":true,"valueName":"search_term_string"}}],"inLanguage":"fr-FR"},{"@type":["Person","Organization"],"@id":"https:\/\/roussesinfo.fr\/patrimoine\/#\/schema\/person\/0bc170361239025627ae6e89178ba963","name":"admin","image":{"@type":"ImageObject","inLanguage":"fr-FR","@id":"https:\/\/roussesinfo.fr\/patrimoine\/wp-content\/uploads\/2022\/08\/Pont-dessin_lwsoptimized.webp","url":"https:\/\/roussesinfo.fr\/patrimoine\/wp-content\/uploads\/2022\/08\/Pont-dessin_lwsoptimized.webp","contentUrl":"https:\/\/roussesinfo.fr\/patrimoine\/wp-content\/uploads\/2022\/08\/Pont-dessin_lwsoptimized.webp","width":514,"height":289,"caption":"admin"},"logo":{"@id":"https:\/\/roussesinfo.fr\/patrimoine\/wp-content\/uploads\/2022\/08\/Pont-dessin_lwsoptimized.webp"}}]}},"_links":{"self":[{"href":"https:\/\/roussesinfo.fr\/patrimoine\/wp-json\/wp\/v2\/pages\/1756","targetHints":{"allow":["GET"]}}],"collection":[{"href":"https:\/\/roussesinfo.fr\/patrimoine\/wp-json\/wp\/v2\/pages"}],"about":[{"href":"https:\/\/roussesinfo.fr\/patrimoine\/wp-json\/wp\/v2\/types\/page"}],"author":[{"embeddable":true,"href":"https:\/\/roussesinfo.fr\/patrimoine\/wp-json\/wp\/v2\/users\/1"}],"replies":[{"embeddable":true,"href":"https:\/\/roussesinfo.fr\/patrimoine\/wp-json\/wp\/v2\/comments?post=1756"}],"version-history":[{"count":0,"href":"https:\/\/roussesinfo.fr\/patrimoine\/wp-json\/wp\/v2\/pages\/1756\/revisions"}],"wp:attachment":[{"href":"https:\/\/roussesinfo.fr\/patrimoine\/wp-json\/wp\/v2\/media?parent=1756"}],"curies":[{"name":"wp","href":"https:\/\/api.w.org\/{rel}","templated":true}]}}