{"id":2018,"date":"2022-09-03T08:22:44","date_gmt":"2022-09-03T07:22:44","guid":{"rendered":"https:\/\/roussesinfo.fr\/patrimoine\/?page_id=2018"},"modified":"2025-08-30T07:50:55","modified_gmt":"2025-08-30T06:50:55","slug":"rousses-decouverte-dun-napoleon-en-bronze","status":"publish","type":"page","link":"https:\/\/roussesinfo.fr\/patrimoine\/activites-financieres-commerciales\/rousses-decouverte-dun-napoleon-en-bronze\/","title":{"rendered":"Rousses &#8211; D\u00e9couverte d\u2019un Napol\u00e9on en bronze"},"content":{"rendered":"<p>[et_pb_section fb_built=\u00a0\u00bb1&Prime; _builder_version=\u00a0\u00bb4.18.0&Prime; _module_preset=\u00a0\u00bbdefault\u00a0\u00bb background_image=\u00a0\u00bbhttps:\/\/roussesinfo.fr\/patrimoine\/wp-content\/uploads\/2022\/08\/Textures-parcemin_01-scaled.jpg\u00a0\u00bb custom_padding=\u00a0\u00bb9px|||||\u00a0\u00bb global_colors_info=\u00a0\u00bb{}\u00a0\u00bb][et_pb_row admin_label=\u00a0\u00bbFil arianne\u00a0\u00bb _builder_version=\u00a0\u00bb4.27.4&Prime; _module_preset=\u00a0\u00bbdefault\u00a0\u00bb width=\u00a0\u00bb95%\u00a0\u00bb max_width=\u00a0\u00bb1711px\u00a0\u00bb custom_padding=\u00a0\u00bb5px|||||\u00a0\u00bb global_colors_info=\u00a0\u00bb{}\u00a0\u00bb theme_builder_area=\u00a0\u00bbpost_content\u00a0\u00bb][et_pb_column type=\u00a0\u00bb4_4&Prime; _builder_version=\u00a0\u00bb4.25.2&Prime; _module_preset=\u00a0\u00bbdefault\u00a0\u00bb global_colors_info=\u00a0\u00bb{}\u00a0\u00bb theme_builder_area=\u00a0\u00bbpost_content\u00a0\u00bb][lwp_divi_breadcrumbs use_before_icon=\u00a0\u00bbon\u00a0\u00bb before_icon=\u00a0\u00bb&#xe074;||divi||400&Prime; link_color=\u00a0\u00bb#E02B20&Prime; separator_color=\u00a0\u00bb#0C71C3&Prime; current_text_color=\u00a0\u00bb#000000&Prime; admin_label=\u00a0\u00bbFil arianne\u00a0\u00bb _builder_version=\u00a0\u00bb4.27.4&Prime; _module_preset=\u00a0\u00bbdefault\u00a0\u00bb module_font=\u00a0\u00bbTimes New Roman|600|on||||||\u00a0\u00bb module_text_color=\u00a0\u00bb#000000&Prime; module_font_size=\u00a0\u00bb19px\u00a0\u00bb custom_margin=\u00a0\u00bb2px|||||\u00a0\u00bb global_colors_info=\u00a0\u00bb{}\u00a0\u00bb theme_builder_area=\u00a0\u00bbpost_content\u00a0\u00bb][\/lwp_divi_breadcrumbs][\/et_pb_column][\/et_pb_row][et_pb_row _builder_version=\u00a0\u00bb4.18.0&Prime; _module_preset=\u00a0\u00bbdefault\u00a0\u00bb custom_padding=\u00a0\u00bb8px||12px|||\u00a0\u00bb global_colors_info=\u00a0\u00bb{}\u00a0\u00bb][et_pb_column type=\u00a0\u00bb4_4&Prime; _builder_version=\u00a0\u00bb4.18.0&Prime; _module_preset=\u00a0\u00bbdefault\u00a0\u00bb global_colors_info=\u00a0\u00bb{}\u00a0\u00bb][et_pb_text _builder_version=\u00a0\u00bb4.18.0&Prime; _module_preset=\u00a0\u00bbdefault\u00a0\u00bb global_colors_info=\u00a0\u00bb{}\u00a0\u00bb]<\/p>\n<p style=\"text-align: center;\"><span style=\"font-size: 18pt; font-family: 'times new roman', times, serif; color: #000000;\"><strong><em>Rousses\u00a0: d\u00e9couverte d\u2019un Napol\u00e9on en bronze<\/em><\/strong><\/span><\/p>\n<p>[\/et_pb_text][et_pb_text _builder_version=\u00a0\u00bb4.18.0&Prime; _module_preset=\u00a0\u00bbdefault\u00a0\u00bb global_colors_info=\u00a0\u00bb{}\u00a0\u00bb]<\/p>\n<p><span style=\"font-size: 14pt; font-family: 'times new roman', times, serif; color: #000000;\"><strong><em>Conditions de la d\u00e9couverte\u00a0: en d\u00e9sherbant pr\u00e8s du tas de pierres moyennes, j\u2019ai observ\u00e9, pos\u00e9 sur l\u2019une d\u2019elles, une pi\u00e8ce tr\u00e8s oxyd\u00e9e, assez us\u00e9e, bien \u00e9clair\u00e9e par le soleil. Ces pierres provenant des tamisages effectu\u00e9s, lors des derniers travaux dans le jardin, je ne sais pas exactement d\u2019o\u00f9 elle venait. Seule certitude, elle avait \u00e9chapp\u00e9 \u00e0 ma vigilance<\/em><\/strong>.<\/span><\/p>\n<p>[\/et_pb_text][et_pb_image src=\u00a0\u00bbhttps:\/\/roussesinfo.fr\/patrimoine\/wp-content\/uploads\/2022\/09\/piece-01.jpg\u00a0\u00bb title_text=\u00a0\u00bbpiece-01&Prime; align=\u00a0\u00bbcenter\u00a0\u00bb _builder_version=\u00a0\u00bb4.18.0&Prime; _module_preset=\u00a0\u00bbdefault\u00a0\u00bb global_colors_info=\u00a0\u00bb{}\u00a0\u00bb][\/et_pb_image][et_pb_text _builder_version=\u00a0\u00bb4.18.0&Prime; _module_preset=\u00a0\u00bbdefault\u00a0\u00bb global_colors_info=\u00a0\u00bb{}\u00a0\u00bb]<\/p>\n<p><span style=\"font-size: 14pt; font-family: 'times new roman', times, serif; color: #000000;\"><strong><em>Apr\u00e8s d\u00e9capage au vinaigre bouillant additionn\u00e9 de sel, et une brosse douce, j\u2019ai pu constater qu\u2019il s\u2019agissait d\u2019un Napol\u00e9on en bronze datant de 1854. Sa valeur faciale n\u2019\u00e9tait plus lisible.<\/em><\/strong><\/span><\/p>\n<p>[\/et_pb_text][et_pb_text _builder_version=\u00a0\u00bb4.18.0&Prime; _module_preset=\u00a0\u00bbdefault\u00a0\u00bb global_colors_info=\u00a0\u00bb{}\u00a0\u00bb]<\/p>\n<p><span style=\"font-size: 14pt; font-family: 'times new roman', times, serif; color: #000000;\"><strong><em>Caract\u00e9ristiques : diam. 25mm ; \u00e9p. +\/-0.5mm ; poids 4g. Le revers porte la lettre \u00ab A \u00bb sous l\u2019aigle imp\u00e9rial, ce qui indique qu\u2019elle a \u00e9t\u00e9 fabriqu\u00e9e \u00e0 l\u2019atelier mon\u00e9taire de Paris. La valeur en centimes n\u2019est plus lisible, mais son diam\u00e8tre indique qu\u2019il s\u2019agissait d\u2019une pi\u00e8ce de 5 centimes [1].<\/em><\/strong><\/span><strong style=\"font-size: 14px;\"><em>\u00a0<\/em><\/strong><\/p>\n<p><strong><em>A l\u2019origine, elle pesait 5g. En 1854, elle a \u00e9t\u00e9 produite \u00e0 127\u00a0676\u00a0495 exemplaires [1]. Le graveur \u00e9tait Jean Jacques BARRE (1793\/1855) [2]. Son \u00e9tat d\u2019usure (elle a perdu 20% de son poids), montre qu\u2019elle a beaucoup servi, et qu\u2019elle a certainement \u00e9t\u00e9 perdue, apr\u00e8s 1870, fin du second empire. Pi\u00e8ce d\u00e9mon\u00e9tis\u00e9e \u00e0 partir du 1\/1\/1935\u00a0[3]. <\/em><\/strong><\/p>\n<p>[\/et_pb_text][\/et_pb_column][\/et_pb_row][et_pb_row column_structure=\u00a0\u00bb1_2,1_2&Prime; _builder_version=\u00a0\u00bb4.18.0&Prime; _module_preset=\u00a0\u00bbdefault\u00a0\u00bb custom_padding=\u00a0\u00bb0px|||||\u00a0\u00bb global_colors_info=\u00a0\u00bb{}\u00a0\u00bb][et_pb_column type=\u00a0\u00bb1_2&Prime; _builder_version=\u00a0\u00bb4.18.0&Prime; _module_preset=\u00a0\u00bbdefault\u00a0\u00bb global_colors_info=\u00a0\u00bb{}\u00a0\u00bb][et_pb_image src=\u00a0\u00bbhttps:\/\/roussesinfo.fr\/patrimoine\/wp-content\/uploads\/2022\/09\/piece-02.jpg\u00a0\u00bb title_text=\u00a0\u00bbpiece-02&Prime; align=\u00a0\u00bbcenter\u00a0\u00bb _builder_version=\u00a0\u00bb4.18.0&Prime; _module_preset=\u00a0\u00bbdefault\u00a0\u00bb custom_padding=\u00a0\u00bb|4px||||\u00a0\u00bb global_colors_info=\u00a0\u00bb{}\u00a0\u00bb][\/et_pb_image][\/et_pb_column][et_pb_column type=\u00a0\u00bb1_2&Prime; _builder_version=\u00a0\u00bb4.18.0&Prime; _module_preset=\u00a0\u00bbdefault\u00a0\u00bb global_colors_info=\u00a0\u00bb{}\u00a0\u00bb][et_pb_image src=\u00a0\u00bbhttps:\/\/roussesinfo.fr\/patrimoine\/wp-content\/uploads\/2022\/09\/piece-03.jpg\u00a0\u00bb title_text=\u00a0\u00bbpiece-03&Prime; align=\u00a0\u00bbcenter\u00a0\u00bb _builder_version=\u00a0\u00bb4.18.0&Prime; _module_preset=\u00a0\u00bbdefault\u00a0\u00bb global_colors_info=\u00a0\u00bb{}\u00a0\u00bb][\/et_pb_image][\/et_pb_column][\/et_pb_row][et_pb_row column_structure=\u00a0\u00bb1_2,1_2&Prime; _builder_version=\u00a0\u00bb4.18.0&Prime; _module_preset=\u00a0\u00bbdefault\u00a0\u00bb custom_margin=\u00a0\u00bb-17px|auto||auto||\u00a0\u00bb custom_padding=\u00a0\u00bb0px|||||\u00a0\u00bb global_colors_info=\u00a0\u00bb{}\u00a0\u00bb][et_pb_column type=\u00a0\u00bb1_2&Prime; _builder_version=\u00a0\u00bb4.18.0&Prime; _module_preset=\u00a0\u00bbdefault\u00a0\u00bb global_colors_info=\u00a0\u00bb{}\u00a0\u00bb][et_pb_text _builder_version=\u00a0\u00bb4.18.0&Prime; _module_preset=\u00a0\u00bbdefault\u00a0\u00bb global_colors_info=\u00a0\u00bb{}\u00a0\u00bb]<\/p>\n<p style=\"text-align: center;\"><span style=\"color: #000000;\"><strong><span style=\"font-size: 12pt; font-family: 'times new roman', times, serif;\"><em>Pi\u00e8ce trouv\u00e9e\u00a0<\/em><\/span><\/strong><\/span><\/p>\n<p>[\/et_pb_text][\/et_pb_column][et_pb_column type=\u00a0\u00bb1_2&Prime; _builder_version=\u00a0\u00bb4.18.0&Prime; _module_preset=\u00a0\u00bbdefault\u00a0\u00bb global_colors_info=\u00a0\u00bb{}\u00a0\u00bb][et_pb_text _builder_version=\u00a0\u00bb4.18.0&Prime; _module_preset=\u00a0\u00bbdefault\u00a0\u00bb global_colors_info=\u00a0\u00bb{}\u00a0\u00bb]<\/p>\n<p style=\"text-align: center;\"><span style=\"font-size: 12pt; font-family: 'times new roman', times, serif; color: #000000;\"><strong><em>Pi\u00e8ce semblable en bon \u00e9tat<\/em><\/strong><\/span><\/p>\n<p>[\/et_pb_text][\/et_pb_column][\/et_pb_row][et_pb_row _builder_version=\u00a0\u00bb4.18.0&Prime; _module_preset=\u00a0\u00bbdefault\u00a0\u00bb custom_margin=\u00a0\u00bb-25px|auto||auto||\u00a0\u00bb global_colors_info=\u00a0\u00bb{}\u00a0\u00bb][et_pb_column type=\u00a0\u00bb4_4&Prime; _builder_version=\u00a0\u00bb4.18.0&Prime; _module_preset=\u00a0\u00bbdefault\u00a0\u00bb global_colors_info=\u00a0\u00bb{}\u00a0\u00bb][et_pb_text _builder_version=\u00a0\u00bb4.18.0&Prime; _module_preset=\u00a0\u00bbdefault\u00a0\u00bb global_colors_info=\u00a0\u00bb{}\u00a0\u00bb]<\/p>\n<p><span style=\"font-size: 14pt; font-family: 'times new roman', times, serif; color: #000000;\"><strong><em>Au cours du second empire (1852\/1870), le d\u00e9veloppement \u00e9conomique et industriel de la France sera consid\u00e9rable, au d\u00e9triment du monde rural qui se vide. Le maire de Rousses \u00e9tait Fr\u00e9d\u00e9ric Alphonse AURES (1807\/1892).<\/em><\/strong><\/span><\/p>\n<p><span style=\"font-size: 14pt; font-family: 'times new roman', times, serif; color: #000000;\"><strong><em>\u00a0<\/em><\/strong><strong><em>Au caf\u00e9, un verre de \u00ab\u00a0goutte\u00a0\u00bb vaut 5ct (1 sou), et 1 litre de vin 20ct (4 sous).<\/em><\/strong><\/span><\/p>\n<p><span style=\"font-size: 14pt; font-family: 'times new roman', times, serif; color: #000000;\"><strong><em>\u00a0<\/em><\/strong><strong><em>Sources\u00a0:<\/em><\/strong><\/span><\/p>\n<p><span style=\"font-size: 14pt; font-family: 'times new roman', times, serif; color: #000000;\">[1] <a style=\"color: #000000;\" href=\"https:\/\/www.lesfrancs.com\/second-empire.html\">Pi\u00e8ces de Monnaie du Second Empire (lesfrancs.com)<\/a>.<\/span><\/p>\n<p><span style=\"font-size: 14pt; font-family: 'times new roman', times, serif; color: #000000;\">[2] <a style=\"color: #000000;\" href=\"https:\/\/www.acmecollections.com\/la-dynastie-barre-jacques-jean-barre\/\">La Dynastie Barre : Jacques-Jean Barre | ACME Collections<\/a><\/span><\/p>\n<p><span style=\"font-size: 14pt; font-family: 'times new roman', times, serif; color: #000000;\">[3] <a style=\"color: #000000;\" href=\"http:\/\/www.infonumis.fr\/historique&amp;description\/Second_Empire\/index.htm\">Infonumis, la numismatique du Second Empire<\/a><\/span><\/p>\n<p>&nbsp;<\/p>\n<p style=\"text-align: right;\"><span style=\"font-size: 14pt; font-family: 'times new roman', times, serif; color: #000000;\"><strong><em>Jean Paul EYMERY\u00a0\u00a0 <\/em><\/strong><strong><em>(29\/03\/2021)\u00a0 \u00a0\u00a0<\/em><\/strong><\/span><\/p>\n<p>[\/et_pb_text][\/et_pb_column][\/et_pb_row][\/et_pb_section]<\/p>\n","protected":false},"excerpt":{"rendered":"<p><div class=\"et_pb_module lwp_divi_breadcrumbs lwp_divi_breadcrumbs_0\">\n\t\t\t\t\n\t\t\t\t\n\t\t\t\t\n\t\t\t\t\n\t\t\t\t\n\t\t\t\t\n\t\t\t\t<div class=\"et_pb_module_inner\">\n\t\t\t\t\t<div class=\"lwp-breadcrumbs\"><span class=\"before-icon et-pb-icon\">\ue074<\/span> <span class=\"before\"><\/span> <span vocab=\"https:\/\/schema.org\/\" typeof=\"BreadcrumbList\"><span property=\"itemListElement\" typeof=\"ListItem\"><a property=\"item\" typeof=\"WebPage\" href=\"https:\/\/roussesinfo.fr\/patrimoine\/\" class=\"home\"><span property=\"name\">Home<\/span><\/a><meta property=\"position\" content=\"1\"><\/span> <span class=\"separator et-pb-icon\">&#x39;<\/span> <\/span><\/div>\n\t\t\t\t<\/div>\n\t\t\t<\/div>Rousses\u00a0: d\u00e9couverte d\u2019un Napol\u00e9on en bronzeConditions de la d\u00e9couverte\u00a0: en d\u00e9sherbant pr\u00e8s du tas de pierres moyennes, j\u2019ai observ\u00e9, pos\u00e9 sur l\u2019une d\u2019elles, une pi\u00e8ce tr\u00e8s oxyd\u00e9e, assez us\u00e9e, bien \u00e9clair\u00e9e par le soleil. Ces pierres provenant des [&hellip;]<\/p>\n","protected":false},"author":1,"featured_media":0,"parent":1754,"menu_order":0,"comment_status":"closed","ping_status":"closed","template":"","meta":{"_et_pb_use_builder":"on","_et_pb_old_content":"","_et_gb_content_width":"","footnotes":""},"class_list":["post-2018","page","type-page","status-publish","hentry"],"_links":{"self":[{"href":"https:\/\/roussesinfo.fr\/patrimoine\/wp-json\/wp\/v2\/pages\/2018","targetHints":{"allow":["GET"]}}],"collection":[{"href":"https:\/\/roussesinfo.fr\/patrimoine\/wp-json\/wp\/v2\/pages"}],"about":[{"href":"https:\/\/roussesinfo.fr\/patrimoine\/wp-json\/wp\/v2\/types\/page"}],"author":[{"embeddable":true,"href":"https:\/\/roussesinfo.fr\/patrimoine\/wp-json\/wp\/v2\/users\/1"}],"replies":[{"embeddable":true,"href":"https:\/\/roussesinfo.fr\/patrimoine\/wp-json\/wp\/v2\/comments?post=2018"}],"version-history":[{"count":0,"href":"https:\/\/roussesinfo.fr\/patrimoine\/wp-json\/wp\/v2\/pages\/2018\/revisions"}],"up":[{"embeddable":true,"href":"https:\/\/roussesinfo.fr\/patrimoine\/wp-json\/wp\/v2\/pages\/1754"}],"wp:attachment":[{"href":"https:\/\/roussesinfo.fr\/patrimoine\/wp-json\/wp\/v2\/media?parent=2018"}],"curies":[{"name":"wp","href":"https:\/\/api.w.org\/{rel}","templated":true}]}}