{"id":2202,"date":"2022-09-05T07:11:34","date_gmt":"2022-09-05T06:11:34","guid":{"rendered":"https:\/\/roussesinfo.fr\/patrimoine\/?page_id=2202"},"modified":"2025-08-22T08:04:00","modified_gmt":"2025-08-22T07:04:00","slug":"de-que-ce-dis","status":"publish","type":"page","link":"https:\/\/roussesinfo.fr\/patrimoine\/activites-administratives-sociales-politiques\/de-que-ce-dis\/","title":{"rendered":"D\u00e9 Qu\u00e9 S\u00e9 dis"},"content":{"rendered":"<p>[et_pb_section fb_built=\u00a0\u00bb1&Prime; _builder_version=\u00a0\u00bb4.18.0&Prime; _module_preset=\u00a0\u00bbdefault\u00a0\u00bb background_image=\u00a0\u00bbhttps:\/\/roussesinfo.fr\/patrimoine\/wp-content\/uploads\/2022\/08\/fond-de-page-06.jpg\u00a0\u00bb custom_padding=\u00a0\u00bb17px|||||\u00a0\u00bb global_colors_info=\u00a0\u00bb{}\u00a0\u00bb][et_pb_row admin_label=\u00a0\u00bbFil arianne\u00a0\u00bb _builder_version=\u00a0\u00bb4.27.4&Prime; _module_preset=\u00a0\u00bbdefault\u00a0\u00bb width=\u00a0\u00bb95%\u00a0\u00bb max_width=\u00a0\u00bb1711px\u00a0\u00bb custom_padding=\u00a0\u00bb5px|||||\u00a0\u00bb global_colors_info=\u00a0\u00bb{}\u00a0\u00bb theme_builder_area=\u00a0\u00bbpost_content\u00a0\u00bb][et_pb_column type=\u00a0\u00bb4_4&Prime; _builder_version=\u00a0\u00bb4.25.2&Prime; _module_preset=\u00a0\u00bbdefault\u00a0\u00bb global_colors_info=\u00a0\u00bb{}\u00a0\u00bb theme_builder_area=\u00a0\u00bbpost_content\u00a0\u00bb][lwp_divi_breadcrumbs use_before_icon=\u00a0\u00bbon\u00a0\u00bb before_icon=\u00a0\u00bb&#xe074;||divi||400&Prime; link_color=\u00a0\u00bb#E02B20&Prime; separator_color=\u00a0\u00bb#0C71C3&Prime; current_text_color=\u00a0\u00bb#000000&Prime; admin_label=\u00a0\u00bbFil arianne\u00a0\u00bb _builder_version=\u00a0\u00bb4.27.4&Prime; _module_preset=\u00a0\u00bbdefault\u00a0\u00bb module_font=\u00a0\u00bbTimes New Roman|600|on||||||\u00a0\u00bb module_text_color=\u00a0\u00bb#000000&Prime; module_font_size=\u00a0\u00bb19px\u00a0\u00bb custom_margin=\u00a0\u00bb2px|||||\u00a0\u00bb global_colors_info=\u00a0\u00bb{}\u00a0\u00bb theme_builder_area=\u00a0\u00bbpost_content\u00a0\u00bb][\/lwp_divi_breadcrumbs][\/et_pb_column][\/et_pb_row][et_pb_row _builder_version=\u00a0\u00bb4.18.0&Prime; _module_preset=\u00a0\u00bbdefault\u00a0\u00bb width=\u00a0\u00bb90%\u00a0\u00bb max_width=\u00a0\u00bb2303px\u00a0\u00bb custom_padding=\u00a0\u00bb0px||5px|||\u00a0\u00bb global_colors_info=\u00a0\u00bb{}\u00a0\u00bb][et_pb_column type=\u00a0\u00bb4_4&Prime; _builder_version=\u00a0\u00bb4.18.0&Prime; _module_preset=\u00a0\u00bbdefault\u00a0\u00bb global_colors_info=\u00a0\u00bb{}\u00a0\u00bb][et_pb_text _builder_version=\u00a0\u00bb4.18.0&Prime; _module_preset=\u00a0\u00bbdefault\u00a0\u00bb global_colors_info=\u00a0\u00bb{}\u00a0\u00bb]<\/p>\n<p><a href=\"https:\/\/roussesinfo.fr\/patrimoine\/wp-content\/uploads\/2022\/09\/dqsd-avant.jpg\"><img class=\"wp-image-2266 alignnone  lws-optimize-lazyload\" style=\"float: left;\"  alt=\"\" width=\"614\" height=\"189\" \/ data-src=\"https:\/\/roussesinfo.fr\/patrimoine\/wp-content\/uploads\/2022\/09\/dqsd-avant-1024x315.jpg\"><\/a><\/p>\n<p><a href=\"https:\/\/www.gorgescaussescevennes.fr\/pub_bulletin_fr.html\" target=\"_blank\" rel=\"noopener\"><em><span style=\"font-size: 14pt; font-family: 'times new roman', times, serif;\"><span style=\"font-family: times new roman, times, serif;\"><span style=\"font-size: 14pt;\"><b>\u00a0 L&rsquo;ensemble des\u00a0 num\u00e9ros est consultable sur le site de la communaut\u00e9 de communes\u00a0 Lien ICI<\/b><\/span><\/span><\/span><\/em><\/a><a href=\"https:\/\/roussesinfo.fr\/patrimoine\/wp-content\/uploads\/2022\/09\/dqsd-apres.jpg\"><img class=\"wp-image-2265 alignnone size-large lws-optimize-lazyload\" style=\"float: right;\"  alt=\"\" width=\"702\" height=\"178\" \/ data-src=\"https:\/\/roussesinfo.fr\/patrimoine\/wp-content\/uploads\/2022\/09\/dqsd-apres-1024x260.jpg\"><\/a><a href=\"https:\/\/roussesinfo.fr\/patrimoine\/wp-content\/uploads\/2022\/09\/entete-modifie-a-partir-du-N9.jpg\"> \u00a0 \u00a0 \u00a0 \u00a0 \u00a0<\/a><\/p>\n<p>[\/et_pb_text][\/et_pb_column][\/et_pb_row][et_pb_row _builder_version=\u00a0\u00bb4.18.0&Prime; _module_preset=\u00a0\u00bbdefault\u00a0\u00bb custom_margin=\u00a0\u00bb-8px|auto||auto||\u00a0\u00bb custom_padding=\u00a0\u00bb6px|||||\u00a0\u00bb global_colors_info=\u00a0\u00bb{}\u00a0\u00bb][et_pb_column type=\u00a0\u00bb4_4&Prime; _builder_version=\u00a0\u00bb4.18.0&Prime; _module_preset=\u00a0\u00bbdefault\u00a0\u00bb global_colors_info=\u00a0\u00bb{}\u00a0\u00bb][et_pb_text _builder_version=\u00a0\u00bb4.18.0&Prime; _module_preset=\u00a0\u00bbdefault\u00a0\u00bb global_colors_info=\u00a0\u00bb{}\u00a0\u00bb]<\/p>\n<p style=\"text-align: center;\"><span style=\"color: #000000;\"><strong><em><span style=\"font-size: 12pt; font-family: 'times new roman', times, serif;\">Not\u00e9 la modification du nom de\u00a0 la revue lors de l&rsquo;\u00e9dition du num\u00e9ro\u00a0 9<\/span><\/em><\/strong><\/span><\/p>\n<p style=\"text-align: center;\"><span style=\"font-size: 14pt; font-family: 'times new roman', times, serif; color: #000000;\"><strong><em>Num\u00e9ros s\u00e9lectionner lorsqu&rsquo;il comportent un article sur Rousses<\/em><\/strong><\/span><\/p>\n<p>[\/et_pb_text][\/et_pb_column][\/et_pb_row][et_pb_row column_structure=\u00a0\u00bb1_4,1_2,1_4&Prime; _builder_version=\u00a0\u00bb4.18.0&Prime; _module_preset=\u00a0\u00bbdefault\u00a0\u00bb width=\u00a0\u00bb90%\u00a0\u00bb max_width=\u00a0\u00bb2299px\u00a0\u00bb custom_margin=\u00a0\u00bb-21px|auto||auto||\u00a0\u00bb global_colors_info=\u00a0\u00bb{}\u00a0\u00bb][et_pb_column type=\u00a0\u00bb1_4&Prime; _builder_version=\u00a0\u00bb4.18.0&Prime; _module_preset=\u00a0\u00bbdefault\u00a0\u00bb global_colors_info=\u00a0\u00bb{}\u00a0\u00bb][\/et_pb_column][et_pb_column type=\u00a0\u00bb1_2&Prime; _builder_version=\u00a0\u00bb4.18.0&Prime; _module_preset=\u00a0\u00bbdefault\u00a0\u00bb global_colors_info=\u00a0\u00bb{}\u00a0\u00bb][et_pb_text _builder_version=\u00a0\u00bb4.18.0&Prime; _module_preset=\u00a0\u00bbdefault\u00a0\u00bb custom_margin=\u00a0\u00bb-18px|||||\u00a0\u00bb global_colors_info=\u00a0\u00bb{}\u00a0\u00bb]<\/p>\n<p><span style=\"color: #000000;\"><strong><em><span style=\"font-family: 'times new roman', times, serif; font-size: 14pt;\"><a href=\"https:\/\/roussesinfo.fr\/patrimoine\/wp-content\/uploads\/2022\/09\/dqcd-20.pdf\" target=\"_blank\" rel=\"attachment noopener wp-att-2209\">dqcd-n-20\u00a0 <\/a>Tous au jardin \u00e0 Rousses<\/span><\/em><\/strong><\/span><\/p>\n<p><span style=\"color: #000000;\"><em><span style=\"font-family: 'times new roman', times, serif; font-size: 14pt;\"><span style=\"color: #000000; font-family: times new roman, times, serif;\"><span style=\"font-size: 14pt;\"><b><a href=\"https:\/\/roussesinfo.fr\/patrimoine\/wp-content\/uploads\/2022\/09\/dqcd-n-19.pdf\" target=\"_blank\" rel=\"attachment noopener wp-att-2226\">dqcd-n-19<\/a>\u00a0 Raid de Rousses, Une <\/b><\/span><\/span><span style=\"color: #000000; font-family: times new roman, times, serif;\"><span style=\"font-size: 18.6667px;\"><b>premi\u00e8re<\/b><\/span><\/span><span style=\"font-family: times new roman, times, serif;\"><b style=\"color: #000000; font-size: 14pt;\"> r\u00e9ussie\u00a0 \u00a0&#8211;\u00a0 Les <\/b><span style=\"color: #000000;\"><span style=\"font-size: 18.6667px;\"><b>bijoux<\/b><\/span><\/span><b style=\"color: #000000; font-size: 14pt;\"> \u00a0de\u00a0<\/b><\/span><\/span><\/em><\/span><span style=\"color: #000000; font-family: times new roman, times, serif;\"><span style=\"font-size: 18.6667px;\"><b><i>Jasmine<\/i><\/b><\/span><\/span><\/p>\n<p><span style=\"color: #000000;\"><em><span style=\"font-family: 'times new roman', times, serif; font-size: 14pt;\"><span style=\"color: #000000; font-family: times new roman, times, serif;\"><span style=\"font-size: 14pt;\"><b><a href=\"https:\/\/roussesinfo.fr\/patrimoine\/wp-content\/uploads\/2022\/09\/dqcd-n-18.pdf\" rel=\"attachment wp-att-2225\">dqcd-n-18 <\/a>\u00a0 Parc <\/b><\/span><\/span><span style=\"color: #000000; font-family: times new roman, times, serif;\"><span style=\"font-size: 18.6667px;\"><b>r\u00e9sidentiel<\/b><\/span><\/span><span style=\"color: #000000; font-family: times new roman, times, serif;\"><span style=\"font-size: 14pt;\"><b>\u00a0de loisirs<\/b><\/span><\/span><\/span><\/em><\/span><\/p>\n<p><span style=\"color: #000000;\"><strong><em><span style=\"font-family: 'times new roman', times, serif; font-size: 14pt;\"><a href=\"https:\/\/roussesinfo.fr\/patrimoine\/wp-content\/uploads\/2022\/09\/dqcd-n-17.pdf\" target=\"_blank\" rel=\"attachment noopener wp-att-2224\">dqcd-n-17<\/a><\/span><\/em><\/strong><\/span><\/p>\n<p><span style=\"color: #000000;\"><strong><em><span style=\"font-family: 'times new roman', times, serif; font-size: 14pt;\"><a href=\"https:\/\/roussesinfo.fr\/patrimoine\/wp-content\/uploads\/2022\/09\/dqcd-n-16.pdf\" target=\"_blank\" rel=\"attachment noopener wp-att-2223\">dqcd-n-16 \u00a0 <\/a>Via ferrata<\/span><\/em><\/strong><\/span><\/p>\n<p><span style=\"color: #000000;\"><strong><em><span style=\"font-family: 'times new roman', times, serif; font-size: 14pt;\"><a href=\"https:\/\/roussesinfo.fr\/patrimoine\/wp-content\/uploads\/2022\/09\/dqsd-n-15.pdf\" target=\"_blank\" rel=\"attachment noopener wp-att-2228\">dqsd-n-15<\/a>\u00a0 \u00a0Num\u00e9ro 15<\/span><\/em><\/strong><\/span>\u00a0 \u00a0 \u00a0 \u00a0 \u00a0 \u00a0 \u00a0 \u00a0 \u00a0 \u00a0 \u00a0 \u00a0 \u00a0Via errata<\/p>\n<p><span style=\"color: #000000;\"><em><span style=\"font-family: 'times new roman', times, serif; font-size: 14pt;\"><a style=\"color: #000000; font-family: 'times new roman', times, serif; font-size: 14pt; font-weight: bold;\" href=\"https:\/\/roussesinfo.fr\/patrimoine\/wp-content\/uploads\/2022\/09\/dqcd-n-14.pdf\" target=\"_blank\" rel=\"attachment noopener wp-att-2222\">dqcd-n-14 <\/a><span style=\"color: #000000; font-family: times new roman, times, serif;\"><span style=\"font-size: 14pt;\"><b>Parc <\/b><\/span><\/span><span style=\"color: #000000; font-family: times new roman, times, serif;\"><span style=\"font-size: 18.6667px;\"><b>r\u00e9sidentiel<\/b><\/span><\/span><span style=\"font-family: times new roman, times, serif;\"><b style=\"color: #000000; font-size: 14pt;\"> de loisir et b fia ferrata &#8211; un projet <\/b><span style=\"color: #000000;\"><span style=\"font-size: 18.6667px;\"><b>innovant<\/b><\/span><\/span><b style=\"color: #000000; font-size: 14pt;\"> en agriculture<\/b><\/span><\/span><\/em><\/span><\/p>\n<p><span style=\"color: #000000;\"><em><span style=\"font-family: 'times new roman', times, serif; font-size: 14pt;\"><span style=\"color: #000000; font-family: times new roman, times, serif;\"><span style=\"font-size: 14pt;\"><b><a href=\"https:\/\/roussesinfo.fr\/patrimoine\/wp-content\/uploads\/2022\/09\/dqsd-n-13.pdf\" target=\"_blank\" rel=\"attachment noopener wp-att-2227\">dqsd-n-13<\/a>\u00a0\u00a0<\/b><\/span><\/span><span style=\"color: #000000; font-family: times new roman, times, serif;\"><span style=\"font-size: 18.6667px;\"><b>Inauguration<\/b><\/span><\/span><span style=\"font-family: times new roman, times, serif;\"><b style=\"color: #000000; font-size: 14pt;\"> de la ruche &#8211; les <\/b><span style=\"color: #000000;\"><span style=\"font-size: 18.6667px;\"><b>r\u00e2teaux<\/b><\/span><\/span><b style=\"color: #000000; font-size: 14pt;\"> d&rsquo;Aim\u00e9<\/b><\/span><\/span><\/em><\/span><\/p>\n<p><span style=\"color: #000000;\"><strong><em><span style=\"font-family: 'times new roman', times, serif; font-size: 14pt;\"><a href=\"https:\/\/roussesinfo.fr\/patrimoine\/wp-content\/uploads\/2022\/09\/dqcd-n-12.pdf\" target=\"_blank\" rel=\"attachment noopener wp-att-2221\">dqcd-n-12 <\/a>Projet abouti &#8211; la ruche &#8211; Ecobuage mal maitrise<\/span><\/em><\/strong><\/span><\/p>\n<p><span style=\"color: #000000;\"><em><span style=\"font-family: 'times new roman', times, serif; font-size: 14pt;\"><span style=\"color: #000000; font-family: times new roman, times, serif;\"><span style=\"font-size: 14pt;\"><b><a href=\"https:\/\/roussesinfo.fr\/patrimoine\/wp-content\/uploads\/2022\/09\/dqcd-n-10.pdf\" target=\"_blank\" rel=\"attachment noopener wp-att-2219\">dqcd-n-10 <\/a>Visite du <\/b><\/span><\/span><span style=\"color: #000000; font-family: times new roman, times, serif;\"><span style=\"font-size: 18.6667px;\"><b>chantier<\/b><\/span><\/span><span style=\"color: #000000; font-family: times new roman, times, serif;\"><span style=\"font-size: 14pt;\"><b>\u00a0\u00e0 Rousses<\/b><\/span><\/span><\/span><\/em><\/span><\/p>\n<p><span style=\"color: #000000;\"><strong><em><span style=\"font-family: 'times new roman', times, serif; font-size: 14pt;\"><a href=\"https:\/\/roussesinfo.fr\/patrimoine\/wp-content\/uploads\/2022\/09\/dqcd-n-9.pdf\" target=\"_blank\" rel=\"attachment noopener wp-att-2218\">dqcd-n-9 <\/a>OK\u00a0 \u00a0 diz<\/span><\/em><\/strong><\/span><\/p>\n<p><span style=\"color: #000000;\"><strong><em><span style=\"font-family: 'times new roman', times, serif; font-size: 14pt;\"><a href=\"https:\/\/roussesinfo.fr\/patrimoine\/wp-content\/uploads\/2022\/09\/dqcd-n-8.pdf\" target=\"_blank\" rel=\"attachment noopener wp-att-2217\">dqcd-n-8<\/a>\u00a0 Deces<\/span><\/em><\/strong><\/span><\/p>\n<p><span style=\"color: #000000;\"><strong><em><span style=\"font-family: 'times new roman', times, serif; font-size: 14pt;\"><a href=\"https:\/\/roussesinfo.fr\/patrimoine\/wp-content\/uploads\/2022\/09\/dqcd-n-7.pdf\" target=\"_blank\" rel=\"attachment noopener wp-att-2216\">dqcd-n-7<\/a>\u00a0 Initiative ou quand tout le monde si met..<\/span><\/em><\/strong><\/span><\/p>\n<p><span style=\"color: #000000;\"><strong><em><span style=\"font-family: 'times new roman', times, serif; font-size: 14pt;\"><a href=\"https:\/\/roussesinfo.fr\/patrimoine\/wp-content\/uploads\/2022\/09\/dqcd-n-6.pdf\" target=\"_blank\" rel=\"attachment noopener wp-att-2215\">dqcd-n-6<\/a>\u00a0 Restaurant la Ruche &#8211; Je suis petite, petite mais &#8230; &#8211; Georges Aures<\/span><\/em><\/strong><\/span><\/p>\n<p><span style=\"color: #000000;\"><strong><em><span style=\"font-family: 'times new roman', times, serif; font-size: 14pt;\"><a href=\"https:\/\/roussesinfo.fr\/patrimoine\/wp-content\/uploads\/2022\/09\/dqcd-n-5.pdf\" target=\"_blank\" rel=\"attachment noopener wp-att-2214\">dqcd-n-5<\/a><\/span><\/em><\/strong><\/span><\/p>\n<p><span style=\"color: #000000;\"><strong><em><span style=\"font-family: 'times new roman', times, serif; font-size: 14pt;\"><a href=\"https:\/\/roussesinfo.fr\/patrimoine\/wp-content\/uploads\/2022\/09\/dqcd-n-4.pdf\" target=\"_blank\" rel=\"attachment noopener wp-att-2213\">dqcd-n-4 \u00a0<\/a>Pont du Gua et foyer rural<\/span><\/em><\/strong><\/span><\/p>\n<p><span style=\"color: #000000;\"><em><span style=\"font-family: 'times new roman', times, serif; font-size: 14pt;\"><span style=\"color: #000000; font-family: times new roman, times, serif;\"><span style=\"font-size: 14pt;\"><b><a href=\"https:\/\/roussesinfo.fr\/patrimoine\/wp-content\/uploads\/2022\/09\/dqcd-n-3.pdf\" target=\"_blank\" rel=\"attachment noopener wp-att-2212\">dqcd-n-3<\/a>\u00a0\u00a0<\/b><\/span><\/span><span style=\"color: #000000; font-family: times new roman, times, serif;\"><span style=\"font-size: 18.6667px;\"><b>D\u00e9lib\u00e9rations<\/b><\/span><\/span><span style=\"color: #000000; font-family: times new roman, times, serif;\"><span style=\"font-size: 14pt;\"><b>\u00a02004<\/b><\/span><\/span><\/span><\/em><\/span><\/p>\n<p><span style=\"color: #000000;\"><strong><em><span style=\"font-family: 'times new roman', times, serif; font-size: 14pt;\"><a href=\"https:\/\/roussesinfo.fr\/patrimoine\/wp-content\/uploads\/2022\/09\/dqcd-n-2.pdf\" target=\"_blank\" rel=\"attachment noopener wp-att-2211\">dqcd-n-2<\/a>\u00a0Travaux au Temple de rousses<\/span><\/em><\/strong><\/span><\/p>\n<p><span style=\"color: #000000;\"><strong><em><span style=\"font-family: 'times new roman', times, serif; font-size: 14pt;\"><a href=\"https:\/\/roussesinfo.fr\/patrimoine\/wp-content\/uploads\/2022\/09\/dqcd-n-1.pdf\" target=\"_blank\" rel=\"attachment noopener wp-att-2210\">dqcd-n-1<\/a>\u00a0 Un article sur M\u00e9ca Auto Service<\/span><\/em><\/strong><\/span><\/p>\n<p>&nbsp;<\/p>\n<p>&nbsp;<\/p>\n<p>&nbsp;<\/p>\n<p>&nbsp;<\/p>\n<p>&nbsp;<\/p>\n<p>&nbsp;<\/p>\n<p>&nbsp;<\/p>\n<p>[\/et_pb_text][\/et_pb_column][et_pb_column type=\u00a0\u00bb1_4&Prime; _builder_version=\u00a0\u00bb4.18.0&Prime; _module_preset=\u00a0\u00bbdefault\u00a0\u00bb global_colors_info=\u00a0\u00bb{}\u00a0\u00bb][\/et_pb_column][\/et_pb_row][\/et_pb_section]<\/p>\n","protected":false},"excerpt":{"rendered":"<p><div class=\"et_pb_module lwp_divi_breadcrumbs lwp_divi_breadcrumbs_0\">\n\t\t\t\t\n\t\t\t\t\n\t\t\t\t\n\t\t\t\t\n\t\t\t\t\n\t\t\t\t\n\t\t\t\t<div class=\"et_pb_module_inner\">\n\t\t\t\t\t<div class=\"lwp-breadcrumbs\"><span class=\"before-icon et-pb-icon\">\ue074<\/span> <span class=\"before\"><\/span> <span vocab=\"https:\/\/schema.org\/\" typeof=\"BreadcrumbList\"><span property=\"itemListElement\" typeof=\"ListItem\"><a property=\"item\" typeof=\"WebPage\" href=\"https:\/\/roussesinfo.fr\/patrimoine\/\" class=\"home\"><span property=\"name\">Home<\/span><\/a><meta property=\"position\" content=\"1\"><\/span> <span class=\"separator et-pb-icon\">&#x39;<\/span> <\/span><\/div>\n\t\t\t\t<\/div>\n\t\t\t<\/div> \u00a0 L&rsquo;ensemble des\u00a0 num\u00e9ros est consultable sur le site de la communaut\u00e9 de communes\u00a0 Lien ICI \u00a0 \u00a0 \u00a0 \u00a0 \u00a0Not\u00e9 la modification du nom de\u00a0 la revue lors de l&rsquo;\u00e9dition du num\u00e9ro\u00a0 9 Num\u00e9ros s\u00e9lectionner lorsqu&rsquo;il [&hellip;]<\/p>\n","protected":false},"author":1,"featured_media":0,"parent":1760,"menu_order":0,"comment_status":"closed","ping_status":"closed","template":"","meta":{"_et_pb_use_builder":"on","_et_pb_old_content":"","_et_gb_content_width":"","footnotes":""},"class_list":["post-2202","page","type-page","status-publish","hentry"],"_links":{"self":[{"href":"https:\/\/roussesinfo.fr\/patrimoine\/wp-json\/wp\/v2\/pages\/2202","targetHints":{"allow":["GET"]}}],"collection":[{"href":"https:\/\/roussesinfo.fr\/patrimoine\/wp-json\/wp\/v2\/pages"}],"about":[{"href":"https:\/\/roussesinfo.fr\/patrimoine\/wp-json\/wp\/v2\/types\/page"}],"author":[{"embeddable":true,"href":"https:\/\/roussesinfo.fr\/patrimoine\/wp-json\/wp\/v2\/users\/1"}],"replies":[{"embeddable":true,"href":"https:\/\/roussesinfo.fr\/patrimoine\/wp-json\/wp\/v2\/comments?post=2202"}],"version-history":[{"count":0,"href":"https:\/\/roussesinfo.fr\/patrimoine\/wp-json\/wp\/v2\/pages\/2202\/revisions"}],"up":[{"embeddable":true,"href":"https:\/\/roussesinfo.fr\/patrimoine\/wp-json\/wp\/v2\/pages\/1760"}],"wp:attachment":[{"href":"https:\/\/roussesinfo.fr\/patrimoine\/wp-json\/wp\/v2\/media?parent=2202"}],"curies":[{"name":"wp","href":"https:\/\/api.w.org\/{rel}","templated":true}]}}