{"id":2643,"date":"2022-09-09T14:28:42","date_gmt":"2022-09-09T13:28:42","guid":{"rendered":"https:\/\/roussesinfo.fr\/patrimoine\/?page_id=2643"},"modified":"2025-08-22T08:29:47","modified_gmt":"2025-08-22T07:29:47","slug":"petarde-ou-lance-patate","status":"publish","type":"page","link":"https:\/\/roussesinfo.fr\/patrimoine\/activites-sociales-culturelles\/les-jeux\/petarde-ou-lance-patate\/","title":{"rendered":"P\u00e9tarde ou lance patate"},"content":{"rendered":"<p>[et_pb_section fb_built=\u00a0\u00bb1&Prime; _builder_version=\u00a0\u00bb4.18.0&Prime; _module_preset=\u00a0\u00bbdefault\u00a0\u00bb background_image=\u00a0\u00bbhttps:\/\/roussesinfo.fr\/patrimoine\/wp-content\/uploads\/2022\/08\/Textures-parcemin_01-scaled.jpg\u00a0\u00bb custom_padding=\u00a0\u00bb11px|||||\u00a0\u00bb global_colors_info=\u00a0\u00bb{}\u00a0\u00bb][et_pb_row admin_label=\u00a0\u00bbFil arianne\u00a0\u00bb _builder_version=\u00a0\u00bb4.27.4&Prime; _module_preset=\u00a0\u00bbdefault\u00a0\u00bb width=\u00a0\u00bb95%\u00a0\u00bb max_width=\u00a0\u00bb1711px\u00a0\u00bb custom_padding=\u00a0\u00bb5px|||||\u00a0\u00bb global_colors_info=\u00a0\u00bb{}\u00a0\u00bb theme_builder_area=\u00a0\u00bbpost_content\u00a0\u00bb][et_pb_column type=\u00a0\u00bb4_4&Prime; _builder_version=\u00a0\u00bb4.25.2&Prime; _module_preset=\u00a0\u00bbdefault\u00a0\u00bb global_colors_info=\u00a0\u00bb{}\u00a0\u00bb theme_builder_area=\u00a0\u00bbpost_content\u00a0\u00bb][lwp_divi_breadcrumbs use_before_icon=\u00a0\u00bbon\u00a0\u00bb before_icon=\u00a0\u00bb&#xe074;||divi||400&Prime; link_color=\u00a0\u00bb#E02B20&Prime; separator_color=\u00a0\u00bb#0C71C3&Prime; current_text_color=\u00a0\u00bb#000000&Prime; admin_label=\u00a0\u00bbFil arianne\u00a0\u00bb _builder_version=\u00a0\u00bb4.27.4&Prime; _module_preset=\u00a0\u00bbdefault\u00a0\u00bb module_font=\u00a0\u00bbTimes New Roman|600|on||||||\u00a0\u00bb module_text_color=\u00a0\u00bb#000000&Prime; module_font_size=\u00a0\u00bb19px\u00a0\u00bb custom_margin=\u00a0\u00bb2px|||||\u00a0\u00bb global_colors_info=\u00a0\u00bb{}\u00a0\u00bb theme_builder_area=\u00a0\u00bbpost_content\u00a0\u00bb][\/lwp_divi_breadcrumbs][\/et_pb_column][\/et_pb_row][et_pb_row _builder_version=\u00a0\u00bb4.18.0&Prime; _module_preset=\u00a0\u00bbdefault\u00a0\u00bb custom_padding=\u00a0\u00bb5px|||||\u00a0\u00bb global_colors_info=\u00a0\u00bb{}\u00a0\u00bb][et_pb_column type=\u00a0\u00bb4_4&Prime; _builder_version=\u00a0\u00bb4.18.0&Prime; _module_preset=\u00a0\u00bbdefault\u00a0\u00bb global_colors_info=\u00a0\u00bb{}\u00a0\u00bb][et_pb_text admin_label=\u00a0\u00bbTitre\u00a0\u00bb _builder_version=\u00a0\u00bb4.18.0&Prime; _module_preset=\u00a0\u00bbdefault\u00a0\u00bb global_colors_info=\u00a0\u00bb{}\u00a0\u00bb]<\/p>\n<p style=\"text-align: center;\"><span style=\"font-size: 18pt; font-family: 'times new roman', times, serif; color: #000000;\"><em><b>Fabriquez un lance patates\u00a0avec des branch<\/b><\/em><\/span><span style=\"font-size: 18pt; font-family: 'times new roman', times, serif; color: #000000;\"><em><b>e<\/b><\/em><\/span><span style=\"font-size: 18pt; font-family: 'times new roman', times, serif; color: #000000;\"><em><b>s de sureau (\u00a0 P\u00e9tarde\u00a0 )<\/b><\/em><\/span><\/p>\n<p>[\/et_pb_text][\/et_pb_column][\/et_pb_row][et_pb_row _builder_version=\u00a0\u00bb4.18.0&Prime; _module_preset=\u00a0\u00bbdefault\u00a0\u00bb custom_padding=\u00a0\u00bb0px||4px|||\u00a0\u00bb global_colors_info=\u00a0\u00bb{}\u00a0\u00bb][et_pb_column type=\u00a0\u00bb4_4&Prime; _builder_version=\u00a0\u00bb4.18.0&Prime; _module_preset=\u00a0\u00bbdefault\u00a0\u00bb global_colors_info=\u00a0\u00bb{}\u00a0\u00bb][et_pb_text _builder_version=\u00a0\u00bb4.18.0&Prime; _module_preset=\u00a0\u00bbdefault\u00a0\u00bb custom_padding=\u00a0\u00bb||0px|||\u00a0\u00bb global_colors_info=\u00a0\u00bb{}\u00a0\u00bb]<\/p>\n<p style=\"text-align: center;\"><a href=\"https:\/\/roussesinfo.fr\/patrimoine\/wp-content\/uploads\/2022\/09\/Jeux-petarde-01.jpg\"><img type=\"image\/webp\" class=\"wp-image-2648 aligncenter size-full lws-optimize-lazyload\"  alt=\"\" width=\"271\" height=\"180\" \/ data-src=\"https:\/\/roussesinfo.fr\/patrimoine\/wp-content\/uploads\/2022\/09\/Jeux-petarde-01.jpg\"><\/a><\/p>\n<p><span style=\"color: #000000;\"><strong><em><span style=\"font-family: 'times new roman', times, serif; font-size: 14pt;\">Un bout de bois, une patate et\u2026 poum\u2009! On dirait que le sureau a \u00e9t\u00e9 invent\u00e9 tout expr\u00e8s pour nous distraire. Coupez une branche d\u2019environ 1 cm de diam\u00e8tre, \u00e9videz le c\u0153ur avec votre pique en ramonant \u00e0 plusieurs reprises.<\/span><\/em><\/strong><\/span><\/p>\n<p><span style=\"color: #000000;\"><strong><em><span style=\"font-family: 'times new roman', times, serif; font-size: 14pt;\"><u><a href=\"https:\/\/roussesinfo.fr\/patrimoine\/wp-content\/uploads\/2022\/09\/Jeux-petarde-02.jpg\"><img type=\"image\/webp\" class=\"wp-image-2649 aligncenter size-full lws-optimize-lazyload\"  alt=\"\" width=\"271\" height=\"180\" \/ data-src=\"https:\/\/roussesinfo.fr\/patrimoine\/wp-content\/uploads\/2022\/09\/Jeux-petarde-02.jpg\"><\/a><\/u><\/span><\/em><\/strong><\/span><\/p>\n<p><span style=\"color: #000000;\"><strong><em><span style=\"font-family: 'times new roman', times, serif; font-size: 14pt;\">Introduisez une petite branche \u00e0 l\u2019int\u00e9rieur qui d\u00e9passe de 10 cm\u2009: ce sera le poussoir. Son diam\u00e8tre devra lui permettre de coulisser facilement dans votre tuyau.<\/span><\/em><\/strong><\/span><\/p>\n<p><a href=\"https:\/\/roussesinfo.fr\/patrimoine\/wp-content\/uploads\/2022\/09\/Jeux-petarde-03.jpg\"><img type=\"image\/webp\" class=\"wp-image-2650 aligncenter size-full lws-optimize-lazyload\"  alt=\"\" width=\"271\" height=\"180\" \/ data-src=\"https:\/\/roussesinfo.fr\/patrimoine\/wp-content\/uploads\/2022\/09\/Jeux-petarde-03.jpg\"><\/a><\/p>\n<p><span style=\"color: #000000;\"><strong><em><span style=\"font-family: 'times new roman', times, serif; font-size: 14pt;\">Taillez les deux bouts du sureau pour les rendre coupants quand ils entreront dans une tranche de pomme de terre ( ou, mieux\u00a0 encore, une racine d&rsquo;Iris ). Votre outil est pr\u00eat, reste \u00e0 l\u2019armer de patate.<\/span><\/em><\/strong><\/span><\/p>\n<p><a href=\"https:\/\/roussesinfo.fr\/patrimoine\/wp-content\/uploads\/2022\/09\/Jeux-petarde-04.jpg\"><img type=\"image\/webp\" class=\"wp-image-2651 aligncenter size-full lws-optimize-lazyload\"  alt=\"\" width=\"271\" height=\"180\" \/ data-src=\"https:\/\/roussesinfo.fr\/patrimoine\/wp-content\/uploads\/2022\/09\/Jeux-petarde-04.jpg\"><\/a><\/p>\n<p><span style=\"color: #000000;\"><strong><em><span style=\"font-family: 'times new roman', times, serif; font-size: 14pt;\">\u00a0<\/span><\/em><\/strong><\/span><span style=\"color: #000000;\"><strong><em><span style=\"font-family: 'times new roman', times, serif; font-size: 14pt;\">Enfoncez une des deux extr\u00e9mit\u00e9s coupante dans une tranche de patate ( ou une racine d&rsquo;Iris ) de mani\u00e8re \u00e0 couper une rondelle.<\/span><\/em><\/strong><\/span><\/p>\n<p><span style=\"color: #000000;\"><strong><em><span style=\"font-family: 'times new roman', times, serif; font-size: 14pt;\"><u><a href=\"https:\/\/roussesinfo.fr\/patrimoine\/wp-content\/uploads\/2022\/09\/Jeux-petarde-05.jpg\"><img type=\"image\/webp\" class=\"wp-image-2652 aligncenter size-full lws-optimize-lazyload\"  alt=\"\" width=\"271\" height=\"180\" \/ data-src=\"https:\/\/roussesinfo.fr\/patrimoine\/wp-content\/uploads\/2022\/09\/Jeux-petarde-05.jpg\"><\/a><\/u><\/span><\/em><\/strong><\/span><\/p>\n<p><span style=\"color: #000000;\"><strong><em><span style=\"font-family: 'times new roman', times, serif; font-size: 14pt;\">Ce sera votre projectile. Renouvelez la m\u00eame op\u00e9ration de l\u2019autre c\u00f4t\u00e9. Cette deuxi\u00e8me rondelle sera pouss\u00e9e par votre poussoir, ce qui comprimera l\u2019air et expulsera votre projectile.<\/span><\/em><\/strong><\/span><\/p>\n<p>[\/et_pb_text][\/et_pb_column][\/et_pb_row][et_pb_row column_structure=\u00a0\u00bb1_3,1_3,1_3&Prime; _builder_version=\u00a0\u00bb4.18.0&Prime; _module_preset=\u00a0\u00bbdefault\u00a0\u00bb global_colors_info=\u00a0\u00bb{}\u00a0\u00bb][et_pb_column type=\u00a0\u00bb1_3&Prime; _builder_version=\u00a0\u00bb4.18.0&Prime; _module_preset=\u00a0\u00bbdefault\u00a0\u00bb global_colors_info=\u00a0\u00bb{}\u00a0\u00bb][et_pb_image src=\u00a0\u00bbhttps:\/\/roussesinfo.fr\/patrimoine\/wp-content\/uploads\/2022\/09\/petarde-02.jpg\u00a0\u00bb title_text=\u00a0\u00bbpetarde-02&Prime; show_in_lightbox=\u00a0\u00bbon\u00a0\u00bb align=\u00a0\u00bbcenter\u00a0\u00bb _builder_version=\u00a0\u00bb4.18.0&Prime; _module_preset=\u00a0\u00bbdefault\u00a0\u00bb global_colors_info=\u00a0\u00bb{}\u00a0\u00bb][\/et_pb_image][\/et_pb_column][et_pb_column type=\u00a0\u00bb1_3&Prime; _builder_version=\u00a0\u00bb4.18.0&Prime; _module_preset=\u00a0\u00bbdefault\u00a0\u00bb global_colors_info=\u00a0\u00bb{}\u00a0\u00bb][et_pb_image src=\u00a0\u00bbhttps:\/\/roussesinfo.fr\/patrimoine\/wp-content\/uploads\/2022\/09\/petarde-01.jpg\u00a0\u00bb title_text=\u00a0\u00bbpetarde-01&Prime; show_in_lightbox=\u00a0\u00bbon\u00a0\u00bb align=\u00a0\u00bbcenter\u00a0\u00bb _builder_version=\u00a0\u00bb4.18.0&Prime; _module_preset=\u00a0\u00bbdefault\u00a0\u00bb global_colors_info=\u00a0\u00bb{}\u00a0\u00bb][\/et_pb_image][\/et_pb_column][et_pb_column type=\u00a0\u00bb1_3&Prime; _builder_version=\u00a0\u00bb4.18.0&Prime; _module_preset=\u00a0\u00bbdefault\u00a0\u00bb global_colors_info=\u00a0\u00bb{}\u00a0\u00bb][et_pb_image src=\u00a0\u00bbhttps:\/\/roussesinfo.fr\/patrimoine\/wp-content\/uploads\/2022\/09\/Jeux-petarde-06.jpg\u00a0\u00bb title_text=\u00a0\u00bbJeux &#8211; petarde -06&Prime; show_in_lightbox=\u00a0\u00bbon\u00a0\u00bb align=\u00a0\u00bbcenter\u00a0\u00bb _builder_version=\u00a0\u00bb4.18.0&Prime; _module_preset=\u00a0\u00bbdefault\u00a0\u00bb global_colors_info=\u00a0\u00bb{}\u00a0\u00bb][\/et_pb_image][\/et_pb_column][\/et_pb_row][et_pb_row _builder_version=\u00a0\u00bb4.18.0&Prime; _module_preset=\u00a0\u00bbdefault\u00a0\u00bb custom_padding=\u00a0\u00bb0px|||||\u00a0\u00bb global_colors_info=\u00a0\u00bb{}\u00a0\u00bb][et_pb_column type=\u00a0\u00bb4_4&Prime; _builder_version=\u00a0\u00bb4.18.0&Prime; _module_preset=\u00a0\u00bbdefault\u00a0\u00bb global_colors_info=\u00a0\u00bb{}\u00a0\u00bb][et_pb_text _builder_version=\u00a0\u00bb4.20.4&Prime; _module_preset=\u00a0\u00bbdefault\u00a0\u00bb global_colors_info=\u00a0\u00bb{}\u00a0\u00bb]<\/p>\n<p><u><\/u><span style=\"color: #000000;\"><strong><em><span style=\"font-family: 'times new roman', times, serif; font-size: 14pt;\">Introduisez doucement la tige\u2026 puis poussez d\u2019un coup\u2009!\u00a0 \u00a0( Fabrication de Roland Mourgues &#8211; Juillet 2022 )<\/span><\/em><\/strong><\/span><\/p>\n<p style=\"text-align: right;\"><span style=\"color: #000000; font-size: 14pt;\"><strong><em><span style=\"font-family: 'times new roman', times, serif;\"><a style=\"color: #000000;\" href=\"https:\/\/www.salamandre.org\/une-activite\/fabriquez-un-lance-patates-et-un-kazoo-avec-des-branches-de-sureau\/\" target=\"_blank\" rel=\"noopener\">le sureau<\/a><\/span><\/em><\/strong><\/span><\/p>\n<p>[\/et_pb_text][\/et_pb_column][\/et_pb_row][\/et_pb_section]<\/p>\n","protected":false},"excerpt":{"rendered":"<p><div class=\"et_pb_module lwp_divi_breadcrumbs lwp_divi_breadcrumbs_0\">\n\t\t\t\t\n\t\t\t\t\n\t\t\t\t\n\t\t\t\t\n\t\t\t\t\n\t\t\t\t\n\t\t\t\t<div class=\"et_pb_module_inner\">\n\t\t\t\t\t<div class=\"lwp-breadcrumbs\"><span class=\"before-icon et-pb-icon\">\ue074<\/span> <span class=\"before\"><\/span> <span vocab=\"https:\/\/schema.org\/\" typeof=\"BreadcrumbList\"><span property=\"itemListElement\" typeof=\"ListItem\"><a property=\"item\" typeof=\"WebPage\" href=\"https:\/\/roussesinfo.fr\/patrimoine\/\" class=\"home\"><span property=\"name\">Home<\/span><\/a><meta property=\"position\" content=\"1\"><\/span> <span class=\"separator et-pb-icon\">&#x39;<\/span> <\/span><\/div>\n\t\t\t\t<\/div>\n\t\t\t<\/div>Fabriquez un lance patates\u00a0avec des branches de sureau (\u00a0 P\u00e9tarde\u00a0 ) Un bout de bois, une patate et\u2026 poum\u2009! On dirait que le sureau a \u00e9t\u00e9 invent\u00e9 tout expr\u00e8s pour nous distraire. Coupez une branche d\u2019environ 1 cm [&hellip;]<\/p>\n","protected":false},"author":1,"featured_media":0,"parent":2482,"menu_order":0,"comment_status":"closed","ping_status":"closed","template":"","meta":{"_et_pb_use_builder":"on","_et_pb_old_content":"","_et_gb_content_width":"","footnotes":""},"class_list":["post-2643","page","type-page","status-publish","hentry"],"_links":{"self":[{"href":"https:\/\/roussesinfo.fr\/patrimoine\/wp-json\/wp\/v2\/pages\/2643","targetHints":{"allow":["GET"]}}],"collection":[{"href":"https:\/\/roussesinfo.fr\/patrimoine\/wp-json\/wp\/v2\/pages"}],"about":[{"href":"https:\/\/roussesinfo.fr\/patrimoine\/wp-json\/wp\/v2\/types\/page"}],"author":[{"embeddable":true,"href":"https:\/\/roussesinfo.fr\/patrimoine\/wp-json\/wp\/v2\/users\/1"}],"replies":[{"embeddable":true,"href":"https:\/\/roussesinfo.fr\/patrimoine\/wp-json\/wp\/v2\/comments?post=2643"}],"version-history":[{"count":0,"href":"https:\/\/roussesinfo.fr\/patrimoine\/wp-json\/wp\/v2\/pages\/2643\/revisions"}],"up":[{"embeddable":true,"href":"https:\/\/roussesinfo.fr\/patrimoine\/wp-json\/wp\/v2\/pages\/2482"}],"wp:attachment":[{"href":"https:\/\/roussesinfo.fr\/patrimoine\/wp-json\/wp\/v2\/media?parent=2643"}],"curies":[{"name":"wp","href":"https:\/\/api.w.org\/{rel}","templated":true}]}}