{"id":2658,"date":"2022-09-09T18:07:15","date_gmt":"2022-09-09T17:07:15","guid":{"rendered":"https:\/\/roussesinfo.fr\/patrimoine\/?page_id=2658"},"modified":"2025-08-22T08:25:25","modified_gmt":"2025-08-22T07:25:25","slug":"le-sifflet-a-bec","status":"publish","type":"page","link":"https:\/\/roussesinfo.fr\/patrimoine\/activites-sociales-culturelles\/les-jeux\/le-sifflet-a-bec\/","title":{"rendered":"Le sifflet \u00e0 bec"},"content":{"rendered":"<p>[et_pb_section fb_built=\u00a0\u00bb1&Prime; _builder_version=\u00a0\u00bb4.18.0&Prime; _module_preset=\u00a0\u00bbdefault\u00a0\u00bb background_image=\u00a0\u00bbhttps:\/\/roussesinfo.fr\/patrimoine\/wp-content\/uploads\/2022\/08\/Textures-parcemin_01-scaled.jpg\u00a0\u00bb custom_padding=\u00a0\u00bb8px|||||\u00a0\u00bb global_colors_info=\u00a0\u00bb{}\u00a0\u00bb][et_pb_row admin_label=\u00a0\u00bbFil arianne\u00a0\u00bb _builder_version=\u00a0\u00bb4.27.4&Prime; _module_preset=\u00a0\u00bbdefault\u00a0\u00bb width=\u00a0\u00bb95%\u00a0\u00bb max_width=\u00a0\u00bb1711px\u00a0\u00bb custom_padding=\u00a0\u00bb5px|||||\u00a0\u00bb global_colors_info=\u00a0\u00bb{}\u00a0\u00bb theme_builder_area=\u00a0\u00bbpost_content\u00a0\u00bb][et_pb_column type=\u00a0\u00bb4_4&Prime; _builder_version=\u00a0\u00bb4.25.2&Prime; _module_preset=\u00a0\u00bbdefault\u00a0\u00bb global_colors_info=\u00a0\u00bb{}\u00a0\u00bb theme_builder_area=\u00a0\u00bbpost_content\u00a0\u00bb][lwp_divi_breadcrumbs use_before_icon=\u00a0\u00bbon\u00a0\u00bb before_icon=\u00a0\u00bb&#xe074;||divi||400&Prime; link_color=\u00a0\u00bb#E02B20&Prime; separator_color=\u00a0\u00bb#0C71C3&Prime; current_text_color=\u00a0\u00bb#000000&Prime; admin_label=\u00a0\u00bbFil arianne\u00a0\u00bb _builder_version=\u00a0\u00bb4.27.4&Prime; _module_preset=\u00a0\u00bbdefault\u00a0\u00bb module_font=\u00a0\u00bbTimes New Roman|600|on||||||\u00a0\u00bb module_text_color=\u00a0\u00bb#000000&Prime; module_font_size=\u00a0\u00bb19px\u00a0\u00bb custom_margin=\u00a0\u00bb2px|||||\u00a0\u00bb global_colors_info=\u00a0\u00bb{}\u00a0\u00bb theme_builder_area=\u00a0\u00bbpost_content\u00a0\u00bb][\/lwp_divi_breadcrumbs][\/et_pb_column][\/et_pb_row][et_pb_row _builder_version=\u00a0\u00bb4.18.0&Prime; _module_preset=\u00a0\u00bbdefault\u00a0\u00bb custom_padding=\u00a0\u00bb21px||4px|||\u00a0\u00bb global_colors_info=\u00a0\u00bb{}\u00a0\u00bb][et_pb_column type=\u00a0\u00bb4_4&Prime; _builder_version=\u00a0\u00bb4.18.0&Prime; _module_preset=\u00a0\u00bbdefault\u00a0\u00bb global_colors_info=\u00a0\u00bb{}\u00a0\u00bb][et_pb_text _builder_version=\u00a0\u00bb4.18.0&Prime; _module_preset=\u00a0\u00bbdefault\u00a0\u00bb global_colors_info=\u00a0\u00bb{}\u00a0\u00bb]<\/p>\n<p style=\"text-align: center;\"><span style=\"font-family: 'times new roman', times, serif; color: #000000; font-size: 18pt;\"><strong><em>Le sifflet \u00e0 bec<\/em><\/strong><\/span><\/p>\n<p>[\/et_pb_text][et_pb_text _builder_version=\u00a0\u00bb4.18.0&Prime; _module_preset=\u00a0\u00bbdefault\u00a0\u00bb custom_padding=\u00a0\u00bb5px|||||\u00a0\u00bb global_colors_info=\u00a0\u00bb{}\u00a0\u00bb]<\/p>\n<p style=\"text-align: justify;\"><span style=\"font-family: 'times new roman', times, serif; color: #000000; font-size: 14pt;\"><strong><em>Au printemps, quelques esp\u00e8ces d\u2019arbres pr\u00e9sentent une caract\u00e9ristique int\u00e9ressante pour la fabrication de petits instruments : l\u2019\u00e9corce des rameaux de l\u2019ann\u00e9e peut assez facilement se d\u00e9tacher du bois. On peut donc disposer d\u2019un tube creux (l\u2019\u00e9corce elle-m\u00eame) et un \u00ab\u00a0bouchon\u00a0\u00bb de taille exactement adapt\u00e9e au tube, comme au niveau du bec d\u2019une fl\u00fbte.<\/em><\/strong><\/span><\/p>\n<p style=\"text-align: justify;\"><span style=\"font-family: 'times new roman', times, serif; color: #000000; font-size: 14pt;\"><strong><em>\u00a0Les esp\u00e8ces qui se pr\u00eatent \u00e0 cet exercice sont :\u00a0le\u00a0fr\u00eane, le\u00a0ch\u00e2taignier, le\u00a0noisetier, le\u00a0saule.<\/em><\/strong><\/span><\/p>\n<p style=\"text-align: justify;\"><span style=\"font-family: 'times new roman', times, serif; color: #000000; font-size: 14pt;\"><strong><em>Commencez donc par choisir un entre-n\u0153ud d\u2019environ 8 cm de long et 1 cm de diam\u00e8tre. S\u00e9parez l\u2019\u00e9corce et le bois selon la m\u00e9thode d\u00e9crite en bas de cette page.<\/em><\/strong><\/span><\/p>\n<p style=\"text-align: justify;\"><span style=\"font-family: 'times new roman', times, serif; color: #000000; font-size: 14pt;\"><strong><em>Taille\u00a0du bec.\u00a0\u00a0\u00a0\u00d4tez le bois de l\u2019\u00e9corce. \u00c0 une extr\u00e9mit\u00e9 de l\u2019\u00e9corce taillez un bec. Pour cela : A 1 cm d\u2019une de l\u2019extr\u00e9mit\u00e9 du tube, donner un coup de couteau en diagonale et un autre vertical pour cr\u00e9er une petite encoche.<\/em><\/strong><\/span><\/p>\n<p style=\"text-align: justify;\"><span style=\"font-family: 'times new roman', times, serif; color: #000000; font-size: 14pt;\"><strong><em>Dans le morceau de bois que vous avez sorti de l\u2019\u00e9corce, taillez un segment de 1 cm, qui viendra s\u2019emboiter dans le tube jusqu\u2019au ras de l\u2019encoche. \u00d4tez une fine \u00e9paisseur de bois (1 \u00e0 2 mm) \u00e0 votre bouchon sur toute sa longueur. Remettez-le en place. Il m\u00e9nagera un fin passage entre le bois et l\u2019\u00e9corce, pour permettre \u00e0 l\u2019air de passer et de venir buter contre le plan inclin\u00e9.<\/em><\/strong><\/span><\/p>\n<p style=\"text-align: justify;\"><span style=\"font-family: 'times new roman', times, serif; color: #000000; font-size: 14pt;\"><strong><em>A l\u2019autre bout du tube, r\u00e9introduisez le reste du rameau de bois. Il va faire office de coulisse pour changer la note.<\/em><\/strong><\/span><\/p>\n<p style=\"text-align: justify;\"><span style=\"font-family: 'times new roman', times, serif; color: #000000; font-size: 14pt;\"><strong><em>Ce type de sifflet peut sonner tr\u00e8s bien. Il ne pourra malheureusement pas r\u00e9sister longtemps au dess\u00e8chement (1 journ\u00e9e maximum).<\/em><\/strong><\/span><\/p>\n<p style=\"text-align: justify;\"><span style=\"font-family: 'times new roman', times, serif; color: #000000; font-size: x-large;\"><strong><em>Utilisation<\/em><\/strong><\/span><\/p>\n<p style=\"text-align: justify;\"><span style=\"font-family: 'times new roman', times, serif; color: #000000; font-size: 14pt;\"><strong><em>Posez l\u2019extr\u00e9mit\u00e9 de votre sifflet entre vos deux l\u00e8vres et soufflez. Attention, vous ne devez pas boucher l\u2019ouverture sinon cela ne fonctionnera pas. Si le son est faible ou qu\u2019il ne sort pas, vous pouvez tenter plusieurs choses :<\/em><\/strong><\/span><\/p>\n<ul style=\"text-align: justify;\">\n<li><span style=\"font-family: 'times new roman', times, serif; color: #000000; font-size: 14pt;\"><strong><em>boucher l\u2019extr\u00e9mit\u00e9 du tube avec un doigt, \u00e7a marche quasiment \u00e0 tous les coups<\/em><\/strong><\/span><\/li>\n<li><span style=\"font-family: 'times new roman', times, serif; color: #000000; font-size: 14pt;\"><strong><em>Tester diff\u00e9rentes positions\u00a0du bouchon, plus en avant, plus en arri\u00e8re, mieux align\u00e9 avec l\u2019ouverture\u2026<\/em><\/strong><\/span><\/li>\n<li><span style=\"font-family: 'times new roman', times, serif; color: #000000; font-size: 14pt;\"><strong><em>Souffler plus fort, moins fort<\/em><\/strong><\/span><\/li>\n<li><span style=\"font-family: 'times new roman', times, serif; color: #000000; font-size: 14pt;\"><strong><em>bouchez-d\u00e9boucher l\u2019extr\u00e9mit\u00e9 du tube<\/em><\/strong><\/span><\/li>\n<li><span style=\"font-family: 'times new roman', times, serif; color: #000000; font-size: 14pt;\"><strong><em>faites rouler la langue dans votre bouche (comme pour prononcer le \u00ab\u00a0r\u00a0\u00bb espagnol), vous aurez un sifflet \u00e0 roulette<\/em><\/strong><\/span><\/li>\n<li><span style=\"font-family: 'times new roman', times, serif; color: #000000; font-size: 14pt;\"><strong><em>si vous avez fabriqu\u00e9 un piston (voir ci-dessous) faites le bouger en soufflant, en tir\u00e9, en pouss\u00e9, ou en alternance\u2026<\/em><\/strong><\/span><\/li>\n<\/ul>\n<p style=\"text-align: justify;\"><span style=\"font-family: 'times new roman', times, serif; color: #000000; font-size: 14pt;\"><strong><em>\u00a0Choisir des jeunes rameaux\u00a0(tr\u00e8s droits g\u00e9n\u00e9ralement).\u00a0Y d\u00e9couper la section\u00a0dont vous voulez extraire l\u2019\u00e9corce. Elle ne doit pas pr\u00e9senter de n\u0153uds ni de d\u00e9fauts dans l\u2019\u00e9corce, et doit \u00eatre la plus rectiligne possible. Les longueurs \u00ab\u00a0utiles\u00a0\u00bb sont plus importantes sur le fr\u00eane (jusqu\u2019\u00e0 20 centim\u00e8tres) que sur le ch\u00e2taignier (jusqu\u2019\u00e0 10 centim\u00e8tres). Sachez que plus la longueur est grande, plus difficile sera la t\u00e2che du \u00ab\u00a0d\u00e9collage\u00a0\u00bb. Jusqu\u2019\u00e0 une dizaine de centim\u00e8tres, cela reste assez facile si la saison est la bonne.<\/em><\/strong><\/span><\/p>\n<p style=\"text-align: justify;\"><span style=\"font-family: 'times new roman', times, serif; color: #000000; font-size: 14pt;\"><strong><em>Si l\u2019\u00e9corce vous semble un peu s\u00e8che, et que vous avez une rivi\u00e8re ou de l\u2019eau \u00e0 proximit\u00e9, vous pouvez commencer par faire tremper le tout quelques minutes.<\/em><\/strong><\/span><\/p>\n<p style=\"text-align: justify;\"><span style=\"font-family: 'times new roman', times, serif; color: #000000; font-size: 14pt;\"><strong><em>Pour d\u00e9coller l\u2019\u00e9corce : tapotez la pendant quelques minutes,\u00a0en tous ses points, avec un objet non contondant, par exemple\u00a0le manche de votre\u00a0couteau, ou un caillou plat. Vous pouvez aussi la faire rouler entre votre cuisse et un objet plat.<\/em><\/strong><\/span><\/p>\n<p style=\"text-align: justify;\"><span style=\"font-family: 'times new roman', times, serif; color: #000000; font-size: 14pt;\"><strong><em>Enlever 1 cm d\u2019\u00e9corce \u00e0 une des extr\u00e9mit\u00e9s pour faire appara\u00eetre le bois nu. Saisir cette extr\u00e9mit\u00e9 d\u00e9nud\u00e9e entre les dents, saisir fermement l\u2019autre c\u00f4t\u00e9 du rameau dans la main droite, de la main gauche entourer l\u2019\u00e9corce de la zone \u00e0 d\u00e9coller et tourner tr\u00e8s fort et tr\u00e8s d\u00e9licatement \u00e0 la fois (!) jusqu\u2019\u00e0 ce qu\u2019elle se d\u00e9tache d\u2019un claquement sec.\u00a0<\/em><\/strong><\/span><\/p>\n<p>[\/et_pb_text][\/et_pb_column][\/et_pb_row][et_pb_row column_structure=\u00a0\u00bb1_2,1_2&Prime; _builder_version=\u00a0\u00bb4.18.0&Prime; _module_preset=\u00a0\u00bbdefault\u00a0\u00bb global_colors_info=\u00a0\u00bb{}\u00a0\u00bb][et_pb_column type=\u00a0\u00bb1_2&Prime; _builder_version=\u00a0\u00bb4.18.0&Prime; _module_preset=\u00a0\u00bbdefault\u00a0\u00bb global_colors_info=\u00a0\u00bb{}\u00a0\u00bb][et_pb_image src=\u00a0\u00bbhttps:\/\/roussesinfo.fr\/patrimoine\/wp-content\/uploads\/2022\/09\/sifflet-a-bec-01.jpg\u00a0\u00bb title_text=\u00a0\u00bbsifflet a bec -01&Prime; align=\u00a0\u00bbcenter\u00a0\u00bb _builder_version=\u00a0\u00bb4.18.0&Prime; _module_preset=\u00a0\u00bbdefault\u00a0\u00bb global_colors_info=\u00a0\u00bb{}\u00a0\u00bb][\/et_pb_image][\/et_pb_column][et_pb_column type=\u00a0\u00bb1_2&Prime; _builder_version=\u00a0\u00bb4.18.0&Prime; _module_preset=\u00a0\u00bbdefault\u00a0\u00bb global_colors_info=\u00a0\u00bb{}\u00a0\u00bb][et_pb_image src=\u00a0\u00bbhttps:\/\/roussesinfo.fr\/patrimoine\/wp-content\/uploads\/2022\/09\/sifflet-a-bec-02.jpg\u00a0\u00bb title_text=\u00a0\u00bbsifflet a bec -02&Prime; align=\u00a0\u00bbcenter\u00a0\u00bb _builder_version=\u00a0\u00bb4.18.0&Prime; _module_preset=\u00a0\u00bbdefault\u00a0\u00bb width=\u00a0\u00bb87.7%\u00a0\u00bb custom_padding=\u00a0\u00bb|66px||||\u00a0\u00bb global_colors_info=\u00a0\u00bb{}\u00a0\u00bb][\/et_pb_image][\/et_pb_column][\/et_pb_row][\/et_pb_section]<\/p>\n","protected":false},"excerpt":{"rendered":"<p><div class=\"et_pb_module lwp_divi_breadcrumbs lwp_divi_breadcrumbs_0\">\n\t\t\t\t\n\t\t\t\t\n\t\t\t\t\n\t\t\t\t\n\t\t\t\t\n\t\t\t\t\n\t\t\t\t<div class=\"et_pb_module_inner\">\n\t\t\t\t\t<div class=\"lwp-breadcrumbs\"><span class=\"before-icon et-pb-icon\">\ue074<\/span> <span class=\"before\"><\/span> <span vocab=\"https:\/\/schema.org\/\" typeof=\"BreadcrumbList\"><span property=\"itemListElement\" typeof=\"ListItem\"><a property=\"item\" typeof=\"WebPage\" href=\"https:\/\/roussesinfo.fr\/patrimoine\/\" class=\"home\"><span property=\"name\">Home<\/span><\/a><meta property=\"position\" content=\"1\"><\/span> <span class=\"separator et-pb-icon\">&#x39;<\/span> <\/span><\/div>\n\t\t\t\t<\/div>\n\t\t\t<\/div>Le sifflet \u00e0 becAu printemps, quelques esp\u00e8ces d\u2019arbres pr\u00e9sentent une caract\u00e9ristique int\u00e9ressante pour la fabrication de petits instruments : l\u2019\u00e9corce des rameaux de l\u2019ann\u00e9e peut assez facilement se d\u00e9tacher du bois. On peut donc disposer d\u2019un tube creux [&hellip;]<\/p>\n","protected":false},"author":1,"featured_media":0,"parent":2482,"menu_order":0,"comment_status":"closed","ping_status":"closed","template":"","meta":{"_et_pb_use_builder":"on","_et_pb_old_content":"","_et_gb_content_width":"","footnotes":""},"class_list":["post-2658","page","type-page","status-publish","hentry"],"_links":{"self":[{"href":"https:\/\/roussesinfo.fr\/patrimoine\/wp-json\/wp\/v2\/pages\/2658","targetHints":{"allow":["GET"]}}],"collection":[{"href":"https:\/\/roussesinfo.fr\/patrimoine\/wp-json\/wp\/v2\/pages"}],"about":[{"href":"https:\/\/roussesinfo.fr\/patrimoine\/wp-json\/wp\/v2\/types\/page"}],"author":[{"embeddable":true,"href":"https:\/\/roussesinfo.fr\/patrimoine\/wp-json\/wp\/v2\/users\/1"}],"replies":[{"embeddable":true,"href":"https:\/\/roussesinfo.fr\/patrimoine\/wp-json\/wp\/v2\/comments?post=2658"}],"version-history":[{"count":0,"href":"https:\/\/roussesinfo.fr\/patrimoine\/wp-json\/wp\/v2\/pages\/2658\/revisions"}],"up":[{"embeddable":true,"href":"https:\/\/roussesinfo.fr\/patrimoine\/wp-json\/wp\/v2\/pages\/2482"}],"wp:attachment":[{"href":"https:\/\/roussesinfo.fr\/patrimoine\/wp-json\/wp\/v2\/media?parent=2658"}],"curies":[{"name":"wp","href":"https:\/\/api.w.org\/{rel}","templated":true}]}}