{"id":2822,"date":"2022-09-12T15:20:07","date_gmt":"2022-09-12T14:20:07","guid":{"rendered":"https:\/\/roussesinfo.fr\/patrimoine\/?page_id=2822"},"modified":"2025-08-30T08:37:03","modified_gmt":"2025-08-30T07:37:03","slug":"donnees-personnelles","status":"publish","type":"page","link":"https:\/\/roussesinfo.fr\/patrimoine\/donnees-personnelles\/","title":{"rendered":"Donn\u00e9es personnelles"},"content":{"rendered":"<p>[et_pb_section fb_built=\u00a0\u00bb1&Prime; _builder_version=\u00a0\u00bb4.18.0&Prime; _module_preset=\u00a0\u00bbdefault\u00a0\u00bb background_image=\u00a0\u00bbhttps:\/\/roussesinfo.fr\/patrimoine\/wp-content\/uploads\/2022\/08\/Textures-parcemin_01-scaled.jpg\u00a0\u00bb global_colors_info=\u00a0\u00bb{}\u00a0\u00bb custom_padding=\u00a0\u00bb2px|||||\u00a0\u00bb][et_pb_row admin_label=\u00a0\u00bbFil arianne\u00a0\u00bb _builder_version=\u00a0\u00bb4.27.4&Prime; _module_preset=\u00a0\u00bbdefault\u00a0\u00bb width=\u00a0\u00bb95%\u00a0\u00bb max_width=\u00a0\u00bb1711px\u00a0\u00bb custom_padding=\u00a0\u00bb5px|||||\u00a0\u00bb global_colors_info=\u00a0\u00bb{}\u00a0\u00bb][et_pb_column type=\u00a0\u00bb4_4&Prime; _builder_version=\u00a0\u00bb4.25.2&Prime; _module_preset=\u00a0\u00bbdefault\u00a0\u00bb global_colors_info=\u00a0\u00bb{}\u00a0\u00bb][lwp_divi_breadcrumbs use_before_icon=\u00a0\u00bbon\u00a0\u00bb before_icon=\u00a0\u00bb&#xe074;||divi||400&Prime; link_color=\u00a0\u00bb#E02B20&Prime; separator_color=\u00a0\u00bb#0C71C3&Prime; current_text_color=\u00a0\u00bb#000000&Prime; admin_label=\u00a0\u00bbFil arianne\u00a0\u00bb _builder_version=\u00a0\u00bb4.27.4&Prime; _module_preset=\u00a0\u00bbdefault\u00a0\u00bb module_font=\u00a0\u00bbTimes New Roman|600|on||||||\u00a0\u00bb module_text_color=\u00a0\u00bb#000000&Prime; module_font_size=\u00a0\u00bb19px\u00a0\u00bb custom_margin=\u00a0\u00bb2px|||||\u00a0\u00bb global_colors_info=\u00a0\u00bb{}\u00a0\u00bb][\/lwp_divi_breadcrumbs][\/et_pb_column][\/et_pb_row][et_pb_row _builder_version=\u00a0\u00bb4.18.0&Prime; _module_preset=\u00a0\u00bbdefault\u00a0\u00bb global_colors_info=\u00a0\u00bb{}\u00a0\u00bb][et_pb_column type=\u00a0\u00bb4_4&Prime; _builder_version=\u00a0\u00bb4.18.0&Prime; _module_preset=\u00a0\u00bbdefault\u00a0\u00bb global_colors_info=\u00a0\u00bb{}\u00a0\u00bb][et_pb_text _builder_version=\u00a0\u00bb4.18.0&Prime; _module_preset=\u00a0\u00bbdefault\u00a0\u00bb global_colors_info=\u00a0\u00bb{}\u00a0\u00bb]<\/p>\n<p style=\"text-align: center;\"><span style=\"font-family: 'times new roman', times, serif; color: #000000; font-size: 18pt;\"><em><strong>Donn\u00e9es personnelles<\/strong><\/em><\/span><\/p>\n<p><span style=\"font-family: 'times new roman', times, serif; color: #000000; font-size: 14pt;\"><strong><em>Utilisation de vos informations personnelles<\/em><\/strong><\/span><\/p>\n<p><span style=\"font-family: 'times new roman', times, serif; color: #000000; font-size: 14pt;\"><strong><em>\u00a0<\/em><\/strong><\/span><span style=\"font-family: 'times new roman', times, serif; color: #000000; font-size: 14pt;\"><strong><em>Les informations personnelles qui nous sont fournies par le biais de notre site web seront utilis\u00e9es dans les objectifs d\u00e9crits dans notre politique de confidentialit\u00e9. Nous pouvons utiliser vos informations personnelles pour:<\/em><\/strong><\/span><\/p>\n<ol>\n<li><span style=\"font-family: 'times new roman', times, serif; color: #000000; font-size: 14pt;\"><strong><em>Administrer notre site <\/em><\/strong><\/span><\/li>\n<li><span style=\"font-family: 'times new roman', times, serif; color: #000000; font-size: 14pt;\"><strong><em>Permettre votre utilisation des services propos\u00e9s sur notre site web<\/em><\/strong><\/span><\/li>\n<li><span style=\"font-family: 'times new roman', times, serif; color: #000000; font-size: 14pt;\"><strong><em>Vous envoyez des notifications par e-mail que vous avez express\u00e9ment demand\u00e9es ;<\/em><\/strong><\/span><\/li>\n<li><span style=\"font-family: 'times new roman', times, serif; color: #000000; font-size: 14pt;\"><strong><em>Vous envoyez notre lettre d&rsquo;informations par mail, si vous l\u2019avez demand\u00e9 (vous pouvez nous informer \u00e0 tout moment de votre volont\u00e9 de ne plus recevoir notre lettre d&rsquo;informations)<\/em><\/strong><\/span><\/li>\n<li><span style=\"font-family: 'times new roman', times, serif; color: #000000; font-size: 14pt;\"><strong><em>V\u00e9rifier le respect des conditions g\u00e9n\u00e9rales qui r\u00e9gissent l\u2019utilisation de notre site web <\/em><\/strong><\/span><\/li>\n<\/ol>\n<p><span style=\"font-family: 'times new roman', times, serif; color: #000000; font-size: 14pt;\"><strong><em>Sans votre consentement explicite, nous ne fournirons pas vos informations personnelles \u00e0 des tierces parties pour leur marketing direct, ni celui d\u2019autres tierces parties.<\/em><\/strong><\/span><\/p>\n<p>&nbsp;<\/p>\n<p>[\/et_pb_text][\/et_pb_column][\/et_pb_row][\/et_pb_section]<\/p>\n","protected":false},"excerpt":{"rendered":"<p><div class=\"et_pb_module lwp_divi_breadcrumbs lwp_divi_breadcrumbs_0\">\n\t\t\t\t\n\t\t\t\t\n\t\t\t\t\n\t\t\t\t\n\t\t\t\t\n\t\t\t\t\n\t\t\t\t<div class=\"et_pb_module_inner\">\n\t\t\t\t\t<div class=\"lwp-breadcrumbs\"><span class=\"before-icon et-pb-icon\">\ue074<\/span> <span class=\"before\"><\/span> <span vocab=\"https:\/\/schema.org\/\" typeof=\"BreadcrumbList\"><span property=\"itemListElement\" typeof=\"ListItem\"><a property=\"item\" typeof=\"WebPage\" href=\"https:\/\/roussesinfo.fr\/patrimoine\/\" class=\"home\"><span property=\"name\">Home<\/span><\/a><meta property=\"position\" content=\"1\"><\/span> <span class=\"separator et-pb-icon\">&#x39;<\/span> <\/span><\/div>\n\t\t\t\t<\/div>\n\t\t\t<\/div>Donn\u00e9es personnelles Utilisation de vos informations personnelles \u00a0Les informations personnelles qui nous sont fournies par le biais de notre site web seront utilis\u00e9es dans les objectifs d\u00e9crits dans notre politique de confidentialit\u00e9. Nous pouvons utiliser vos informations personnelles pour: [&hellip;]<\/p>\n","protected":false},"author":1,"featured_media":0,"parent":0,"menu_order":0,"comment_status":"closed","ping_status":"closed","template":"","meta":{"_et_pb_use_builder":"on","_et_pb_old_content":"","_et_gb_content_width":"","footnotes":""},"class_list":["post-2822","page","type-page","status-publish","hentry"],"_links":{"self":[{"href":"https:\/\/roussesinfo.fr\/patrimoine\/wp-json\/wp\/v2\/pages\/2822","targetHints":{"allow":["GET"]}}],"collection":[{"href":"https:\/\/roussesinfo.fr\/patrimoine\/wp-json\/wp\/v2\/pages"}],"about":[{"href":"https:\/\/roussesinfo.fr\/patrimoine\/wp-json\/wp\/v2\/types\/page"}],"author":[{"embeddable":true,"href":"https:\/\/roussesinfo.fr\/patrimoine\/wp-json\/wp\/v2\/users\/1"}],"replies":[{"embeddable":true,"href":"https:\/\/roussesinfo.fr\/patrimoine\/wp-json\/wp\/v2\/comments?post=2822"}],"version-history":[{"count":0,"href":"https:\/\/roussesinfo.fr\/patrimoine\/wp-json\/wp\/v2\/pages\/2822\/revisions"}],"wp:attachment":[{"href":"https:\/\/roussesinfo.fr\/patrimoine\/wp-json\/wp\/v2\/media?parent=2822"}],"curies":[{"name":"wp","href":"https:\/\/api.w.org\/{rel}","templated":true}]}}