{"id":3435,"date":"2022-09-23T17:32:47","date_gmt":"2022-09-23T16:32:47","guid":{"rendered":"https:\/\/roussesinfo.fr\/patrimoine\/?page_id=3435"},"modified":"2025-08-22T07:03:04","modified_gmt":"2025-08-22T06:03:04","slug":"triangle-ou-arc-de-decharge","status":"publish","type":"page","link":"https:\/\/roussesinfo.fr\/patrimoine\/generalites\/triangle-ou-arc-de-decharge\/","title":{"rendered":"Triangle ou arc de d\u00e9charge"},"content":{"rendered":"<p>[et_pb_section fb_built=\u00a0\u00bb1&Prime; _builder_version=\u00a0\u00bb4.18.0&Prime; _module_preset=\u00a0\u00bbdefault\u00a0\u00bb background_image=\u00a0\u00bbhttps:\/\/roussesinfo.fr\/patrimoine\/wp-content\/uploads\/2022\/08\/Textures-parcemin_01-scaled.jpg\u00a0\u00bb custom_padding=\u00a0\u00bb4px|||||\u00a0\u00bb global_colors_info=\u00a0\u00bb{}\u00a0\u00bb][et_pb_row admin_label=\u00a0\u00bbFil arianne\u00a0\u00bb _builder_version=\u00a0\u00bb4.27.4&Prime; _module_preset=\u00a0\u00bbdefault\u00a0\u00bb width=\u00a0\u00bb95%\u00a0\u00bb max_width=\u00a0\u00bb1711px\u00a0\u00bb custom_padding=\u00a0\u00bb5px|||||\u00a0\u00bb hover_enabled=\u00a0\u00bb0&Prime; global_colors_info=\u00a0\u00bb{}\u00a0\u00bb sticky_enabled=\u00a0\u00bb0&Prime;][et_pb_column type=\u00a0\u00bb4_4&Prime; _builder_version=\u00a0\u00bb4.25.2&Prime; _module_preset=\u00a0\u00bbdefault\u00a0\u00bb global_colors_info=\u00a0\u00bb{}\u00a0\u00bb][lwp_divi_breadcrumbs use_before_icon=\u00a0\u00bbon\u00a0\u00bb before_icon=\u00a0\u00bb&#xe074;||divi||400&Prime; link_color=\u00a0\u00bb#E02B20&Prime; separator_color=\u00a0\u00bb#0C71C3&Prime; current_text_color=\u00a0\u00bb#000000&Prime; admin_label=\u00a0\u00bbFil arianne\u00a0\u00bb _builder_version=\u00a0\u00bb4.27.4&Prime; _module_preset=\u00a0\u00bbdefault\u00a0\u00bb module_font=\u00a0\u00bbTimes New Roman|600|on||||||\u00a0\u00bb module_text_color=\u00a0\u00bb#000000&Prime; module_font_size=\u00a0\u00bb19px\u00a0\u00bb custom_margin=\u00a0\u00bb2px|||||\u00a0\u00bb global_colors_info=\u00a0\u00bb{}\u00a0\u00bb][\/lwp_divi_breadcrumbs][\/et_pb_column][\/et_pb_row][et_pb_row _builder_version=\u00a0\u00bb4.18.0&Prime; _module_preset=\u00a0\u00bbdefault\u00a0\u00bb custom_padding=\u00a0\u00bb11px||10px|||\u00a0\u00bb global_colors_info=\u00a0\u00bb{}\u00a0\u00bb][et_pb_column type=\u00a0\u00bb4_4&Prime; _builder_version=\u00a0\u00bb4.18.0&Prime; _module_preset=\u00a0\u00bbdefault\u00a0\u00bb global_colors_info=\u00a0\u00bb{}\u00a0\u00bb][et_pb_text _builder_version=\u00a0\u00bb4.18.0&Prime; _module_preset=\u00a0\u00bbdefault\u00a0\u00bb global_colors_info=\u00a0\u00bb{}\u00a0\u00bb]<\/p>\n<p style=\"text-align: center;\"><strong><em><span style=\"color: #000000; font-size: 18pt; font-family: 'times new roman', times, serif;\">Triangle ou arc de d\u00e9charge<\/span><\/em><\/strong><\/p>\n<p>[\/et_pb_text][\/et_pb_column][\/et_pb_row][et_pb_row column_structure=\u00a0\u00bb3_5,2_5&Prime; _builder_version=\u00a0\u00bb4.18.0&Prime; _module_preset=\u00a0\u00bbdefault\u00a0\u00bb custom_padding=\u00a0\u00bb||5px|||\u00a0\u00bb global_colors_info=\u00a0\u00bb{}\u00a0\u00bb][et_pb_column type=\u00a0\u00bb3_5&Prime; _builder_version=\u00a0\u00bb4.18.0&Prime; _module_preset=\u00a0\u00bbdefault\u00a0\u00bb global_colors_info=\u00a0\u00bb{}\u00a0\u00bb][et_pb_text _builder_version=\u00a0\u00bb4.18.0&Prime; _module_preset=\u00a0\u00bbdefault\u00a0\u00bb custom_padding=\u00a0\u00bb12px|||||\u00a0\u00bb global_colors_info=\u00a0\u00bb{}\u00a0\u00bb]<\/p>\n<p style=\"text-align: justify;\"><span style=\"color: #000000;\"><strong><span style=\"font-size: 14pt; font-family: 'times new roman', times, serif;\"><em>La vo\u00fbte est une invention romaine que les Grecs ignoraient. Pour \u00e9viter de trop fortes contraintes sur les linteaux, ils invent\u00e8rent une technique consistant \u00e0 r\u00e9server au-dessus des portes un espace vide, en les surmontant de blocs en surplomb de taille croissante. Cette technique, nomm\u00e9e\u00a0triangle de d\u00e9charge, est caract\u00e9ristique de l&rsquo;<\/em><a style=\"color: #000000;\" href=\"http:\/\/francoib.chez-alice.fr\/vocahist\/mycenien.htm\"><em>\u00e9poque myc\u00e9nienne<\/em><\/a><em>.<\/em><\/span><\/strong><\/span><\/p>\n<p>[\/et_pb_text][\/et_pb_column][et_pb_column type=\u00a0\u00bb2_5&Prime; _builder_version=\u00a0\u00bb4.18.0&Prime; _module_preset=\u00a0\u00bbdefault\u00a0\u00bb global_colors_info=\u00a0\u00bb{}\u00a0\u00bb][et_pb_image src=\u00a0\u00bbhttps:\/\/roussesinfo.fr\/patrimoine\/wp-content\/uploads\/2022\/09\/arc-de-decharge-dessin.jpg\u00a0\u00bb title_text=\u00a0\u00bbarc de decharge dessin\u00a0\u00bb align=\u00a0\u00bbcenter\u00a0\u00bb _builder_version=\u00a0\u00bb4.18.0&Prime; _module_preset=\u00a0\u00bbdefault\u00a0\u00bb custom_margin=\u00a0\u00bb-47px|||||\u00a0\u00bb custom_padding=\u00a0\u00bb0px|||||\u00a0\u00bb global_colors_info=\u00a0\u00bb{}\u00a0\u00bb][\/et_pb_image][\/et_pb_column][\/et_pb_row][et_pb_row _builder_version=\u00a0\u00bb4.18.0&Prime; _module_preset=\u00a0\u00bbdefault\u00a0\u00bb custom_padding=\u00a0\u00bb0px|||||\u00a0\u00bb global_colors_info=\u00a0\u00bb{}\u00a0\u00bb][et_pb_column type=\u00a0\u00bb4_4&Prime; _builder_version=\u00a0\u00bb4.18.0&Prime; _module_preset=\u00a0\u00bbdefault\u00a0\u00bb global_colors_info=\u00a0\u00bb{}\u00a0\u00bb][et_pb_text _builder_version=\u00a0\u00bb4.18.0&Prime; _module_preset=\u00a0\u00bbdefault\u00a0\u00bb custom_margin=\u00a0\u00bb-15px|||||\u00a0\u00bb custom_padding=\u00a0\u00bb5px|||||\u00a0\u00bb global_colors_info=\u00a0\u00bb{}\u00a0\u00bb]<\/p>\n<p style=\"text-align: justify;\"><span style=\"color: #000000;\"><strong><span style=\"font-family: 'times new roman', times, serif; font-size: 14pt;\"><em>Un\u00a0arc de d\u00e9charge\u00a0est un \u00e9l\u00e9ment d&rsquo;<\/em><a style=\"color: #000000;\" href=\"https:\/\/fr.wikipedia.org\/wiki\/Architecture\"><em>architecture<\/em><\/a><em>\u00a0qui a pour but l&rsquo;all\u00e8gement du poids du mur sur le\u00a0<\/em><a style=\"color: #000000;\" href=\"https:\/\/fr.wikipedia.org\/wiki\/Linteau_(architecture)\"><em>linteau<\/em><\/a><em>\u00a0en repoussant les charges sur les c\u00f4t\u00e9s<\/em><em>. Les arcs de d\u00e9charges sont souvent soit en\u00a0<\/em><a style=\"color: #000000;\" href=\"https:\/\/fr.wikipedia.org\/wiki\/Pierre_(mat%C3%A9riau)\"><em>pierre<\/em><\/a><em>\u00a0(appareill\u00e9e ou non) soit en\u00a0<\/em><a style=\"color: #000000;\" href=\"https:\/\/fr.wikipedia.org\/wiki\/Brique_(mat%C3%A9riau)\"><em>brique<\/em><\/a><em>\u00a0ou en bois. Ils peuvent \u00eatre dissimul\u00e9s sous un enduit ou \u00eatre apparents et jouer un r\u00f4le d\u00e9coratif.<\/em><\/span><\/strong><\/span><\/p>\n<p style=\"text-align: justify;\"><span style=\"color: #000000;\"><strong><span style=\"font-family: 'times new roman', times, serif; font-size: 14pt;\"><em>Description :\u00a0<\/em><\/span><\/strong><\/span><span style=\"color: #000000;\"><strong><span style=\"font-family: 'times new roman', times, serif; font-size: 14pt;\"><em>L&rsquo;arc de d\u00e9charge se distingue des autres arcs, comme les\u00a0<\/em><a style=\"color: #000000;\" href=\"https:\/\/fr.wikipedia.org\/wiki\/Archivolte\"><em>archivoltes<\/em><\/a><em>, par le fait qu&rsquo;il affleure la surface du mur ou avec un l\u00e9ger relief. Le poids du mur au-dessus du linteau est r\u00e9parti sur les\u00a0<\/em><a style=\"color: #000000;\" href=\"https:\/\/fr.wikipedia.org\/wiki\/Sommier_(architecture)\"><em>sommiers<\/em><\/a><em>\u00a0aux extr\u00e9mit\u00e9s des linteaux et qui s&rsquo;appuient sur les piliers autour de l&rsquo;ouverture.<\/em><\/span><\/strong><\/span><\/p>\n<p style=\"text-align: justify;\"><span style=\"color: #000000;\"><strong><span style=\"font-family: 'times new roman', times, serif; font-size: 14pt;\"><em>\u00c0 l&rsquo;\u00e9poque romaine, les arcs \u00e9taient en briques ou en\u00a0<\/em><a style=\"color: #000000;\" href=\"https:\/\/fr.wikipedia.org\/wiki\/Moellon\"><em>moellons<\/em><\/a><em>\u00a0int\u00e9gr\u00e9s \u00e0 la ma\u00e7onnerie. Par la suite, ils deviennent plus apparent \u00e0 des fins d\u00e9coratives. D&rsquo;abord de forme\u00a0<\/em><a style=\"color: #000000;\" href=\"https:\/\/fr.wikipedia.org\/wiki\/Vo%C3%BBte_en_berceau\"><em>cintr\u00e9e<\/em><\/a><em>, ils prennent ensuite la forme\u00a0<\/em><a style=\"color: #000000;\" href=\"https:\/\/fr.wikipedia.org\/wiki\/Ogive_(architecture)\"><em>ogivale<\/em><\/a><em>.<\/em><\/span><\/strong><\/span><\/p>\n<p><strong><em><span style=\"font-size: 12pt; font-family: 'times new roman', times, serif; color: #000000;\">Source : <a href=\"https:\/\/fr.wikipedia.org\/wiki\/Arc_de_d%C3%A9charge\" target=\"_blank\" rel=\"noopener\">https:\/\/fr.wikipedia.org\/wiki\/Arc_de_d%C3%A9charge<\/a><\/span><\/em><\/strong><\/p>\n<p>[\/et_pb_text][\/et_pb_column][\/et_pb_row][et_pb_row column_structure=\u00a0\u00bb1_3,1_3,1_3&Prime; _builder_version=\u00a0\u00bb4.18.0&Prime; _module_preset=\u00a0\u00bbdefault\u00a0\u00bb custom_margin=\u00a0\u00bb-30px|auto||auto||\u00a0\u00bb global_colors_info=\u00a0\u00bb{}\u00a0\u00bb][et_pb_column type=\u00a0\u00bb1_3&Prime; _builder_version=\u00a0\u00bb4.18.0&Prime; _module_preset=\u00a0\u00bbdefault\u00a0\u00bb global_colors_info=\u00a0\u00bb{}\u00a0\u00bb][et_pb_image src=\u00a0\u00bbhttps:\/\/roussesinfo.fr\/patrimoine\/wp-content\/uploads\/2022\/09\/Triangle-de-decharge_-prat-nouvel-04-rotated-e1663951269745.jpg\u00a0\u00bb title_text=\u00a0\u00bbTriangle de decharge_ prat nouvel-04&Prime; show_in_lightbox=\u00a0\u00bbon\u00a0\u00bb align=\u00a0\u00bbcenter\u00a0\u00bb _builder_version=\u00a0\u00bb4.18.0&Prime; _module_preset=\u00a0\u00bbdefault\u00a0\u00bb width=\u00a0\u00bb99.8%\u00a0\u00bb custom_padding=\u00a0\u00bb|9px||8px||\u00a0\u00bb global_colors_info=\u00a0\u00bb{}\u00a0\u00bb][\/et_pb_image][et_pb_text _builder_version=\u00a0\u00bb4.18.0&Prime; _module_preset=\u00a0\u00bbdefault\u00a0\u00bb global_colors_info=\u00a0\u00bb{}\u00a0\u00bb]<\/p>\n<p style=\"text-align: center;\"><span style=\"font-size: 12pt; color: #000000;\"><strong><em><span style=\"font-family: 'times new roman', times, serif;\">Prat Nouvel<\/span><\/em><\/strong><\/span><\/p>\n<p>[\/et_pb_text][\/et_pb_column][et_pb_column type=\u00a0\u00bb1_3&Prime; _builder_version=\u00a0\u00bb4.18.0&Prime; _module_preset=\u00a0\u00bbdefault\u00a0\u00bb global_colors_info=\u00a0\u00bb{}\u00a0\u00bb][et_pb_image src=\u00a0\u00bbhttps:\/\/roussesinfo.fr\/patrimoine\/wp-content\/uploads\/2022\/09\/Triangle-de-decharge_-prat-nouvel-03-rotated-e1663951313478.jpg\u00a0\u00bb title_text=\u00a0\u00bbTriangle de decharge_ prat nouvel-03&Prime; show_in_lightbox=\u00a0\u00bbon\u00a0\u00bb align=\u00a0\u00bbcenter\u00a0\u00bb _builder_version=\u00a0\u00bb4.18.0&Prime; _module_preset=\u00a0\u00bbdefault\u00a0\u00bb custom_margin=\u00a0\u00bb|||17px||\u00a0\u00bb custom_padding=\u00a0\u00bb|20px||||\u00a0\u00bb global_colors_info=\u00a0\u00bb{}\u00a0\u00bb][\/et_pb_image][et_pb_text _builder_version=\u00a0\u00bb4.18.0&Prime; _module_preset=\u00a0\u00bbdefault\u00a0\u00bb global_colors_info=\u00a0\u00bb{}\u00a0\u00bb]<\/p>\n<p style=\"text-align: center;\"><span style=\"font-size: 12pt; color: #000000;\"><strong><em><span style=\"font-family: 'times new roman', times, serif;\">Prat Nouvel<\/span><\/em><\/strong><\/span><\/p>\n<p>[\/et_pb_text][\/et_pb_column][et_pb_column type=\u00a0\u00bb1_3&Prime; _builder_version=\u00a0\u00bb4.18.0&Prime; _module_preset=\u00a0\u00bbdefault\u00a0\u00bb global_colors_info=\u00a0\u00bb{}\u00a0\u00bb][et_pb_image src=\u00a0\u00bbhttps:\/\/roussesinfo.fr\/patrimoine\/wp-content\/uploads\/2022\/09\/Triangle-de-dechargel-01.jpg\u00a0\u00bb title_text=\u00a0\u00bbTriangle de dechargel-01&Prime; show_in_lightbox=\u00a0\u00bbon\u00a0\u00bb align=\u00a0\u00bbcenter\u00a0\u00bb _builder_version=\u00a0\u00bb4.18.0&Prime; _module_preset=\u00a0\u00bbdefault\u00a0\u00bb custom_padding=\u00a0\u00bb4px|||||\u00a0\u00bb global_colors_info=\u00a0\u00bb{}\u00a0\u00bb][\/et_pb_image][et_pb_text _builder_version=\u00a0\u00bb4.18.0&Prime; _module_preset=\u00a0\u00bbdefault\u00a0\u00bb global_colors_info=\u00a0\u00bb{}\u00a0\u00bb]<\/p>\n<p style=\"text-align: center;\"><span style=\"font-size: 12pt; color: #000000;\"><span style=\"color: #000000; font-family: times new roman, times, serif;\"><span style=\"font-size: 16px;\"><b><i>Exemple<\/i><\/b><\/span><\/span><strong style=\"color: #000000; font-size: 12pt;\"><em><span style=\"font-family: 'times new roman', times, serif;\">\u00a0g\u00e9n\u00e9ral<\/span><\/em><\/strong><\/span><\/p>\n<p>[\/et_pb_text][\/et_pb_column][\/et_pb_row][\/et_pb_section]<\/p>\n","protected":false},"excerpt":{"rendered":"<p><div class=\"et_pb_module lwp_divi_breadcrumbs lwp_divi_breadcrumbs_0\">\n\t\t\t\t\n\t\t\t\t\n\t\t\t\t\n\t\t\t\t\n\t\t\t\t\n\t\t\t\t\n\t\t\t\t<div class=\"et_pb_module_inner\">\n\t\t\t\t\t<div class=\"lwp-breadcrumbs\"><span class=\"before-icon et-pb-icon\">\ue074<\/span> <span class=\"before\"><\/span> <span vocab=\"https:\/\/schema.org\/\" typeof=\"BreadcrumbList\"><span property=\"itemListElement\" typeof=\"ListItem\"><a property=\"item\" typeof=\"WebPage\" href=\"https:\/\/roussesinfo.fr\/patrimoine\/\" class=\"home\"><span property=\"name\">Home<\/span><\/a><meta property=\"position\" content=\"1\"><\/span> <span class=\"separator et-pb-icon\">&#x39;<\/span> <\/span><\/div>\n\t\t\t\t<\/div>\n\t\t\t<\/div>Triangle ou arc de d\u00e9chargeLa vo\u00fbte est une invention romaine que les Grecs ignoraient. Pour \u00e9viter de trop fortes contraintes sur les linteaux, ils invent\u00e8rent une technique consistant \u00e0 r\u00e9server au-dessus des portes un espace vide, en les surmontant [&hellip;]<\/p>\n","protected":false},"author":1,"featured_media":0,"parent":1749,"menu_order":0,"comment_status":"closed","ping_status":"closed","template":"","meta":{"_et_pb_use_builder":"on","_et_pb_old_content":"","_et_gb_content_width":"","footnotes":""},"class_list":["post-3435","page","type-page","status-publish","hentry"],"_links":{"self":[{"href":"https:\/\/roussesinfo.fr\/patrimoine\/wp-json\/wp\/v2\/pages\/3435","targetHints":{"allow":["GET"]}}],"collection":[{"href":"https:\/\/roussesinfo.fr\/patrimoine\/wp-json\/wp\/v2\/pages"}],"about":[{"href":"https:\/\/roussesinfo.fr\/patrimoine\/wp-json\/wp\/v2\/types\/page"}],"author":[{"embeddable":true,"href":"https:\/\/roussesinfo.fr\/patrimoine\/wp-json\/wp\/v2\/users\/1"}],"replies":[{"embeddable":true,"href":"https:\/\/roussesinfo.fr\/patrimoine\/wp-json\/wp\/v2\/comments?post=3435"}],"version-history":[{"count":0,"href":"https:\/\/roussesinfo.fr\/patrimoine\/wp-json\/wp\/v2\/pages\/3435\/revisions"}],"up":[{"embeddable":true,"href":"https:\/\/roussesinfo.fr\/patrimoine\/wp-json\/wp\/v2\/pages\/1749"}],"wp:attachment":[{"href":"https:\/\/roussesinfo.fr\/patrimoine\/wp-json\/wp\/v2\/media?parent=3435"}],"curies":[{"name":"wp","href":"https:\/\/api.w.org\/{rel}","templated":true}]}}