{"id":386,"date":"2022-08-21T11:23:21","date_gmt":"2022-08-21T10:23:21","guid":{"rendered":"https:\/\/roussesinfo.fr\/patrimoine\/?page_id=386"},"modified":"2025-08-20T06:43:44","modified_gmt":"2025-08-20T05:43:44","slug":"la-chataigne","status":"publish","type":"page","link":"https:\/\/roussesinfo.fr\/patrimoine\/activites-domestiques-alimentaires\/la-chataigne\/","title":{"rendered":"La chataigne"},"content":{"rendered":"<p>[et_pb_section fb_built=\u00a0\u00bb1&Prime; _builder_version=\u00a0\u00bb4.18.0&Prime; _module_preset=\u00a0\u00bbdefault\u00a0\u00bb background_image=\u00a0\u00bbhttps:\/\/roussesinfo.fr\/patrimoine\/wp-content\/uploads\/2022\/08\/Textures-parcemin_01-scaled.jpg\u00a0\u00bb custom_padding=\u00a0\u00bb9px|||||\u00a0\u00bb global_colors_info=\u00a0\u00bb{}\u00a0\u00bb][et_pb_row admin_label=\u00a0\u00bbFil arianne\u00a0\u00bb _builder_version=\u00a0\u00bb4.27.4&Prime; _module_preset=\u00a0\u00bbdefault\u00a0\u00bb width=\u00a0\u00bb100%\u00a0\u00bb max_width=\u00a0\u00bb1711px\u00a0\u00bb custom_padding=\u00a0\u00bb5px|||||\u00a0\u00bb global_colors_info=\u00a0\u00bb{}\u00a0\u00bb theme_builder_area=\u00a0\u00bbpost_content\u00a0\u00bb][et_pb_column type=\u00a0\u00bb4_4&Prime; _builder_version=\u00a0\u00bb4.25.2&Prime; _module_preset=\u00a0\u00bbdefault\u00a0\u00bb global_colors_info=\u00a0\u00bb{}\u00a0\u00bb theme_builder_area=\u00a0\u00bbpost_content\u00a0\u00bb][lwp_divi_breadcrumbs use_before_icon=\u00a0\u00bbon\u00a0\u00bb before_icon=\u00a0\u00bb&#xe074;||divi||400&Prime; link_color=\u00a0\u00bb#E02B20&Prime; separator_color=\u00a0\u00bb#0C71C3&Prime; current_text_color=\u00a0\u00bb#000000&Prime; admin_label=\u00a0\u00bbFil arianne\u00a0\u00bb _builder_version=\u00a0\u00bb4.27.4&Prime; _module_preset=\u00a0\u00bbdefault\u00a0\u00bb module_font=\u00a0\u00bbTimes New Roman|600|on||||||\u00a0\u00bb module_text_color=\u00a0\u00bb#000000&Prime; module_font_size=\u00a0\u00bb19px\u00a0\u00bb custom_margin=\u00a0\u00bb2px|||||\u00a0\u00bb global_colors_info=\u00a0\u00bb{}\u00a0\u00bb theme_builder_area=\u00a0\u00bbpost_content\u00a0\u00bb][\/lwp_divi_breadcrumbs][\/et_pb_column][\/et_pb_row][et_pb_row _builder_version=\u00a0\u00bb4.18.0&Prime; _module_preset=\u00a0\u00bbdefault\u00a0\u00bb custom_padding=\u00a0\u00bb11px|||||\u00a0\u00bb global_colors_info=\u00a0\u00bb{}\u00a0\u00bb][et_pb_column type=\u00a0\u00bb4_4&Prime; _builder_version=\u00a0\u00bb4.18.0&Prime; _module_preset=\u00a0\u00bbdefault\u00a0\u00bb global_colors_info=\u00a0\u00bb{}\u00a0\u00bb][et_pb_text _builder_version=\u00a0\u00bb4.18.0&Prime; _module_preset=\u00a0\u00bbdefault\u00a0\u00bb min_height=\u00a0\u00bb49.8px\u00a0\u00bb custom_padding=\u00a0\u00bb14px||0px|||\u00a0\u00bb global_colors_info=\u00a0\u00bb{}\u00a0\u00bb]<\/p>\n<p style=\"text-align: center;\"><span style=\"color: #000000; font-size: xx-large;\"><em><strong><span style=\"font-family: 'times new roman', times, serif;\">La ch\u00e2taigne<\/span><\/strong><\/em><\/span><\/p>\n<p>[\/et_pb_text][\/et_pb_column][\/et_pb_row][et_pb_row column_structure=\u00a0\u00bb3_5,2_5&Prime; _builder_version=\u00a0\u00bb4.18.0&Prime; _module_preset=\u00a0\u00bbdefault\u00a0\u00bb custom_margin=\u00a0\u00bb-21px|auto||auto||\u00a0\u00bb custom_padding=\u00a0\u00bb8px||0px|||\u00a0\u00bb global_colors_info=\u00a0\u00bb{}\u00a0\u00bb][et_pb_column type=\u00a0\u00bb3_5&Prime; _builder_version=\u00a0\u00bb4.18.0&Prime; _module_preset=\u00a0\u00bbdefault\u00a0\u00bb global_colors_info=\u00a0\u00bb{}\u00a0\u00bb][et_pb_text _builder_version=\u00a0\u00bb4.18.0&Prime; _module_preset=\u00a0\u00bbdefault\u00a0\u00bb custom_padding=\u00a0\u00bb48px|||||\u00a0\u00bb global_colors_info=\u00a0\u00bb{}\u00a0\u00bb]<\/p>\n<p style=\"text-align: justify;\"><span style=\"font-size: 14pt; font-family: 'times new roman', times, serif; color: #000000;\"><strong><em>Elle fut longtemps la base de l&rsquo;alimentation humaine dans des r\u00e9gions enti\u00e8res. On appelait d&rsquo;ailleurs le ch\u00e2taignier \u00ab\u00a0l&rsquo;arbre \u00e0 pain\u00a0\u00bb mais aussi \u00ab\u00a0l&rsquo;arbre \u00e0 saucisses\u00a0\u00bb car les ch\u00e2taignes servaient aussi \u00e0 l&rsquo;alimentation des porcs. Autrefois, dans les C\u00e9vennes, les ch\u00e2taignes constituaient une bonne partie de l&rsquo;alimentation. <\/em><\/strong><\/span><\/p>\n<p>[\/et_pb_text][\/et_pb_column][et_pb_column type=\u00a0\u00bb2_5&Prime; _builder_version=\u00a0\u00bb4.18.0&Prime; _module_preset=\u00a0\u00bbdefault\u00a0\u00bb global_colors_info=\u00a0\u00bb{}\u00a0\u00bb][et_pb_text _builder_version=\u00a0\u00bb4.18.0&Prime; _module_preset=\u00a0\u00bbdefault\u00a0\u00bb global_colors_info=\u00a0\u00bb{}\u00a0\u00bb]<\/p>\n<p style=\"text-align: center;\"><a href=\"https:\/\/roussesinfo.fr\/patrimoine\/?attachment_id=389\"><img type=\"image\/webp\" class=\"wp-image-389 aligncenter size-full lws-optimize-lazyload\"  alt=\"\" width=\"252\" height=\"189\" \/ data-src=\"https:\/\/roussesinfo.fr\/patrimoine\/wp-content\/uploads\/2022\/08\/chataigne-01.jpg\"><\/a><\/p>\n<p>[\/et_pb_text][\/et_pb_column][\/et_pb_row][et_pb_row _builder_version=\u00a0\u00bb4.18.0&Prime; _module_preset=\u00a0\u00bbdefault\u00a0\u00bb global_colors_info=\u00a0\u00bb{}\u00a0\u00bb][et_pb_column type=\u00a0\u00bb4_4&Prime; _builder_version=\u00a0\u00bb4.18.0&Prime; _module_preset=\u00a0\u00bbdefault\u00a0\u00bb global_colors_info=\u00a0\u00bb{}\u00a0\u00bb][et_pb_text _builder_version=\u00a0\u00bb4.18.0&Prime; _module_preset=\u00a0\u00bbdefault\u00a0\u00bb custom_margin=\u00a0\u00bb-13px|||||\u00a0\u00bb global_colors_info=\u00a0\u00bb{}\u00a0\u00bb]<\/p>\n<p style=\"text-align: justify;\"><span style=\"font-size: 14pt; font-family: 'times new roman', times, serif; color: #000000;\"><strong><em>Une ch\u00e2taigne est form\u00e9e d&rsquo;une coque mince, coriace, brune et brillante contenant une\u00a0<\/em><\/strong><a style=\"color: #000000;\" href=\"https:\/\/fr.wikipedia.org\/wiki\/Graine\"><strong><em>graine<\/em><\/strong><\/a><strong><em>. La coque est un\u00a0<\/em><\/strong><a style=\"color: #000000;\" href=\"https:\/\/fr.wikipedia.org\/wiki\/P%C3%A9ricarpe\"><strong><em>p\u00e9ricarpe<\/em><\/strong><\/a><strong><em>\u00a0poss\u00e9dant les trois couches classiques de la paroi d&rsquo;un fruit\u00a0:\u00a0<\/em><\/strong><a style=\"color: #000000;\" href=\"https:\/\/fr.wiktionary.org\/wiki\/%C3%A9picarpe\"><strong><em>\u00e9picarpe<\/em><\/strong><\/a><strong><em>,\u00a0<\/em><\/strong><a style=\"color: #000000;\" href=\"https:\/\/fr.wikipedia.org\/wiki\/M%C3%A9socarpe\"><strong><em>m\u00e9socarpe<\/em><\/strong><\/a><strong><em>\u00a0et\u00a0<\/em><\/strong><a style=\"color: #000000;\" href=\"https:\/\/fr.wiktionary.org\/wiki\/endocarpe\"><strong><em>endocarpe<\/em><\/strong><\/a><strong><em>. La ch\u00e2taigne se d\u00e9tache de la bogue par son\u00a0<a style=\"color: #000000;\" href=\"https:\/\/fr.wikipedia.org\/wiki\/Hile_(botanique)\">hile<\/a>. Elle a un c\u00f4t\u00e9 saillant d&rsquo;o\u00f9 \u00e9merge une petite touffe appel\u00e9 \u00ab\u00a0torche\u00a0\u00bb qui est le reste dess\u00e9ch\u00e9 du\u00a0<\/em><\/strong><a style=\"color: #000000;\" href=\"https:\/\/fr.wikipedia.org\/wiki\/Pistil\"><strong><em>pistil<\/em><\/strong><\/a><strong><em>\u00a0et des cinq ou sept \u00ab\u00a0<\/em><\/strong><a style=\"color: #000000;\" href=\"https:\/\/fr.wikipedia.org\/wiki\/Stigmate_(botanique)\"><strong><em>stigmates<\/em><\/strong><\/a><strong><em>\u00a0\u00bb floraux et qui prot\u00e8ge le\u00a0<\/em><\/strong><a style=\"color: #000000;\" href=\"https:\/\/fr.wikipedia.org\/wiki\/Germe\"><strong><em>germe<\/em><\/strong><\/a><strong><em>\u00a0(<\/em><\/strong><a style=\"color: #000000;\" href=\"https:\/\/fr.wiktionary.org\/wiki\/plumule\"><strong><em>plumule<\/em><\/strong><\/a><strong><em>). Dans de nombreuses vari\u00e9t\u00e9s, le fruit est aplati sur un ou deux c\u00f4t\u00e9s.<\/em><\/strong><\/span><\/p>\n<p>[\/et_pb_text][\/et_pb_column][\/et_pb_row][et_pb_row _builder_version=\u00a0\u00bb4.18.0&Prime; _module_preset=\u00a0\u00bbdefault\u00a0\u00bb custom_padding=\u00a0\u00bb12px|||||\u00a0\u00bb global_colors_info=\u00a0\u00bb{}\u00a0\u00bb][et_pb_column type=\u00a0\u00bb4_4&Prime; _builder_version=\u00a0\u00bb4.18.0&Prime; _module_preset=\u00a0\u00bbdefault\u00a0\u00bb global_colors_info=\u00a0\u00bb{}\u00a0\u00bb][et_pb_text _builder_version=\u00a0\u00bb4.18.0&Prime; _module_preset=\u00a0\u00bbdefault\u00a0\u00bb custom_margin=\u00a0\u00bb||-14px|||\u00a0\u00bb global_colors_info=\u00a0\u00bb{}\u00a0\u00bb]<\/p>\n<p style=\"text-align: justify;\"><span style=\"font-size: 14pt; font-family: 'times new roman', times, serif; color: #000000;\"><strong><em>La graine est envelopp\u00e9e dans un\u00a0<\/em><\/strong><a style=\"color: #000000;\" href=\"https:\/\/fr.wikipedia.org\/wiki\/T%C3%A9gument_(botanique)\"><strong><em>t\u00e9gument<\/em><\/strong><\/a><strong><em>, une pellicule rouge\u00e2tre et astringente appel\u00e9e le \u00ab\u00a0tan\u00a0\u00bb (\u00e0 cause des\u00a0<\/em><\/strong><a style=\"color: #000000;\" href=\"https:\/\/fr.wikipedia.org\/wiki\/Tanin\"><strong><em>tanins<\/em><\/strong><\/a><strong><em>\u00a0qu&rsquo;elle contient), qui p\u00e9n\u00e8tre dans les replis de l&rsquo;amande, et qu&rsquo;il faut retirer avant de consommer la ch\u00e2taigne. Les vari\u00e9t\u00e9s de ch\u00e2taignes dont le t\u00e9gument de la graine ne cloisonne pas l&rsquo;amande sont appel\u00e9es\u00a0<\/em><\/strong><a style=\"color: #000000;\" href=\"https:\/\/fr.wikipedia.org\/wiki\/Marron_(fruit)\"><strong><em>marrons<\/em><\/strong><\/a><strong><em>. Le poids de la ch\u00e2taigne peut varier de 10 \u00e0 25\u00a0grammes selon la vari\u00e9t\u00e9.<\/em><\/strong><\/span><\/p>\n<p style=\"text-align: justify;\"><span style=\"font-size: 14pt; font-family: 'times new roman', times, serif; color: #000000;\"><strong><em>La ch\u00e2taigne, qui est un\u00a0<\/em><\/strong><a style=\"color: #000000;\" href=\"https:\/\/fr.wikipedia.org\/wiki\/Ak%C3%A8ne\"><strong><em>ak\u00e8ne<\/em><\/strong><\/a><strong><em>, est form\u00e9e d&rsquo;une masse farineuse envelopp\u00e9e d&rsquo;une \u00e9corce lisse de couleur brun rouge\u00e2tre appel\u00e9e le \u00ab\u00a0tan\u00a0\u00bb.\u00a0La\u00a0<\/em><\/strong><a style=\"color: #000000;\" href=\"https:\/\/fr.wikipedia.org\/wiki\/Farine_de_ch%C3%A2taigne\"><strong><em>farine de ch\u00e2taigne<\/em><\/strong><\/a><strong><em>\u00a0contient plus de 75\u00a0% de glucides, ce qui en fait un aliment <\/em><\/strong><\/span><\/p>\n<p>[\/et_pb_text][\/et_pb_column][\/et_pb_row][et_pb_row column_structure=\u00a0\u00bb1_3,2_3&Prime; _builder_version=\u00a0\u00bb4.18.0&Prime; _module_preset=\u00a0\u00bbdefault\u00a0\u00bb custom_padding=\u00a0\u00bb0px|||||\u00a0\u00bb global_colors_info=\u00a0\u00bb{}\u00a0\u00bb][et_pb_column type=\u00a0\u00bb1_3&Prime; _builder_version=\u00a0\u00bb4.18.0&Prime; _module_preset=\u00a0\u00bbdefault\u00a0\u00bb global_colors_info=\u00a0\u00bb{}\u00a0\u00bb][et_pb_text _builder_version=\u00a0\u00bb4.18.0&Prime; _module_preset=\u00a0\u00bbdefault\u00a0\u00bb custom_padding=\u00a0\u00bb0px|||||\u00a0\u00bb global_colors_info=\u00a0\u00bb{}\u00a0\u00bb]<\/p>\n<p><a href=\"https:\/\/roussesinfo.fr\/patrimoine\/?attachment_id=390\"><img type=\"image\/webp\" class=\"wp-image-390 aligncenter size-full lws-optimize-lazyload\"  alt=\"\" width=\"159\" height=\"106\" \/ data-src=\"https:\/\/roussesinfo.fr\/patrimoine\/wp-content\/uploads\/2022\/08\/chataigne-02.jpg\"><\/a><\/p>\n<p>[\/et_pb_text][\/et_pb_column][et_pb_column type=\u00a0\u00bb2_3&Prime; _builder_version=\u00a0\u00bb4.18.0&Prime; _module_preset=\u00a0\u00bbdefault\u00a0\u00bb global_colors_info=\u00a0\u00bb{}\u00a0\u00bb][et_pb_text _builder_version=\u00a0\u00bb4.18.0&Prime; _module_preset=\u00a0\u00bbdefault\u00a0\u00bb custom_padding=\u00a0\u00bb0px|||||\u00a0\u00bb global_colors_info=\u00a0\u00bb{}\u00a0\u00bb]<\/p>\n<p style=\"text-align: justify;\"><span style=\"font-size: 14pt; font-family: 'times new roman', times, serif; color: #000000;\"><strong><em>La graine est envelopp\u00e9e dans un\u00a0<\/em><\/strong><a style=\"color: #000000;\" href=\"https:\/\/fr.wikipedia.org\/wiki\/T%C3%A9gument_(botanique)\"><strong><em>t\u00e9gument<\/em><\/strong><\/a><strong><em>, une pellicule rouge\u00e2tre et astringente appel\u00e9e le \u00ab\u00a0tan\u00a0\u00bb (\u00e0 cause des\u00a0<\/em><\/strong><a style=\"color: #000000;\" href=\"https:\/\/fr.wikipedia.org\/wiki\/Tanin\"><strong><em>tanins<\/em><\/strong><\/a><strong><em>\u00a0qu&rsquo;elle contient), qui p\u00e9n\u00e8tre dans les replis de l&rsquo;amande, et qu&rsquo;il faut retirer avant de consommer la ch\u00e2taigne. Les vari\u00e9t\u00e9s de ch\u00e2taignes dont le t\u00e9gument de la graine ne cloisonne pas l&rsquo;amande sont appel\u00e9es\u00a0<\/em><\/strong><a style=\"color: #000000;\" href=\"https:\/\/fr.wikipedia.org\/wiki\/Marron_(fruit)\"><strong><em>marrons<\/em><\/strong><\/a><strong><em>. Le poids de la ch\u00e2taigne peut varier de 10 \u00e0 25\u00a0grammes selon la vari\u00e9t\u00e9.<\/em><\/strong><\/span><\/p>\n<p style=\"text-align: justify;\"><span style=\"font-size: 14pt; font-family: 'times new roman', times, serif; color: #000000;\"><strong><em>La ch\u00e2taigne, qui est un\u00a0<\/em><\/strong><a style=\"color: #000000;\" href=\"https:\/\/fr.wikipedia.org\/wiki\/Ak%C3%A8ne\"><strong><em>ak\u00e8ne<\/em><\/strong><\/a><strong><em>, est form\u00e9e d&rsquo;une masse farineuse envelopp\u00e9e d&rsquo;une \u00e9corce lisse de couleur brun rouge\u00e2tre appel\u00e9e le \u00ab\u00a0tan\u00a0\u00bb.\u00a0La\u00a0<\/em><\/strong><a style=\"color: #000000;\" href=\"https:\/\/fr.wikipedia.org\/wiki\/Farine_de_ch%C3%A2taigne\"><strong><em>farine de ch\u00e2taigne<\/em><\/strong><\/a><strong><em>\u00a0contient plus de 75\u00a0% de glucides, ce qui en fait un aliment <\/em><\/strong><\/span><\/p>\n<p>[\/et_pb_text][\/et_pb_column][\/et_pb_row][et_pb_row _builder_version=\u00a0\u00bb4.18.0&Prime; _module_preset=\u00a0\u00bbdefault\u00a0\u00bb custom_margin=\u00a0\u00bb-24px|auto||auto||\u00a0\u00bb custom_padding=\u00a0\u00bb7px|||||\u00a0\u00bb global_colors_info=\u00a0\u00bb{}\u00a0\u00bb][et_pb_column type=\u00a0\u00bb4_4&Prime; _builder_version=\u00a0\u00bb4.18.0&Prime; _module_preset=\u00a0\u00bbdefault\u00a0\u00bb global_colors_info=\u00a0\u00bb{}\u00a0\u00bb][et_pb_text _builder_version=\u00a0\u00bb4.18.0&Prime; _module_preset=\u00a0\u00bbdefault\u00a0\u00bb custom_margin=\u00a0\u00bb||14px|||\u00a0\u00bb global_colors_info=\u00a0\u00bb{}\u00a0\u00bb]<\/p>\n<p style=\"text-align: justify;\"><span style=\"font-size: 14pt; font-family: 'times new roman', times, serif; color: #000000;\"><strong><em>Les ch\u00e2taignes peuvent se consommer fra\u00eeches ou s\u00e9ch\u00e9es (humidit\u00e9 inf\u00e9rieure \u00e0 10\u00a0%), crues (peu digestes, elles n\u00e9cessitent une\u00a0<\/em><\/strong><a style=\"color: #000000;\" href=\"https:\/\/fr.wikipedia.org\/wiki\/Mastication\"><strong><em>mastication<\/em><\/strong><\/a><strong><em>\u00a0efficace qui favorise l&rsquo;impr\u00e9gnation\u00a0<\/em><\/strong><a style=\"color: #000000;\" href=\"https:\/\/fr.wikipedia.org\/wiki\/Salive\"><strong><em>salivaire<\/em><\/strong><\/a><strong><em>\u00a0et l&rsquo;action des\u00a0<\/em><\/strong><a style=\"color: #000000;\" href=\"https:\/\/fr.wikipedia.org\/wiki\/Amylase\"><strong><em>amylases<\/em><\/strong><\/a><strong><em>\u00a0salivaires qui pr\u00e9dig\u00e8rent l&rsquo;amidon), bouillies, r\u00f4ties, grill\u00e9es au four, sous la cendre ou dans des po\u00eales trou\u00e9es. Elles peuvent \u00eatre confites au sucre et cristallis\u00e9es (les\u00a0<\/em><\/strong><a style=\"color: #000000;\" href=\"https:\/\/fr.wikipedia.org\/wiki\/Marron_glac%C3%A9\"><strong><em>marrons glac\u00e9s<\/em><\/strong><\/a><strong><em>, qui se vendent surtout en fin d&rsquo;ann\u00e9e), mises dans de l&rsquo;alcool, cuites en confiture ou en pur\u00e9e.<\/em><\/strong><\/span><\/p>\n<p style=\"text-align: justify;\"><span style=\"font-size: 14pt; font-family: 'times new roman', times, serif; color: #000000;\"><strong><em>Dans les\u00a0<\/em><\/strong><a style=\"color: #000000;\" href=\"https:\/\/fr.wikipedia.org\/wiki\/C%C3%A9vennes\"><strong><em>C\u00e9vennes<\/em><\/strong><\/a><strong><em>, chaque\u00a0<\/em><\/strong><a style=\"color: #000000;\" href=\"https:\/\/fr.wikipedia.org\/wiki\/Mas_(construction)\"><strong><em>mas<\/em><\/strong><\/a><strong><em>\u00a0avait sa\u00a0<a style=\"color: #000000;\" href=\"https:\/\/fr.wikipedia.org\/wiki\/Cl%C3%A8de\">cl\u00e8de<\/a>\u00a0pour faire s\u00e9cher les ch\u00e2taignes.<\/em><\/strong><\/span><\/p>\n<p style=\"text-align: justify;\"><span style=\"font-size: 14pt; font-family: 'times new roman', times, serif; color: #000000;\"><strong><em>Aussit\u00f4t apr\u00e8s le ramassage, on immerge totalement les ch\u00e2taignes dans une cuve remplie d\u2019eau, et, apr\u00e8s brassage des ch\u00e2taignes, on \u00e9limine tout ce qui flotte. Ce sont des fruits v\u00e9reux ou d\u00e9j\u00e0 pourris, car les fruits sains, plus denses, ne flottent<\/em><\/strong><strong><em> pas.<\/em><\/strong><\/span><\/p>\n<p style=\"text-align: justify;\"><span style=\"font-size: 14pt; font-family: 'times new roman', times, serif; color: #000000;\"><strong><em>Apr\u00e8s le trempage, les ch\u00e2taignes sont \u00e9tal\u00e9es sur un plancher pour le ressuyage pendant 8 \u00e0 10\u00a0jours dans un endroit bien ventil\u00e9. Le s\u00e9chage est termin\u00e9 quand les ch\u00e2taignes restent s\u00e8ches au d\u00e9but du jour, sans traces de condensation nocturne. On peut alors les stocker dans un local frais et a\u00e9r\u00e9 (pas dans une cave) puis les remuer de temps en temps pour les a\u00e9rer.<\/em><\/strong><\/span><\/p>\n<p>[\/et_pb_text][et_pb_text _builder_version=\u00a0\u00bb4.18.0&Prime; _module_preset=\u00a0\u00bbdefault\u00a0\u00bb custom_margin=\u00a0\u00bb||-8px|||\u00a0\u00bb global_colors_info=\u00a0\u00bb{}\u00a0\u00bb]<\/p>\n<p style=\"text-align: center;\"><span style=\"font-size: xx-large; font-family: 'times new roman', times, serif; color: #000000;\"><strong><em>La\u00a0bajana<\/em><\/strong><\/span><\/p>\n<p><span style=\"font-size: 14pt; font-family: 'times new roman', times, serif; color: #000000;\"><strong><em>En\u00a0occitan\u00a0bajanac\u00a0et parfois orthographi\u00e9e\u00a0badjana\u00a0en fran\u00e7ais) est un plat traditionnel des\u00a0C\u00e9vennes.<\/em><\/strong><\/span><\/p>\n<p>[\/et_pb_text][\/et_pb_column][\/et_pb_row][et_pb_row column_structure=\u00a0\u00bb1_3,2_3&Prime; _builder_version=\u00a0\u00bb4.18.0&Prime; _module_preset=\u00a0\u00bbdefault\u00a0\u00bb custom_margin=\u00a0\u00bb-25px|auto||auto||\u00a0\u00bb global_colors_info=\u00a0\u00bb{}\u00a0\u00bb][et_pb_column type=\u00a0\u00bb1_3&Prime; _builder_version=\u00a0\u00bb4.18.0&Prime; _module_preset=\u00a0\u00bbdefault\u00a0\u00bb global_colors_info=\u00a0\u00bb{}\u00a0\u00bb][et_pb_text _builder_version=\u00a0\u00bb4.18.0&Prime; _module_preset=\u00a0\u00bbdefault\u00a0\u00bb global_colors_info=\u00a0\u00bb{}\u00a0\u00bb]<\/p>\n<p><a href=\"https:\/\/roussesinfo.fr\/patrimoine\/nos-documents\/la-chataigne\/chataigne-badajna\/\"><img type=\"image\/webp\" class=\"wp-image-391 aligncenter size-full lws-optimize-lazyload\"  alt=\"\" width=\"252\" height=\"189\" \/ data-src=\"https:\/\/roussesinfo.fr\/patrimoine\/wp-content\/uploads\/2022\/08\/chataigne-Badajna.jpg\"><\/a><\/p>\n<p>[\/et_pb_text][\/et_pb_column][et_pb_column type=\u00a0\u00bb2_3&Prime; _builder_version=\u00a0\u00bb4.18.0&Prime; _module_preset=\u00a0\u00bbdefault\u00a0\u00bb global_colors_info=\u00a0\u00bb{}\u00a0\u00bb][et_pb_text _builder_version=\u00a0\u00bb4.18.0&Prime; _module_preset=\u00a0\u00bbdefault\u00a0\u00bb custom_padding=\u00a0\u00bb10px||0px|||\u00a0\u00bb global_colors_info=\u00a0\u00bb{}\u00a0\u00bb]<\/p>\n<p style=\"text-align: justify;\"><span style=\"font-family: 'times new roman', times, serif; font-size: 14pt; color: #000000;\"><strong><em>Autrefois, cette\u00a0soupe\u00a0\u00e9tant la base de la nourriture l&rsquo;hiver, elle \u00e9tait consomm\u00e9e avec des l\u00e9gumes en d\u00e9but d&rsquo;hiver, mais en mars, avant l&rsquo;arriv\u00e9e des premiers l\u00e9gumes du jardin, elle \u00e9tait nature.<\/em><\/strong><\/span><\/p>\n<p style=\"text-align: justify;\"><span style=\"font-family: 'times new roman', times, serif; font-size: 14pt; color: #000000;\"><strong><em>C&rsquo;est une soupe confectionn\u00e9e \u00e0 base de\u00a0ch\u00e2taigne. Apr\u00e8s le s\u00e9chage de celles-ci (notamment dans des b\u00e2timents appel\u00e9s cl\u00e8des), on a obtenu des ch\u00e2taignons blancs\u00a0: ce sont eux qui sont mis \u00e0 cuire au\u00a0<\/em><\/strong><a style=\"color: #000000;\" href=\"https:\/\/fr.wikipedia.org\/wiki\/Bouillon_(cuisine)\"><strong><em>bouillon<\/em><\/strong><\/a><strong><em>, traditionnellement dans la chemin\u00e9e. Au moment de servir, on peut ajouter un nuage de\u00a0<\/em><\/strong><a style=\"color: #000000;\" href=\"https:\/\/fr.wikipedia.org\/wiki\/Lait\"><strong><em>lait<\/em><\/strong><\/a><\/span><\/p>\n<p>[\/et_pb_text][\/et_pb_column][\/et_pb_row][\/et_pb_section]<\/p>\n","protected":false},"excerpt":{"rendered":"<p><div class=\"et_pb_module lwp_divi_breadcrumbs lwp_divi_breadcrumbs_0\">\n\t\t\t\t\n\t\t\t\t\n\t\t\t\t\n\t\t\t\t\n\t\t\t\t\n\t\t\t\t\n\t\t\t\t<div class=\"et_pb_module_inner\">\n\t\t\t\t\t<div class=\"lwp-breadcrumbs\"><span class=\"before-icon et-pb-icon\">\ue074<\/span> <span class=\"before\"><\/span> <span vocab=\"https:\/\/schema.org\/\" typeof=\"BreadcrumbList\"><span property=\"itemListElement\" typeof=\"ListItem\"><a property=\"item\" typeof=\"WebPage\" href=\"https:\/\/roussesinfo.fr\/patrimoine\/\" class=\"home\"><span property=\"name\">Home<\/span><\/a><meta property=\"position\" content=\"1\"><\/span> <span class=\"separator et-pb-icon\">&#x39;<\/span> <\/span><\/div>\n\t\t\t\t<\/div>\n\t\t\t<\/div>La ch\u00e2taigneElle fut longtemps la base de l&rsquo;alimentation humaine dans des r\u00e9gions enti\u00e8res. On appelait d&rsquo;ailleurs le ch\u00e2taignier \u00ab\u00a0l&rsquo;arbre \u00e0 pain\u00a0\u00bb mais aussi \u00ab\u00a0l&rsquo;arbre \u00e0 saucisses\u00a0\u00bb car les ch\u00e2taignes servaient aussi \u00e0 l&rsquo;alimentation des porcs. Autrefois, dans les [&hellip;]<\/p>\n","protected":false},"author":1,"featured_media":0,"parent":1752,"menu_order":0,"comment_status":"closed","ping_status":"closed","template":"","meta":{"_et_pb_use_builder":"on","_et_pb_old_content":"","_et_gb_content_width":"","footnotes":""},"class_list":["post-386","page","type-page","status-publish","hentry"],"_links":{"self":[{"href":"https:\/\/roussesinfo.fr\/patrimoine\/wp-json\/wp\/v2\/pages\/386","targetHints":{"allow":["GET"]}}],"collection":[{"href":"https:\/\/roussesinfo.fr\/patrimoine\/wp-json\/wp\/v2\/pages"}],"about":[{"href":"https:\/\/roussesinfo.fr\/patrimoine\/wp-json\/wp\/v2\/types\/page"}],"author":[{"embeddable":true,"href":"https:\/\/roussesinfo.fr\/patrimoine\/wp-json\/wp\/v2\/users\/1"}],"replies":[{"embeddable":true,"href":"https:\/\/roussesinfo.fr\/patrimoine\/wp-json\/wp\/v2\/comments?post=386"}],"version-history":[{"count":0,"href":"https:\/\/roussesinfo.fr\/patrimoine\/wp-json\/wp\/v2\/pages\/386\/revisions"}],"up":[{"embeddable":true,"href":"https:\/\/roussesinfo.fr\/patrimoine\/wp-json\/wp\/v2\/pages\/1752"}],"wp:attachment":[{"href":"https:\/\/roussesinfo.fr\/patrimoine\/wp-json\/wp\/v2\/media?parent=386"}],"curies":[{"name":"wp","href":"https:\/\/api.w.org\/{rel}","templated":true}]}}