{"id":582,"date":"2022-08-22T10:07:37","date_gmt":"2022-08-22T09:07:37","guid":{"rendered":"https:\/\/roussesinfo.fr\/patrimoine\/?page_id=582"},"modified":"2025-09-24T07:49:12","modified_gmt":"2025-09-24T06:49:12","slug":"mediatheque","status":"publish","type":"page","link":"https:\/\/roussesinfo.fr\/patrimoine\/mediatheque\/mediatheque\/","title":{"rendered":"Vid\u00e9oth\u00e9que"},"content":{"rendered":"<p>[et_pb_section fb_built=\u00a0\u00bb1&Prime; _builder_version=\u00a0\u00bb4.18.0&Prime; _module_preset=\u00a0\u00bbdefault\u00a0\u00bb background_image=\u00a0\u00bbhttps:\/\/roussesinfo.fr\/patrimoine\/wp-content\/uploads\/2022\/08\/Textures-parcemin_01-scaled.jpg\u00a0\u00bb custom_padding=\u00a0\u00bb9px|||||\u00a0\u00bb global_colors_info=\u00a0\u00bb{}\u00a0\u00bb][et_pb_row admin_label=\u00a0\u00bbFil arianne\u00a0\u00bb _builder_version=\u00a0\u00bb4.27.4&Prime; _module_preset=\u00a0\u00bbdefault\u00a0\u00bb width=\u00a0\u00bb95%\u00a0\u00bb max_width=\u00a0\u00bb1711px\u00a0\u00bb custom_padding=\u00a0\u00bb5px||2px|||\u00a0\u00bb global_colors_info=\u00a0\u00bb{}\u00a0\u00bb][et_pb_column type=\u00a0\u00bb4_4&Prime; _builder_version=\u00a0\u00bb4.25.2&Prime; _module_preset=\u00a0\u00bbdefault\u00a0\u00bb global_colors_info=\u00a0\u00bb{}\u00a0\u00bb][lwp_divi_breadcrumbs use_before_icon=\u00a0\u00bbon\u00a0\u00bb before_icon=\u00a0\u00bb&#xe074;||divi||400&Prime; link_color=\u00a0\u00bb#E02B20&Prime; separator_color=\u00a0\u00bb#0C71C3&Prime; current_text_color=\u00a0\u00bb#000000&Prime; admin_label=\u00a0\u00bbFil arianne\u00a0\u00bb _builder_version=\u00a0\u00bb4.27.4&Prime; _module_preset=\u00a0\u00bbdefault\u00a0\u00bb module_font=\u00a0\u00bbTimes New Roman|600|on||||||\u00a0\u00bb module_text_color=\u00a0\u00bb#000000&Prime; module_font_size=\u00a0\u00bb19px\u00a0\u00bb custom_margin=\u00a0\u00bb2px|||||\u00a0\u00bb global_colors_info=\u00a0\u00bb{}\u00a0\u00bb][\/lwp_divi_breadcrumbs][\/et_pb_column][\/et_pb_row][et_pb_row _builder_version=\u00a0\u00bb4.18.0&Prime; _module_preset=\u00a0\u00bbdefault\u00a0\u00bb custom_padding=\u00a0\u00bb18px|||||\u00a0\u00bb global_colors_info=\u00a0\u00bb{}\u00a0\u00bb][et_pb_column type=\u00a0\u00bb4_4&Prime; _builder_version=\u00a0\u00bb4.18.0&Prime; _module_preset=\u00a0\u00bbdefault\u00a0\u00bb global_colors_info=\u00a0\u00bb{}\u00a0\u00bb][et_pb_text admin_label=\u00a0\u00bbTitre\u00a0\u00bb _builder_version=\u00a0\u00bb4.27.4&Prime; _module_preset=\u00a0\u00bbdefault\u00a0\u00bb custom_margin=\u00a0\u00bb-10px||-8px|||\u00a0\u00bb global_colors_info=\u00a0\u00bb{}\u00a0\u00bb]<\/p>\n<p style=\"text-align: center;\"><span style=\"color: #000000;\"><strong><em><span style=\"font-family: 'times new roman', times, serif; font-size: 18pt;\">Vid\u00e9oth\u00e8que<\/span><\/em><\/strong><\/span><\/p>\n<p>[\/et_pb_text][\/et_pb_column][\/et_pb_row][et_pb_row column_structure=\u00a0\u00bb2_3,1_3&Prime; _builder_version=\u00a0\u00bb4.18.0&Prime; _module_preset=\u00a0\u00bbdefault\u00a0\u00bb custom_padding=\u00a0\u00bb9px|||||\u00a0\u00bb global_colors_info=\u00a0\u00bb{}\u00a0\u00bb][et_pb_column type=\u00a0\u00bb2_3&Prime; _builder_version=\u00a0\u00bb4.18.0&Prime; _module_preset=\u00a0\u00bbdefault\u00a0\u00bb global_colors_info=\u00a0\u00bb{}\u00a0\u00bb][et_pb_text admin_label=\u00a0\u00bbliste avec plan\u00a0\u00bb _builder_version=\u00a0\u00bb4.27.4&Prime; _module_preset=\u00a0\u00bbdefault\u00a0\u00bb global_colors_info=\u00a0\u00bb{}\u00a0\u00bb]<\/p>\n<ul class=\"children\">\n<li class=\"page_item page-item-3755\"><span style=\"font-size: 14pt; font-family: 'times new roman', times, serif; color: #000000;\"><strong><em><a style=\"color: #000000;\" href=\"https:\/\/roussesinfo.fr\/patrimoine\/mediatheque\/mediatheque\/archive-video-de-sylvie-bourdon-les-ablatats\/\">Archive vid\u00e9o de Sylvie Bourdon ( les Ablatats )<\/a><\/em><\/strong><\/span><\/li>\n<li class=\"page_item page-item-4454\"><span style=\"font-size: 14pt; font-family: 'times new roman', times, serif; color: #000000;\"><strong><em><a style=\"color: #000000;\" href=\"https:\/\/roussesinfo.fr\/patrimoine\/mediatheque\/mediatheque\/archive-video-rouquette-et-ginier\/\">Archive vid\u00e9o Rouquette et Ginier<\/a><\/em><\/strong><\/span><\/li>\n<li class=\"page_item page-item-7683\"><span style=\"font-size: 14pt; font-family: 'times new roman', times, serif; color: #000000;\"><strong><em><a style=\"color: #000000;\" href=\"https:\/\/roussesinfo.fr\/patrimoine\/mediatheque\/mediatheque\/chanson-ret-diaporama-sur-vebroneuil-rencontre-les-vaches-2\/\">Chanson et diaporama sur V\u00e9bron par Mr Escalier<\/a><\/em><\/strong><\/span><\/li>\n<li class=\"page_item page-item-6964\"><span style=\"font-size: 14pt; font-family: 'times new roman', times, serif; color: #000000;\"><strong><em><a style=\"color: #000000;\" href=\"https:\/\/roussesinfo.fr\/patrimoine\/mediatheque\/mediatheque\/du-mont-aigoual-a-lestive-de-massevaques\/\">Du Mont Aigoual \u00e0 l\u2019estive de Massevaques<\/a><\/em><\/strong><\/span><\/li>\n<li class=\"page_item page-item-7425\"><span style=\"font-size: 14pt; font-family: 'times new roman', times, serif; color: #000000;\"><strong><em><a style=\"color: #000000;\" href=\"https:\/\/roussesinfo.fr\/patrimoine\/mediatheque\/mediatheque\/fete-de-rousses-en-1989-2\/\">F\u00eate de Rousses en 1989<\/a><\/em><\/strong><\/span><\/li>\n<li class=\"page_item page-item-1214\"><span style=\"font-size: 14pt; font-family: 'times new roman', times, serif; color: #000000;\"><strong><em><a style=\"color: #000000;\" href=\"https:\/\/roussesinfo.fr\/patrimoine\/mediatheque\/mediatheque\/magasin-valat\/\">Magasin Valat<\/a><\/em><\/strong><\/span><\/li>\n<li class=\"page_item page-item-1222\"><span style=\"font-size: 14pt; font-family: 'times new roman', times, serif; color: #000000;\"><strong><em><a style=\"color: #000000;\" href=\"https:\/\/roussesinfo.fr\/patrimoine\/mediatheque\/mediatheque\/nos-anciens-ont-la-parole\/\">Nos anciens ont la parole<\/a><\/em><\/strong><\/span><\/li>\n<li class=\"page_item page-item-7427\"><span style=\"font-size: 14pt; font-family: 'times new roman', times, serif; color: #000000;\"><strong><em><a style=\"color: #000000;\" href=\"https:\/\/roussesinfo.fr\/patrimoine\/mediatheque\/mediatheque\/pique-nique-du-11-aout-1991\/\">Pique nique du 11 aout 1991<\/a><\/em><\/strong><\/span><\/li>\n<li class=\"page_item page-item-1238\"><span style=\"font-size: 14pt; font-family: 'times new roman', times, serif; color: #000000;\"><strong><em><a style=\"color: #000000;\" href=\"https:\/\/roussesinfo.fr\/patrimoine\/mediatheque\/mediatheque\/rousses-1978\/\">Rousses 1978 ( Parc \u00e0 moutons &amp; Prat Nouvel )<\/a><\/em><\/strong><\/span><\/li>\n<li class=\"page_item page-item-3767\"><span style=\"font-size: 14pt; font-family: 'times new roman', times, serif; color: #000000;\"><strong><em><a style=\"color: #000000;\" href=\"https:\/\/roussesinfo.fr\/patrimoine\/mediatheque\/mediatheque\/rousses-autrefois\/\">Rousses autrefois<\/a><\/em><\/strong><\/span><\/li>\n<li class=\"page_item page-item-489 page_item_has_children\"><span style=\"font-size: 14pt; font-family: 'times new roman', times, serif; color: #000000;\"><strong><em><a style=\"color: #000000;\" href=\"https:\/\/roussesinfo.fr\/patrimoine\/mediatheque\/mediatheque\/rousses-par-ses-habitants\/\">Rousses par ses habitants<\/a><\/em><\/strong><\/span>\n<ul class=\"children\">\n<li class=\"page_item page-item-514\"><span style=\"font-size: 14pt; font-family: 'times new roman', times, serif; color: #000000;\"><strong><em><a style=\"color: #000000;\" href=\"https:\/\/roussesinfo.fr\/patrimoine\/mediatheque\/mediatheque\/rousses-par-ses-habitants\/claude-grellier\/\">Claude Grellier<\/a><\/em><\/strong><\/span><\/li>\n<li class=\"page_item page-item-498\"><span style=\"font-size: 14pt; font-family: 'times new roman', times, serif; color: #000000;\"><strong><em><a style=\"color: #000000;\" href=\"https:\/\/roussesinfo.fr\/patrimoine\/mediatheque\/mediatheque\/rousses-par-ses-habitants\/elie-couderc\/\">Elie Couderc<\/a><\/em><\/strong><\/span><\/li>\n<li class=\"page_item page-item-502\"><span style=\"font-size: 14pt; font-family: 'times new roman', times, serif; color: #000000;\"><strong><em><a style=\"color: #000000;\" href=\"https:\/\/roussesinfo.fr\/patrimoine\/mediatheque\/mediatheque\/rousses-par-ses-habitants\/eliette-valat\/\">Eliette Valat<\/a><\/em><\/strong><\/span><\/li>\n<li class=\"page_item page-item-500\"><span style=\"font-size: 14pt; font-family: 'times new roman', times, serif; color: #000000;\"><strong><em><a style=\"color: #000000;\" href=\"https:\/\/roussesinfo.fr\/patrimoine\/mediatheque\/mediatheque\/rousses-par-ses-habitants\/jacky-weima\/\">Jacky Weima<\/a><\/em><\/strong><\/span><\/li>\n<li class=\"page_item page-item-512\"><span style=\"font-size: 14pt; font-family: 'times new roman', times, serif; color: #000000;\"><strong><em><a style=\"color: #000000;\" href=\"https:\/\/roussesinfo.fr\/patrimoine\/mediatheque\/mediatheque\/rousses-par-ses-habitants\/jea-laget-et-robert-chaze\/\">Jean Laget et robert Chaze<\/a><\/em><\/strong><\/span><\/li>\n<li class=\"page_item page-item-504\"><span style=\"font-size: 14pt; font-family: 'times new roman', times, serif; color: #000000;\"><strong><em><a style=\"color: #000000;\" href=\"https:\/\/roussesinfo.fr\/patrimoine\/mediatheque\/mediatheque\/rousses-par-ses-habitants\/jean-marc-meynadier\/\">Jean Marc Meynadier<\/a><\/em><\/strong><\/span><\/li>\n<li class=\"page_item page-item-510\"><span style=\"font-size: 14pt; font-family: 'times new roman', times, serif; color: #000000;\"><strong><em><a style=\"color: #000000;\" href=\"https:\/\/roussesinfo.fr\/patrimoine\/mediatheque\/mediatheque\/rousses-par-ses-habitants\/jean-paul-mouliere\/\">Jean Paul Mouli\u00e8re<\/a><\/em><\/strong><\/span><\/li>\n<li class=\"page_item page-item-508\"><span style=\"font-size: 14pt; font-family: 'times new roman', times, serif; color: #000000;\"><strong><em><a style=\"color: #000000;\" href=\"https:\/\/roussesinfo.fr\/patrimoine\/mediatheque\/mediatheque\/rousses-par-ses-habitants\/juliette-et-bernard-rouquette\/\">Juliette et Bernard Rouquette<\/a><\/em><\/strong><\/span><\/li>\n<li class=\"page_item page-item-506\"><span style=\"font-size: 14pt; font-family: 'times new roman', times, serif; color: #000000;\"><strong><em><a style=\"color: #000000;\" href=\"https:\/\/roussesinfo.fr\/patrimoine\/mediatheque\/mediatheque\/rousses-par-ses-habitants\/maurice-gout\/\">Maurice Gout<\/a><\/em><\/strong><\/span><\/li>\n<\/ul>\n<\/li>\n<li class=\"page_item page-item-1210\"><span style=\"font-size: 14pt; font-family: 'times new roman', times, serif; color: #000000;\"><strong><em><a style=\"color: #000000;\" href=\"https:\/\/roussesinfo.fr\/patrimoine\/mediatheque\/mediatheque\/souvenirs-de-rousses-1989\/\">Souvenirs de Rousses 1989<\/a><\/em><\/strong><\/span><\/li>\n<li class=\"page_item page-item-7373\"><span style=\"font-size: 14pt; font-family: 'times new roman', times, serif; color: #000000;\"><strong><em><a style=\"color: #000000;\" href=\"https:\/\/roussesinfo.fr\/patrimoine\/mediatheque\/mediatheque\/un-chevreuil-rencontre-les-vaches\/\">Un chevreuil rencontre les vaches<\/a><\/em><\/strong><\/span><\/li>\n<\/ul>\n<p>[\/et_pb_text][\/et_pb_column][et_pb_column type=\u00a0\u00bb1_3&Prime; _builder_version=\u00a0\u00bb4.18.0&Prime; _module_preset=\u00a0\u00bbdefault\u00a0\u00bb global_colors_info=\u00a0\u00bb{}\u00a0\u00bb][et_pb_image src=\u00a0\u00bbhttps:\/\/roussesinfo.fr\/patrimoine\/wp-content\/uploads\/2022\/10\/Carte-postale-12.jpg\u00a0\u00bb title_text=\u00a0\u00bbCarte postale-12&Prime; show_in_lightbox=\u00a0\u00bbon\u00a0\u00bb _builder_version=\u00a0\u00bb4.27.4&Prime; _module_preset=\u00a0\u00bbdefault\u00a0\u00bb global_colors_info=\u00a0\u00bb{}\u00a0\u00bb][\/et_pb_image][et_pb_image src=\u00a0\u00bbhttps:\/\/roussesinfo.fr\/patrimoine\/wp-content\/uploads\/2025\/02\/Visite-ancienne-maison-des-ablatats-34-scaled.jpg\u00a0\u00bb title_text=\u00a0\u00bbVisite ancienne maison des ablatats-34&Prime; show_in_lightbox=\u00a0\u00bbon\u00a0\u00bb _builder_version=\u00a0\u00bb4.27.4&Prime; _module_preset=\u00a0\u00bbdefault\u00a0\u00bb global_colors_info=\u00a0\u00bb{}\u00a0\u00bb][\/et_pb_image][et_pb_image src=\u00a0\u00bbhttps:\/\/roussesinfo.fr\/patrimoine\/wp-content\/uploads\/2022\/09\/borne-P-DE-111-Retaurant.jpg\u00a0\u00bb title_text=\u00a0\u00bbborne P DE 111-Retaurant\u00a0\u00bb show_in_lightbox=\u00a0\u00bbon\u00a0\u00bb _builder_version=\u00a0\u00bb4.27.4&Prime; _module_preset=\u00a0\u00bbdefault\u00a0\u00bb hover_enabled=\u00a0\u00bb0&Prime; global_colors_info=\u00a0\u00bb{}\u00a0\u00bb sticky_enabled=\u00a0\u00bb0&Prime;][\/et_pb_image][\/et_pb_column][\/et_pb_row][\/et_pb_section]<\/p>\n","protected":false},"excerpt":{"rendered":"<p><div class=\"et_pb_module lwp_divi_breadcrumbs lwp_divi_breadcrumbs_0\">\n\t\t\t\t\n\t\t\t\t\n\t\t\t\t\n\t\t\t\t\n\t\t\t\t\n\t\t\t\t\n\t\t\t\t<div class=\"et_pb_module_inner\">\n\t\t\t\t\t<div class=\"lwp-breadcrumbs\"><span class=\"before-icon et-pb-icon\">\ue074<\/span> <span class=\"before\"><\/span> <span vocab=\"https:\/\/schema.org\/\" typeof=\"BreadcrumbList\"><span property=\"itemListElement\" typeof=\"ListItem\"><a property=\"item\" typeof=\"WebPage\" href=\"https:\/\/roussesinfo.fr\/patrimoine\/\" class=\"home\"><span property=\"name\">Home<\/span><\/a><meta property=\"position\" content=\"1\"><\/span> <span class=\"separator et-pb-icon\">&#x39;<\/span> <\/span><\/div>\n\t\t\t\t<\/div>\n\t\t\t<\/div>Vid\u00e9oth\u00e8que Archive vid\u00e9o de Sylvie Bourdon ( les Ablatats ) Archive vid\u00e9o Rouquette et Ginier Chanson et diaporama sur V\u00e9bron par Mr Escalier Du Mont Aigoual \u00e0 l\u2019estive de Massevaques F\u00eate de Rousses en 1989 Magasin Valat Nos anciens [&hellip;]<\/p>\n","protected":false},"author":1,"featured_media":0,"parent":124,"menu_order":0,"comment_status":"closed","ping_status":"closed","template":"","meta":{"_et_pb_use_builder":"on","_et_pb_old_content":"","_et_gb_content_width":"","footnotes":""},"class_list":["post-582","page","type-page","status-publish","hentry"],"_links":{"self":[{"href":"https:\/\/roussesinfo.fr\/patrimoine\/wp-json\/wp\/v2\/pages\/582","targetHints":{"allow":["GET"]}}],"collection":[{"href":"https:\/\/roussesinfo.fr\/patrimoine\/wp-json\/wp\/v2\/pages"}],"about":[{"href":"https:\/\/roussesinfo.fr\/patrimoine\/wp-json\/wp\/v2\/types\/page"}],"author":[{"embeddable":true,"href":"https:\/\/roussesinfo.fr\/patrimoine\/wp-json\/wp\/v2\/users\/1"}],"replies":[{"embeddable":true,"href":"https:\/\/roussesinfo.fr\/patrimoine\/wp-json\/wp\/v2\/comments?post=582"}],"version-history":[{"count":0,"href":"https:\/\/roussesinfo.fr\/patrimoine\/wp-json\/wp\/v2\/pages\/582\/revisions"}],"up":[{"embeddable":true,"href":"https:\/\/roussesinfo.fr\/patrimoine\/wp-json\/wp\/v2\/pages\/124"}],"wp:attachment":[{"href":"https:\/\/roussesinfo.fr\/patrimoine\/wp-json\/wp\/v2\/media?parent=582"}],"curies":[{"name":"wp","href":"https:\/\/api.w.org\/{rel}","templated":true}]}}