{"id":8254,"date":"2026-03-26T17:27:15","date_gmt":"2026-03-26T16:27:15","guid":{"rendered":"https:\/\/roussesinfo.fr\/patrimoine\/?page_id=8254"},"modified":"2026-03-26T18:06:04","modified_gmt":"2026-03-26T17:06:04","slug":"menu","status":"publish","type":"page","link":"https:\/\/roussesinfo.fr\/patrimoine\/menu\/","title":{"rendered":"Menu"},"content":{"rendered":"<p>[et_pb_section fb_built=\u00a0\u00bb1&Prime; _builder_version=\u00a0\u00bb4.27.6&Prime; _module_preset=\u00a0\u00bbdefault\u00a0\u00bb global_colors_info=\u00a0\u00bb{}\u00a0\u00bb][et_pb_row column_structure=\u00a0\u00bb1_2,1_2&Prime; _builder_version=\u00a0\u00bb4.27.6&Prime; _module_preset=\u00a0\u00bbdefault\u00a0\u00bb width=\u00a0\u00bb95%\u00a0\u00bb max_width=\u00a0\u00bb1632px\u00a0\u00bb custom_margin=\u00a0\u00bb0px|0px||78px|false|false\u00a0\u00bb custom_padding=\u00a0\u00bb0px|0px||0px|false|false\u00a0\u00bb global_colors_info=\u00a0\u00bb{}\u00a0\u00bb][et_pb_column type=\u00a0\u00bb1_2&Prime; _builder_version=\u00a0\u00bb4.27.6&Prime; _module_preset=\u00a0\u00bbdefault\u00a0\u00bb global_colors_info=\u00a0\u00bb{}\u00a0\u00bb][dsm_menu title=\u00a0\u00bbmenu du site\u00a0\u00bb title_bottom_gap=\u00a0\u00bb12px\u00a0\u00bb menu_id=\u00a0\u00bb37&Prime; submenu_collapse=\u00a0\u00bbon\u00a0\u00bb menu_link_text_color=\u00a0\u00bb#0C71C3&Prime; active_link_color=\u00a0\u00bb#8300E9&Prime; menu_link_text_active_color=\u00a0\u00bb#0C71C3&Prime; menu_link_text_visited_color=\u00a0\u00bb#E09900&Prime; list_style_type=\u00a0\u00bbnone\u00a0\u00bb submenu_arrow_background_color=\u00a0\u00bbRGBA(255,255,255,0)\u00a0\u00bb submenu_arrow_gap=\u00a0\u00bb10px\u00a0\u00bb admin_label=\u00a0\u00bbmenu general\u00a0\u00bb _builder_version=\u00a0\u00bb4.27.6&Prime; _module_preset=\u00a0\u00bbdefault\u00a0\u00bb header_level=\u00a0\u00bbh2&Prime; header_font=\u00a0\u00bbTimes New Roman|600|on||||||\u00a0\u00bb header_text_align=\u00a0\u00bbleft\u00a0\u00bb header_text_color=\u00a0\u00bb#000000&Prime; header_font_size=\u00a0\u00bb21px\u00a0\u00bb menu_font=\u00a0\u00bbTimes New Roman|600|on||||||\u00a0\u00bb menu_font_size=\u00a0\u00bb22px\u00a0\u00bb sub_menu_font=\u00a0\u00bbTimes New Roman|600|on||||||\u00a0\u00bb sub_menu_text_color=\u00a0\u00bb#0C71C3&Prime; animation_style=\u00a0\u00bbfold\u00a0\u00bb animation_delay=\u00a0\u00bb150ms\u00a0\u00bb hover_enabled=\u00a0\u00bb0&Prime; border_color_all_submenu_collapse=\u00a0\u00bbRGBA(255,255,255,0)\u00a0\u00bb global_colors_info=\u00a0\u00bb{}\u00a0\u00bb sticky_enabled=\u00a0\u00bb0&Prime;][\/dsm_menu][\/et_pb_column][et_pb_column type=\u00a0\u00bb1_2&Prime; _builder_version=\u00a0\u00bb4.27.6&Prime; _module_preset=\u00a0\u00bbdefault\u00a0\u00bb global_colors_info=\u00a0\u00bb{}\u00a0\u00bb][\/et_pb_column][\/et_pb_row][\/et_pb_section]<\/p>\n","protected":false},"excerpt":{"rendered":"<div class=\"et_pb_with_border et_pb_module dsm_menu dsm_menu_0 et_animated  et_pb_text_align_left et_pb_bg_layout_light\">\n\t\t\t\t\n\t\t\t\t\n\t\t\t\t\n\t\t\t\t\n\t\t\t\t\n\t\t\t\t\n\t\t\t\t<div class=\"et_pb_module_inner\">\n\t\t\t\t\t<h2 class=\"dsm-menu-title et_pb_module_header\">menu du site<\/h2><nav class=\"dsm-menu-container\" role=navigation itemscope itemtype=http:\/\/schema.org\/SiteNavigationElement><ul id=\"menu-complet-2026\" class=\"dsm-menu dsm-menu-style-type-none dsm-menu-layout-vertical dsm-menu-submenu-collapse\"><li id=\"menu-item-8343\" class=\"et_pb_menu_page_id-home menu-item menu-item-type-post_type menu-item-object-page menu-item-home menu-item-8343\"><a href=\"https:\/\/roussesinfo.fr\/patrimoine\/\" itemprop=\"url\"><span itemprop=\"name\">Accueil<\/span><\/a><\/li>\n<li id=\"menu-item-8359\" class=\"et_pb_menu_page_id-8359 menu-item menu-item-type-custom menu-item-object-custom menu-item-home menu-item-has-children menu-item-8359\"><a href=\"https:\/\/roussesinfo.fr\/patrimoine\" itemprop=\"url\"><span itemprop=\"name\">Menu<\/span><span class=\"et-pb-icon\">3<\/span><\/a>\n<ul class=\"sub-menu\">\n\t<li id=\"menu-item-8344\" class=\"et_pb_menu_page_id-1749 menu-item menu-item-type-post_type menu-item-object-page menu-item-8344\"><a href=\"https:\/\/roussesinfo.fr\/patrimoine\/generalites\/\" itemprop=\"url\"><span itemprop=\"name\">01 &#8211; G\u00e9n\u00e9ralit\u00e9s<\/span><\/a><\/li>\n\t<li id=\"menu-item-8345\" class=\"et_pb_menu_page_id-1748 menu-item menu-item-type-post_type menu-item-object-page menu-item-8345\"><a href=\"https:\/\/roussesinfo.fr\/patrimoine\/activites-agricoles\/\" itemprop=\"url\"><span itemprop=\"name\">02 &#8211; Activit\u00e9s agricoles<\/span><\/a><\/li>\n\t<li id=\"menu-item-8346\" class=\"et_pb_menu_page_id-1752 menu-item menu-item-type-post_type menu-item-object-page menu-item-8346\"><a href=\"https:\/\/roussesinfo.fr\/patrimoine\/activites-domestiques-alimentaires\/\" itemprop=\"url\"><span itemprop=\"name\">03 &#8211; Activit\u00e9s domestiques &#038; alimentaires<\/span><\/a><\/li>\n\t<li id=\"menu-item-8347\" class=\"et_pb_menu_page_id-1754 menu-item menu-item-type-post_type menu-item-object-page menu-item-8347\"><a href=\"https:\/\/roussesinfo.fr\/patrimoine\/activites-financieres-commerciales\/\" itemprop=\"url\"><span itemprop=\"name\">04 &#8211; Activit\u00e9s financi\u00e8res &#038; commerciales<\/span><\/a><\/li>\n\t<li id=\"menu-item-8348\" class=\"et_pb_menu_page_id-1756 menu-item menu-item-type-post_type menu-item-object-page menu-item-8348\"><a href=\"https:\/\/roussesinfo.fr\/patrimoine\/activites-industrielles\/\" itemprop=\"url\"><span itemprop=\"name\">05 &#8211; Activit\u00e9s industrielles<\/span><\/a><\/li>\n\t<li id=\"menu-item-8349\" class=\"et_pb_menu_page_id-3213 menu-item menu-item-type-post_type menu-item-object-page menu-item-8349\"><a href=\"https:\/\/roussesinfo.fr\/patrimoine\/activites-industrielles\/industrie-du-bois\/\" itemprop=\"url\"><span itemprop=\"name\">5.3 &#8211; Industrie du bois<\/span><\/a><\/li>\n\t<li id=\"menu-item-8350\" class=\"et_pb_menu_page_id-1758 menu-item menu-item-type-post_type menu-item-object-page menu-item-8350\"><a href=\"https:\/\/roussesinfo.fr\/patrimoine\/activites-educatives\/\" itemprop=\"url\"><span itemprop=\"name\">06 &#8211; Activit\u00e9s \u00e9ducatives<\/span><\/a><\/li>\n\t<li id=\"menu-item-8351\" class=\"et_pb_menu_page_id-1760 menu-item menu-item-type-post_type menu-item-object-page menu-item-8351\"><a href=\"https:\/\/roussesinfo.fr\/patrimoine\/activites-administratives-sociales-politiques\/\" itemprop=\"url\"><span itemprop=\"name\">07 &#8211; Activit\u00e9s administratives, sociales &#038; politiques<\/span><\/a><\/li>\n\t<li id=\"menu-item-8352\" class=\"et_pb_menu_page_id-1762 menu-item menu-item-type-post_type menu-item-object-page menu-item-8352\"><a href=\"https:\/\/roussesinfo.fr\/patrimoine\/activites-sociales-culturelles\/\" itemprop=\"url\"><span itemprop=\"name\">08 &#8211; Activit\u00e9s sociales &#038; culturelles<\/span><\/a><\/li>\n\t<li id=\"menu-item-8353\" class=\"et_pb_menu_page_id-1764 menu-item menu-item-type-post_type menu-item-object-page menu-item-8353\"><a href=\"https:\/\/roussesinfo.fr\/patrimoine\/activites-medicales\/\" itemprop=\"url\"><span itemprop=\"name\">09 &#8211; Activit\u00e9s m\u00e9dicales<\/span><\/a><\/li>\n\t<li id=\"menu-item-8354\" class=\"et_pb_menu_page_id-1766 menu-item menu-item-type-post_type menu-item-object-page menu-item-8354\"><a href=\"https:\/\/roussesinfo.fr\/patrimoine\/activites-militaires-et-chasse\/\" itemprop=\"url\"><span itemprop=\"name\">10 &#8211; Activit\u00e9s militaires et chasse<\/span><\/a><\/li>\n\t<li id=\"menu-item-8355\" class=\"et_pb_menu_page_id-1768 menu-item menu-item-type-post_type menu-item-object-page menu-item-8355\"><a href=\"https:\/\/roussesinfo.fr\/patrimoine\/activites-religieuses\/\" itemprop=\"url\"><span itemprop=\"name\">11 &#8211; Activit\u00e9s religieuses<\/span><\/a><\/li>\n<\/ul>\n<\/li>\n<li id=\"menu-item-8356\" class=\"et_pb_menu_page_id-2142 menu-item menu-item-type-post_type menu-item-object-page menu-item-has-children menu-item-8356\"><a href=\"https:\/\/roussesinfo.fr\/patrimoine\/autour-de-rousses\/\" itemprop=\"url\"><span itemprop=\"name\">Autour de Rousses<\/span><span class=\"et-pb-icon\">3<\/span><\/a>\n<ul class=\"sub-menu\">\n\t<li id=\"menu-item-8357\" class=\"et_pb_menu_page_id-1374 menu-item menu-item-type-post_type menu-item-object-page menu-item-8357\"><a href=\"https:\/\/roussesinfo.fr\/patrimoine\/autour-de-rousses\/baume-dolente\/\" itemprop=\"url\"><span itemprop=\"name\">Baume dolente<\/span><\/a><\/li>\n\t<li id=\"menu-item-8358\" class=\"et_pb_menu_page_id-7688 menu-item menu-item-type-post_type menu-item-object-page menu-item-8358\"><a href=\"https:\/\/roussesinfo.fr\/patrimoine\/mediatheque\/sonotheque\/chanson-et-diaporama-sur-vebron-par-mr-escalier\/\" itemprop=\"url\"><span itemprop=\"name\">Chanson et diaporama sur V\u00e9bron par Mr Escalier<\/span><\/a><\/li>\n<\/ul>\n<\/li>\n<\/ul><\/nav>\n\t\t\t\t<\/div>\n\t\t\t<\/div>\n","protected":false},"author":1,"featured_media":0,"parent":0,"menu_order":0,"comment_status":"closed","ping_status":"closed","template":"","meta":{"_et_pb_use_builder":"on","_et_pb_old_content":"","_et_gb_content_width":"","footnotes":""},"class_list":["post-8254","page","type-page","status-publish","hentry"],"_links":{"self":[{"href":"https:\/\/roussesinfo.fr\/patrimoine\/wp-json\/wp\/v2\/pages\/8254","targetHints":{"allow":["GET"]}}],"collection":[{"href":"https:\/\/roussesinfo.fr\/patrimoine\/wp-json\/wp\/v2\/pages"}],"about":[{"href":"https:\/\/roussesinfo.fr\/patrimoine\/wp-json\/wp\/v2\/types\/page"}],"author":[{"embeddable":true,"href":"https:\/\/roussesinfo.fr\/patrimoine\/wp-json\/wp\/v2\/users\/1"}],"replies":[{"embeddable":true,"href":"https:\/\/roussesinfo.fr\/patrimoine\/wp-json\/wp\/v2\/comments?post=8254"}],"version-history":[{"count":3,"href":"https:\/\/roussesinfo.fr\/patrimoine\/wp-json\/wp\/v2\/pages\/8254\/revisions"}],"predecessor-version":[{"id":8366,"href":"https:\/\/roussesinfo.fr\/patrimoine\/wp-json\/wp\/v2\/pages\/8254\/revisions\/8366"}],"wp:attachment":[{"href":"https:\/\/roussesinfo.fr\/patrimoine\/wp-json\/wp\/v2\/media?parent=8254"}],"curies":[{"name":"wp","href":"https:\/\/api.w.org\/{rel}","templated":true}]}}