{"id":16,"date":"2025-09-12T18:25:03","date_gmt":"2025-09-12T16:25:03","guid":{"rendered":"https:\/\/roussesinfo.fr\/souvenirs\/?page_id=16"},"modified":"2026-03-28T11:38:08","modified_gmt":"2026-03-28T10:38:08","slug":"photos-et-videos","status":"publish","type":"page","link":"https:\/\/roussesinfo.fr\/souvenirs\/photos-et-videos\/","title":{"rendered":"Photos et Vid\u00e9os"},"content":{"rendered":"<p>[et_pb_section fb_built=\u00a0\u00bb1&Prime; _builder_version=\u00a0\u00bb4.27.4&Prime; _module_preset=\u00a0\u00bbdefault\u00a0\u00bb background_color=\u00a0\u00bb#D6D6D6&Prime; background_image=\u00a0\u00bbhttps:\/\/roussesinfo.fr\/souvenirs\/wp-content\/uploads\/2025\/09\/fond-pour-souvenirs.jpg\u00a0\u00bb parallax=\u00a0\u00bbon\u00a0\u00bb custom_padding=\u00a0\u00bb14px|||||\u00a0\u00bb global_colors_info=\u00a0\u00bb{}\u00a0\u00bb][et_pb_row admin_label=\u00a0\u00bbretour\u00a0\u00bb _builder_version=\u00a0\u00bb4.27.4&Prime; _module_preset=\u00a0\u00bbdefault\u00a0\u00bb width=\u00a0\u00bb90%\u00a0\u00bb max_width=\u00a0\u00bb1914px\u00a0\u00bb custom_padding=\u00a0\u00bb9px|||||\u00a0\u00bb global_colors_info=\u00a0\u00bb{}\u00a0\u00bb][et_pb_column type=\u00a0\u00bb4_4&Prime; _builder_version=\u00a0\u00bb4.27.4&Prime; _module_preset=\u00a0\u00bbdefault\u00a0\u00bb global_colors_info=\u00a0\u00bb{}\u00a0\u00bb][et_pb_text _builder_version=\u00a0\u00bb4.27.4&Prime; _module_preset=\u00a0\u00bbdefault\u00a0\u00bb custom_margin=\u00a0\u00bb-12px||0px|||\u00a0\u00bb custom_padding=\u00a0\u00bb||6px|||\u00a0\u00bb global_colors_info=\u00a0\u00bb{}\u00a0\u00bb]<\/p>\n<h2 style=\"text-align: center;\"><span style=\"color: #000000;\"><strong><span style=\"font-family: 'times new roman', times, serif;\"><em>Photos &amp; Vid\u00e9os \u00e0 la demande des souvenirs de Rousses<\/em><\/span><\/strong><\/span><\/h2>\n<p>[\/et_pb_text][\/et_pb_column][\/et_pb_row][et_pb_row column_structure=\u00a0\u00bb3_5,2_5&Prime; _builder_version=\u00a0\u00bb4.27.4&Prime; _module_preset=\u00a0\u00bbdefault\u00a0\u00bb width=\u00a0\u00bb90%\u00a0\u00bb max_width=\u00a0\u00bb1960px\u00a0\u00bb custom_margin=\u00a0\u00bb-27px|auto||auto||\u00a0\u00bb custom_padding=\u00a0\u00bb||5px|||\u00a0\u00bb global_colors_info=\u00a0\u00bb{}\u00a0\u00bb][et_pb_column type=\u00a0\u00bb3_5&Prime; _builder_version=\u00a0\u00bb4.27.4&Prime; _module_preset=\u00a0\u00bbdefault\u00a0\u00bb global_colors_info=\u00a0\u00bb{}\u00a0\u00bb][et_pb_text admin_label=\u00a0\u00bbnotice\u00a0\u00bb _builder_version=\u00a0\u00bb4.27.4&Prime; _module_preset=\u00a0\u00bbdefault\u00a0\u00bb custom_margin=\u00a0\u00bb21px||11px|||\u00a0\u00bb global_colors_info=\u00a0\u00bb{}\u00a0\u00bb]<\/p>\n<h2 style=\"text-align: center;\"><span style=\"color: #000000; font-size: 14pt;\"><strong><span style=\"font-family: 'times new roman', times, serif;\"><em>L&rsquo;ensemble de ces vid\u00e9os t\u00e9moigne des \u00e9v\u00e8nements qui se sont d\u00e9roul\u00e9s dans la commune<\/em><\/span><\/strong><\/span><\/h2>\n<p>[\/et_pb_text][\/et_pb_column][et_pb_column type=\u00a0\u00bb2_5&Prime; _builder_version=\u00a0\u00bb4.27.4&Prime; _module_preset=\u00a0\u00bbdefault\u00a0\u00bb global_colors_info=\u00a0\u00bb{}\u00a0\u00bb][et_pb_image src=\u00a0\u00bbhttps:\/\/roussesinfo.fr\/souvenirs\/wp-content\/uploads\/2025\/09\/notice-agrandir-video.png\u00a0\u00bb title_text=\u00a0\u00bbnotice agrandir video\u00a0\u00bb show_in_lightbox=\u00a0\u00bbon\u00a0\u00bb align=\u00a0\u00bbcenter\u00a0\u00bb _builder_version=\u00a0\u00bb4.27.4&Prime; _module_preset=\u00a0\u00bbdefault\u00a0\u00bb custom_margin=\u00a0\u00bb1px|||||\u00a0\u00bb custom_padding=\u00a0\u00bb0px|120px||130px||\u00a0\u00bb global_colors_info=\u00a0\u00bb{}\u00a0\u00bb][\/et_pb_image][\/et_pb_column][\/et_pb_row][et_pb_row _builder_version=\u00a0\u00bb4.27.4&Prime; _module_preset=\u00a0\u00bbdefault\u00a0\u00bb max_width=\u00a0\u00bb2216px\u00a0\u00bb global_colors_info=\u00a0\u00bb{}\u00a0\u00bb][et_pb_column type=\u00a0\u00bb4_4&Prime; _builder_version=\u00a0\u00bb4.27.4&Prime; _module_preset=\u00a0\u00bbdefault\u00a0\u00bb global_colors_info=\u00a0\u00bb{}\u00a0\u00bb][et_pb_text admin_label=\u00a0\u00bbliens videos\u00a0\u00bb _builder_version=\u00a0\u00bb4.27.6&Prime; _module_preset=\u00a0\u00bbdefault\u00a0\u00bb custom_margin=\u00a0\u00bb6px|||||\u00a0\u00bb global_colors_info=\u00a0\u00bb{}\u00a0\u00bb]<\/p>\n<p><span style=\"font-family: 'times new roman', times, serif; color: #0000ff;\"><strong><em><span style=\"font-size: 14pt;\"><a style=\"color: #0000ff;\" href=\"https:\/\/roussesinfo.fr\/souvenirs\/effet-du-temps-sur-la-vegetation\/\">L&rsquo;effet du temps sur la v\u00e9g\u00e9tation<\/a><\/span><\/em><\/strong><\/span><\/p>\n<p><span style=\"font-family: 'times new roman', times, serif; color: #0000ff;\"><em><strong><span style=\"font-size: 14pt;\"><a style=\"color: #0000ff;\" href=\"https:\/\/roussesinfo.fr\/souvenirs\/photos-et-videos\/la-ruche-fete-ses-10-ans\/\" target=\"_blank\" rel=\"noopener\">Les 10 ans de la ruche &#8211; Pr\u00e9sentation de la soir\u00e9e par Bruno et Daniel, film de Roland<\/a><\/span><\/strong><\/em><\/span><\/p>\n<p><span style=\"font-family: 'times new roman', times, serif; color: #0000ff;\"><em><strong><span style=\"font-size: 14pt;\"><a style=\"color: #0000ff;\" href=\"https:\/\/roussesinfo.fr\/souvenirs\/photos-et-videos\/les-10-ans-de-la-ruche-reportage-de-teledraille\/\" target=\"_blank\" rel=\"noopener\">Les 10 ans de la Ruche, reportage de Teledraille.org<\/a><\/span><\/strong><\/em><\/span><\/p>\n<p><span style=\"font-family: 'times new roman', times, serif; color: #0000ff;\"><em><strong><span style=\"font-size: 14pt;\"><a style=\"color: #0000ff;\" href=\"https:\/\/roussesinfo.fr\/souvenirs\/photos-et-videos\/les-10-ans-de-la-ruche-montage-de-roland-en-2017-sans-les-gros-plans-sur-les-enfants\/\" target=\"_blank\" rel=\"noopener\">Les 10 ans de la ruche montage de Roland en 2017 <\/a>(sans les gros plans sur les enfants )<\/span><\/strong><\/em><\/span><\/p>\n<p><span style=\"font-family: 'times new roman', times, serif; color: #0000ff;\"><em><strong><span style=\"font-size: 14pt;\"><a style=\"color: #0000ff;\" href=\"https:\/\/roussesinfo.fr\/souvenirs\/photos-et-videos\/les-10-ans-de-la-ruche-la-salle\/\" target=\"_blank\" rel=\"noopener\">Les 10 ans de la Ruche &#8211; La salle<\/a><\/span><\/strong><\/em><\/span><\/p>\n<p><span style=\"font-family: 'times new roman', times, serif; color: #0000ff;\"><em><strong><span style=\"font-size: 14pt;\"><a style=\"color: #0000ff;\" href=\"https:\/\/filedn.eu\/lg3AL4ukEAJhGtjeTgGWd00\/Vid%C3%A9os%20pour%20le%20site%20de%20Rousses\/Album%20photo%20de%20Gisele.pdf\" target=\"_blank\" rel=\"noopener\">Les 10 ans de la\u00a0 Ruche &#8211; Photos de Gisele Foissy<\/a><\/span><\/strong><\/em><\/span><\/p>\n<p><span style=\"font-family: 'times new roman', times, serif; color: #0000ff;\"><em><strong><span style=\"font-size: 14pt;\"><a style=\"color: #0000ff;\" href=\"https:\/\/roussesinfo.fr\/souvenirs\/photos-et-videos\/a-la-ruche-laid-et-gislaine-danse-sous-la-musique-de-notre-accordeoniste-jeannot-poncet\/\" target=\"_blank\" rel=\"noopener\">A la ruche &#8211; Laid et Gislaine danse sous la musique de notre accord\u00e9oniste Jeannot Poncet<\/a><\/span><\/strong><\/em><\/span><\/p>\n<p><span style=\"font-family: 'times new roman', times, serif; color: #0000ff;\"><em><strong><span style=\"font-size: 14pt;\"><a style=\"color: #0000ff;\" href=\"https:\/\/roussesinfo.fr\/souvenirs\/photos-et-videos\/les-bretons-envahissent-le-camping\/\" target=\"_blank\" rel=\"noopener\">Les bretons envahissent le camping<\/a><\/span><\/strong><\/em><\/span><\/p>\n<p><span style=\"font-family: 'times new roman', times, serif; color: #0000ff;\"><em><strong><span style=\"font-size: 14pt;\"><a style=\"color: #0000ff;\" href=\"https:\/\/roussesinfo.fr\/souvenirs\/photos-et-videos\/les-bretons-au-camping-chantent-quel-calvaire\/\" target=\"_blank\" rel=\"noopener\">Les bretons\u00a0 au camping chantent \u00ab\u00a0Quel calvaire\u00a0\u00bb<\/a><\/span><\/strong><\/em><\/span><\/p>\n<p><span style=\"font-family: 'times new roman', times, serif; color: #0000ff;\"><em><strong><span style=\"font-size: 14pt;\"><a style=\"color: #0000ff;\" href=\"https:\/\/roussesinfo.fr\/souvenirs\/photos-et-videos\/jeannot-poncet-fait-un-tub\/\" target=\"_blank\" rel=\"noopener\">Jeannot Poncet fait un Tube<\/a><\/span><\/strong><\/em><\/span><\/p>\n<p><span style=\"font-family: 'times new roman', times, serif; color: #0000ff;\"><em><strong><span style=\"font-size: 14pt;\">Trapez artist <span style=\"color: #000000;\">( Non consultable, attente autorisation des parents)<\/span><\/span><\/strong><\/em><\/span><\/p>\n<p><span style=\"font-family: 'times new roman', times, serif; color: #0000ff;\"><em><strong><span style=\"font-size: 14pt;\"><a style=\"color: #0000ff;\" href=\"https:\/\/roussesinfo.fr\/souvenirs\/photos-et-videos\/mise-en-place-du-four-pour-lassociation-fareso\/\">Mise en place du four pour l&rsquo;association Fareso\u00a0<\/a>( en 2016 )<\/span><\/strong><\/em><\/span><\/p>\n<p><span style=\"font-family: 'times new roman', times, serif; color: #0000ff;\"><em><strong><span style=\"font-size: 14pt;\"><a style=\"color: #0000ff;\" href=\"https:\/\/roussesinfo.fr\/souvenirs\/photos-et-videos\/parc-a-moutons-1968\/\" target=\"_blank\" rel=\"noopener\">Parc \u00e0 moutons 1968<\/a><\/span><\/strong><\/em><\/span><\/p>\n<p><span style=\"font-family: 'times new roman', times, serif; font-size: 14pt; color: #0000ff;\"><em><strong><a style=\"color: #0000ff;\" href=\"https:\/\/roussesinfo.fr\/souvenirs\/photos-et-videos\/willy-prepare-les-oignons-pour-lassociation-faresso\/\" target=\"_blank\" rel=\"noopener\">Willy prepare les oignons pour l&rsquo;association Faresso\u00a0<\/a><\/strong><\/em><\/span><\/p>\n<p><em><strong><span style=\"font-size: 14pt; font-family: 'times new roman', times, serif; color: #0000ff;\"><a style=\"color: #0000ff;\" href=\"https:\/\/roussesinfo.fr\/souvenirs\/photos-et-videos\/animation-a-partir-de-photos-les-reconnaissez-vous\/\" target=\"_blank\" rel=\"noopener\">Animation \u00e0 partir de Photos. Les reconnaissez-vous ?<\/a><\/span><\/strong><\/em><\/p>\n<p><em><strong><span style=\"font-size: 14pt; font-family: 'times new roman', times, serif; color: #0000ff;\"><a style=\"color: #0000ff;\" href=\"https:\/\/roussesinfo.fr\/souvenirs\/photos-et-videos\/une-fouine-dans-le-tarnon\/\" target=\"_blank\" rel=\"noopener\">Une fouine dans le Tarnon<\/a><\/span><\/strong><\/em><\/p>\n<p><em><strong><span style=\"font-size: 14pt; font-family: 'times new roman', times, serif; color: #0000ff;\"><a style=\"color: #0000ff;\" href=\"https:\/\/roussesinfo.fr\/souvenirs\/photos-et-videos\/animaux-captures-par-des-pieges-photos\/\" target=\"_blank\" rel=\"noopener\">Animaux captur\u00e9s par des pi\u00e8ges photos.<\/a><\/span><\/strong><\/em><\/p>\n<p>[\/et_pb_text][\/et_pb_column][\/et_pb_row][\/et_pb_section]<\/p>\n","protected":false},"excerpt":{"rendered":"<p>Photos &amp; Vid\u00e9os \u00e0 la demande des souvenirs de RoussesL&rsquo;ensemble de ces vid\u00e9os t\u00e9moigne des \u00e9v\u00e8nements qui se sont d\u00e9roul\u00e9s dans la communeL&rsquo;effet du temps sur la v\u00e9g\u00e9tation Les 10 ans de la ruche &#8211; Pr\u00e9sentation de la soir\u00e9e par Bruno et Daniel, film de Roland Les 10 ans de la Ruche, reportage de Teledraille.org [&hellip;]<\/p>\n","protected":false},"author":1,"featured_media":0,"parent":0,"menu_order":0,"comment_status":"closed","ping_status":"closed","template":"","meta":{"_et_pb_use_builder":"on","_et_pb_old_content":"","_et_gb_content_width":"","footnotes":""},"class_list":["post-16","page","type-page","status-publish","hentry"],"yoast_head":"<!-- This site is optimized with the Yoast SEO plugin v27.5 - https:\/\/yoast.com\/product\/yoast-seo-wordpress\/ -->\n<title>Photos et Vid\u00e9os - Nos souvenirs<\/title>\n<meta name=\"robots\" content=\"index, follow, max-snippet:-1, max-image-preview:large, max-video-preview:-1\" \/>\n<link rel=\"canonical\" href=\"https:\/\/roussesinfo.fr\/souvenirs\/photos-et-videos\/\" \/>\n<meta property=\"og:locale\" content=\"fr_FR\" \/>\n<meta property=\"og:type\" content=\"article\" \/>\n<meta property=\"og:title\" content=\"Photos et Vid\u00e9os - Nos souvenirs\" \/>\n<meta property=\"og:description\" content=\"Photos &amp; Vid\u00e9os \u00e0 la demande des souvenirs de RoussesL&#039;ensemble de ces vid\u00e9os t\u00e9moigne des \u00e9v\u00e8nements qui se sont d\u00e9roul\u00e9s dans la communeL&#039;effet du temps sur la v\u00e9g\u00e9tation Les 10 ans de la ruche - Pr\u00e9sentation de la soir\u00e9e par Bruno et Daniel, film de Roland Les 10 ans de la Ruche, reportage de Teledraille.org [&hellip;]\" \/>\n<meta property=\"og:url\" content=\"https:\/\/roussesinfo.fr\/souvenirs\/photos-et-videos\/\" \/>\n<meta property=\"og:site_name\" content=\"Nos souvenirs\" \/>\n<meta property=\"article:modified_time\" content=\"2026-03-28T10:38:08+00:00\" \/>\n<meta property=\"og:image\" content=\"https:\/\/roussesinfo.fr\/souvenirs\/wp-content\/uploads\/2025\/09\/logo-souvenirs_lwsoptimized.webp\" \/>\n\t<meta property=\"og:image:width\" content=\"563\" \/>\n\t<meta property=\"og:image:height\" content=\"563\" \/>\n\t<meta property=\"og:image:type\" content=\"image\/webp\" \/>\n<meta name=\"twitter:card\" content=\"summary_large_image\" \/>\n<meta name=\"twitter:label1\" content=\"Dur\u00e9e de lecture estim\u00e9e\" \/>\n\t<meta name=\"twitter:data1\" content=\"2 minutes\" \/>\n<script type=\"application\/ld+json\" class=\"yoast-schema-graph\">{\"@context\":\"https:\\\/\\\/schema.org\",\"@graph\":[{\"@type\":\"WebPage\",\"@id\":\"https:\\\/\\\/roussesinfo.fr\\\/souvenirs\\\/photos-et-videos\\\/\",\"url\":\"https:\\\/\\\/roussesinfo.fr\\\/souvenirs\\\/photos-et-videos\\\/\",\"name\":\"Photos et Vid\u00e9os - Nos souvenirs\",\"isPartOf\":{\"@id\":\"https:\\\/\\\/roussesinfo.fr\\\/souvenirs\\\/#website\"},\"datePublished\":\"2025-09-12T16:25:03+00:00\",\"dateModified\":\"2026-03-28T10:38:08+00:00\",\"breadcrumb\":{\"@id\":\"https:\\\/\\\/roussesinfo.fr\\\/souvenirs\\\/photos-et-videos\\\/#breadcrumb\"},\"inLanguage\":\"fr-FR\",\"potentialAction\":[{\"@type\":\"ReadAction\",\"target\":[\"https:\\\/\\\/roussesinfo.fr\\\/souvenirs\\\/photos-et-videos\\\/\"]}]},{\"@type\":\"BreadcrumbList\",\"@id\":\"https:\\\/\\\/roussesinfo.fr\\\/souvenirs\\\/photos-et-videos\\\/#breadcrumb\",\"itemListElement\":[{\"@type\":\"ListItem\",\"position\":1,\"name\":\"Accueil\",\"item\":\"https:\\\/\\\/roussesinfo.fr\\\/souvenirs\\\/\"},{\"@type\":\"ListItem\",\"position\":2,\"name\":\"Photos et Vid\u00e9os\"}]},{\"@type\":\"WebSite\",\"@id\":\"https:\\\/\\\/roussesinfo.fr\\\/souvenirs\\\/#website\",\"url\":\"https:\\\/\\\/roussesinfo.fr\\\/souvenirs\\\/\",\"name\":\"Nos souvenirs\",\"description\":\"Pour le plaisir de revoir notre pass\u00e9\",\"publisher\":{\"@id\":\"https:\\\/\\\/roussesinfo.fr\\\/souvenirs\\\/#\\\/schema\\\/person\\\/51fe11abd8906c923334a0b92e9ee061\"},\"potentialAction\":[{\"@type\":\"SearchAction\",\"target\":{\"@type\":\"EntryPoint\",\"urlTemplate\":\"https:\\\/\\\/roussesinfo.fr\\\/souvenirs\\\/?s={search_term_string}\"},\"query-input\":{\"@type\":\"PropertyValueSpecification\",\"valueRequired\":true,\"valueName\":\"search_term_string\"}}],\"inLanguage\":\"fr-FR\"},{\"@type\":[\"Person\",\"Organization\"],\"@id\":\"https:\\\/\\\/roussesinfo.fr\\\/souvenirs\\\/#\\\/schema\\\/person\\\/51fe11abd8906c923334a0b92e9ee061\",\"name\":\"admin\",\"image\":{\"@type\":\"ImageObject\",\"inLanguage\":\"fr-FR\",\"@id\":\"https:\\\/\\\/secure.gravatar.com\\\/avatar\\\/dd6f6724eb1cb3496726f1f2d02cac624f2c197cddc3f037aabbaaf15720ce82?s=96&d=mm&r=g\",\"url\":\"https:\\\/\\\/secure.gravatar.com\\\/avatar\\\/dd6f6724eb1cb3496726f1f2d02cac624f2c197cddc3f037aabbaaf15720ce82?s=96&d=mm&r=g\",\"contentUrl\":\"https:\\\/\\\/secure.gravatar.com\\\/avatar\\\/dd6f6724eb1cb3496726f1f2d02cac624f2c197cddc3f037aabbaaf15720ce82?s=96&d=mm&r=g\",\"caption\":\"admin\"},\"logo\":{\"@id\":\"https:\\\/\\\/secure.gravatar.com\\\/avatar\\\/dd6f6724eb1cb3496726f1f2d02cac624f2c197cddc3f037aabbaaf15720ce82?s=96&d=mm&r=g\"},\"sameAs\":[\"https:\\\/\\\/roussesinfo.fr\\\/souvenirs\"]}]}<\/script>\n<!-- \/ Yoast SEO plugin. -->","yoast_head_json":{"title":"Photos et Vid\u00e9os - Nos souvenirs","robots":{"index":"index","follow":"follow","max-snippet":"max-snippet:-1","max-image-preview":"max-image-preview:large","max-video-preview":"max-video-preview:-1"},"canonical":"https:\/\/roussesinfo.fr\/souvenirs\/photos-et-videos\/","og_locale":"fr_FR","og_type":"article","og_title":"Photos et Vid\u00e9os - Nos souvenirs","og_description":"Photos &amp; Vid\u00e9os \u00e0 la demande des souvenirs de RoussesL'ensemble de ces vid\u00e9os t\u00e9moigne des \u00e9v\u00e8nements qui se sont d\u00e9roul\u00e9s dans la communeL'effet du temps sur la v\u00e9g\u00e9tation Les 10 ans de la ruche - Pr\u00e9sentation de la soir\u00e9e par Bruno et Daniel, film de Roland Les 10 ans de la Ruche, reportage de Teledraille.org [&hellip;]","og_url":"https:\/\/roussesinfo.fr\/souvenirs\/photos-et-videos\/","og_site_name":"Nos souvenirs","article_modified_time":"2026-03-28T10:38:08+00:00","og_image":[{"width":563,"height":563,"url":"https:\/\/roussesinfo.fr\/souvenirs\/wp-content\/uploads\/2025\/09\/logo-souvenirs_lwsoptimized.webp","type":"image\/webp"}],"twitter_card":"summary_large_image","twitter_misc":{"Dur\u00e9e de lecture estim\u00e9e":"2 minutes"},"schema":{"@context":"https:\/\/schema.org","@graph":[{"@type":"WebPage","@id":"https:\/\/roussesinfo.fr\/souvenirs\/photos-et-videos\/","url":"https:\/\/roussesinfo.fr\/souvenirs\/photos-et-videos\/","name":"Photos et Vid\u00e9os - Nos souvenirs","isPartOf":{"@id":"https:\/\/roussesinfo.fr\/souvenirs\/#website"},"datePublished":"2025-09-12T16:25:03+00:00","dateModified":"2026-03-28T10:38:08+00:00","breadcrumb":{"@id":"https:\/\/roussesinfo.fr\/souvenirs\/photos-et-videos\/#breadcrumb"},"inLanguage":"fr-FR","potentialAction":[{"@type":"ReadAction","target":["https:\/\/roussesinfo.fr\/souvenirs\/photos-et-videos\/"]}]},{"@type":"BreadcrumbList","@id":"https:\/\/roussesinfo.fr\/souvenirs\/photos-et-videos\/#breadcrumb","itemListElement":[{"@type":"ListItem","position":1,"name":"Accueil","item":"https:\/\/roussesinfo.fr\/souvenirs\/"},{"@type":"ListItem","position":2,"name":"Photos et Vid\u00e9os"}]},{"@type":"WebSite","@id":"https:\/\/roussesinfo.fr\/souvenirs\/#website","url":"https:\/\/roussesinfo.fr\/souvenirs\/","name":"Nos souvenirs","description":"Pour le plaisir de revoir notre pass\u00e9","publisher":{"@id":"https:\/\/roussesinfo.fr\/souvenirs\/#\/schema\/person\/51fe11abd8906c923334a0b92e9ee061"},"potentialAction":[{"@type":"SearchAction","target":{"@type":"EntryPoint","urlTemplate":"https:\/\/roussesinfo.fr\/souvenirs\/?s={search_term_string}"},"query-input":{"@type":"PropertyValueSpecification","valueRequired":true,"valueName":"search_term_string"}}],"inLanguage":"fr-FR"},{"@type":["Person","Organization"],"@id":"https:\/\/roussesinfo.fr\/souvenirs\/#\/schema\/person\/51fe11abd8906c923334a0b92e9ee061","name":"admin","image":{"@type":"ImageObject","inLanguage":"fr-FR","@id":"https:\/\/secure.gravatar.com\/avatar\/dd6f6724eb1cb3496726f1f2d02cac624f2c197cddc3f037aabbaaf15720ce82?s=96&d=mm&r=g","url":"https:\/\/secure.gravatar.com\/avatar\/dd6f6724eb1cb3496726f1f2d02cac624f2c197cddc3f037aabbaaf15720ce82?s=96&d=mm&r=g","contentUrl":"https:\/\/secure.gravatar.com\/avatar\/dd6f6724eb1cb3496726f1f2d02cac624f2c197cddc3f037aabbaaf15720ce82?s=96&d=mm&r=g","caption":"admin"},"logo":{"@id":"https:\/\/secure.gravatar.com\/avatar\/dd6f6724eb1cb3496726f1f2d02cac624f2c197cddc3f037aabbaaf15720ce82?s=96&d=mm&r=g"},"sameAs":["https:\/\/roussesinfo.fr\/souvenirs"]}]}},"_links":{"self":[{"href":"https:\/\/roussesinfo.fr\/souvenirs\/wp-json\/wp\/v2\/pages\/16","targetHints":{"allow":["GET"]}}],"collection":[{"href":"https:\/\/roussesinfo.fr\/souvenirs\/wp-json\/wp\/v2\/pages"}],"about":[{"href":"https:\/\/roussesinfo.fr\/souvenirs\/wp-json\/wp\/v2\/types\/page"}],"author":[{"embeddable":true,"href":"https:\/\/roussesinfo.fr\/souvenirs\/wp-json\/wp\/v2\/users\/1"}],"replies":[{"embeddable":true,"href":"https:\/\/roussesinfo.fr\/souvenirs\/wp-json\/wp\/v2\/comments?post=16"}],"version-history":[{"count":0,"href":"https:\/\/roussesinfo.fr\/souvenirs\/wp-json\/wp\/v2\/pages\/16\/revisions"}],"wp:attachment":[{"href":"https:\/\/roussesinfo.fr\/souvenirs\/wp-json\/wp\/v2\/media?parent=16"}],"curies":[{"name":"wp","href":"https:\/\/api.w.org\/{rel}","templated":true}]}}