{"id":530,"date":"2026-03-21T17:46:51","date_gmt":"2026-03-21T16:46:51","guid":{"rendered":"https:\/\/roussesinfo.fr\/souvenirs\/?page_id=530"},"modified":"2026-03-22T08:28:31","modified_gmt":"2026-03-22T07:28:31","slug":"souvenirs-accueil","status":"publish","type":"page","link":"https:\/\/roussesinfo.fr\/souvenirs\/","title":{"rendered":"Souvenirs"},"content":{"rendered":"<p>[et_pb_section fb_built=\u00a0\u00bb1&Prime; admin_label=\u00a0\u00bbsection\u00a0\u00bb _builder_version=\u00a0\u00bb4.27.6&Prime; background_image=\u00a0\u00bbhttps:\/\/roussesinfo.fr\/souvenirs\/wp-content\/uploads\/2025\/09\/fond-pour-souvenirs.jpg\u00a0\u00bb custom_padding=\u00a0\u00bb55px|||||\u00a0\u00bb global_colors_info=\u00a0\u00bb{}\u00a0\u00bb][et_pb_row admin_label=\u00a0\u00bbrow\u00a0\u00bb _builder_version=\u00a0\u00bb4.27.6&Prime; background_size=\u00a0\u00bbinitial\u00a0\u00bb background_position=\u00a0\u00bbtop_left\u00a0\u00bb background_repeat=\u00a0\u00bbrepeat\u00a0\u00bb width=\u00a0\u00bb95%\u00a0\u00bb max_width=\u00a0\u00bb1600px\u00a0\u00bb custom_margin=\u00a0\u00bb-31px|auto||auto||\u00a0\u00bb global_colors_info=\u00a0\u00bb{}\u00a0\u00bb][et_pb_column type=\u00a0\u00bb4_4&Prime; _builder_version=\u00a0\u00bb4.16&Prime; custom_padding=\u00a0\u00bb|||\u00a0\u00bb global_colors_info=\u00a0\u00bb{}\u00a0\u00bb custom_padding__hover=\u00a0\u00bb|||\u00a0\u00bb][et_pb_text admin_label=\u00a0\u00bbTitre\u00a0\u00bb _builder_version=\u00a0\u00bb4.27.6&Prime; _module_preset=\u00a0\u00bbdefault\u00a0\u00bb custom_padding=\u00a0\u00bb||10px|||\u00a0\u00bb global_colors_info=\u00a0\u00bb{}\u00a0\u00bb]<\/p>\n<p><span style=\"color: #000000; font-size: 18pt;\"><strong><em><span style=\"font-family: 'times new roman', times, serif;\">Cet espace a pour vocation de faire revivre les r\u00e9cits et anecdotes de notre jeunesse.\u00a0 <\/span><\/em><\/strong><\/span><\/p>\n<p><span style=\"color: #000000; font-size: 18pt;\"><strong><em><span style=\"font-family: 'times new roman', times, serif;\">Plongez dans le grand bain de vos souvenirs ! Cet espace est un \u00e9crin d\u00e9di\u00e9 aux r\u00e9cits de notre jeunesse, une machine \u00e0 remonter le temps nourri de vos anecdotes les plus pr\u00e9cieuses.<\/span><\/em><\/strong><\/span><\/p>\n<p>[\/et_pb_text][et_pb_image src=\u00a0\u00bbhttps:\/\/roussesinfo.fr\/souvenirs\/wp-content\/uploads\/2025\/09\/melanie-a-la-ruche.jpg\u00a0\u00bb title_text=\u00a0\u00bbmelanie a la ruche\u00a0\u00bb align=\u00a0\u00bbcenter\u00a0\u00bb _builder_version=\u00a0\u00bb4.27.6&Prime; _module_preset=\u00a0\u00bbdefault\u00a0\u00bb custom_margin=\u00a0\u00bb-25px|||||\u00a0\u00bb global_colors_info=\u00a0\u00bb{}\u00a0\u00bb][\/et_pb_image][et_pb_text _builder_version=\u00a0\u00bb4.27.6&Prime; _module_preset=\u00a0\u00bbdefault\u00a0\u00bb global_colors_info=\u00a0\u00bb{}\u00a0\u00bb custom_margin=\u00a0\u00bb||2px|||\u00a0\u00bb]<\/p>\n<p><span style=\"font-size: 14pt; font-family: 'times new roman', times, serif; color: #000000;\"><strong><em>\u00c0 ce jour, vous pouvez consulter : <\/em><\/strong><\/span><\/p>\n<ul>\n<li><span style=\"font-size: 18pt; color: #0000ff;\"><a style=\"color: #0000ff;\" href=\"https:\/\/roussesinfo.fr\/souvenirs\/photos-et-videos\/\"><span style=\"font-family: 'times new roman', times, serif;\"><strong><em>Des photos et vid\u00e9os d\u2019archives (souvenirs) <\/em><\/strong><\/span><\/a><\/span><\/li>\n<li><span style=\"font-size: 18pt; font-family: 'times new roman', times, serif; color: #0000ff;\"><strong><em><a style=\"color: #0000ff;\" href=\"https:\/\/roussesinfo.fr\/souvenirs\/les-commerces-sur-rousses\/\">Les commerces ayant exist\u00e9 sur la commune des Rousses ainsi que les marchands de passage<\/a><\/em><\/strong><\/span><\/li>\n<li><span style=\"font-size: 18pt; color: #0000ff;\"><a style=\"color: #0000ff;\" href=\"https:\/\/roussesinfo.fr\/souvenirs\/souvenirs-denfance-de-claude-grellier\/\"><span style=\"font-family: 'times new roman', times, serif;\"><strong><em>Souvenirs personnels de Claude Grellier<\/em><\/strong><\/span><\/a><\/span><\/li>\n<li><span style=\"font-size: 18pt; color: #0000ff;\"><a style=\"color: #0000ff;\" href=\"https:\/\/roussesinfo.fr\/souvenirs\/souvenirs-de-roland-mourgues\/\"><span style=\"font-family: 'times new roman', times, serif;\"><strong><em>Les souvenirs personnels de Roland Mourgues<\/em><\/strong><\/span><\/a><\/span><\/li>\n<\/ul>\n<p><span style=\"font-size: 14pt; font-family: 'times new roman', times, serif; color: #000000;\"><strong><em>\u00a0<\/em><\/strong><strong><em>Vous souhaitez partager vos souvenirs d\u2019enfance, il vous suffit de compl\u00e9ter le formulaire en bas de page<\/em><\/strong><\/span><\/p>\n<p><span style=\"font-size: 14pt; font-family: 'times new roman', times, serif; color: #000000;\"><strong><em>D\u00e8s r\u00e9ception, votre texte sera mis en ligne et vous serez inform\u00e9 de sa publication pour v\u00e9rification.<\/em><\/strong><\/span><\/p>\n<p><span style=\"font-size: 14pt; font-family: 'times new roman', times, serif; color: #000000;\"><strong><em> Nous vous remercions de votre participation.<\/em><\/strong><\/span><\/p>\n<p><span style=\"font-size: 14pt; font-family: 'times new roman', times, serif; color: #000000;\"><strong><em>Un immense merci pour ce voyage partag\u00e9 ! <\/em><\/strong><\/span><\/p>\n<p>&nbsp;<\/p>\n<p>[\/et_pb_text][wpforms_selector form_id=\u00a0\u00bb159&Prime; show_title=\u00a0\u00bbon\u00a0\u00bb show_desc=\u00a0\u00bbon\u00a0\u00bb _builder_version=\u00a0\u00bb4.27.6&Prime; _module_preset=\u00a0\u00bbdefault\u00a0\u00bb global_colors_info=\u00a0\u00bb{}\u00a0\u00bb custom_padding=\u00a0\u00bb3px|||||\u00a0\u00bb][\/wpforms_selector][\/et_pb_column][\/et_pb_row][\/et_pb_section]<\/p>\n","protected":false},"excerpt":{"rendered":"<p>Cet espace a pour vocation de faire revivre les r\u00e9cits et anecdotes de notre jeunesse.\u00a0 Plongez dans le grand bain de vos souvenirs ! Cet espace est un \u00e9crin d\u00e9di\u00e9 aux r\u00e9cits de notre jeunesse, une machine \u00e0 remonter le temps nourri de vos anecdotes les plus pr\u00e9cieuses.\u00c0 ce jour, vous pouvez consulter : Des [&hellip;]<\/p>\n","protected":false},"author":1,"featured_media":0,"parent":0,"menu_order":0,"comment_status":"closed","ping_status":"closed","template":"","meta":{"_et_pb_use_builder":"on","_et_pb_old_content":"","_et_gb_content_width":"","footnotes":""},"class_list":["post-530","page","type-page","status-publish","hentry"],"yoast_head":"<!-- This site is optimized with the Yoast SEO plugin v27.5 - https:\/\/yoast.com\/product\/yoast-seo-wordpress\/ -->\n<title>Souvenirs - Nos souvenirs<\/title>\n<meta name=\"robots\" content=\"index, follow, max-snippet:-1, max-image-preview:large, max-video-preview:-1\" \/>\n<link rel=\"canonical\" href=\"https:\/\/roussesinfo.fr\/souvenirs\/\" \/>\n<meta property=\"og:locale\" content=\"fr_FR\" \/>\n<meta property=\"og:type\" content=\"article\" \/>\n<meta property=\"og:title\" content=\"Souvenirs - Nos souvenirs\" \/>\n<meta property=\"og:description\" content=\"Cet espace a pour vocation de faire revivre les r\u00e9cits et anecdotes de notre jeunesse.\u00a0 Plongez dans le grand bain de vos souvenirs ! Cet espace est un \u00e9crin d\u00e9di\u00e9 aux r\u00e9cits de notre jeunesse, une machine \u00e0 remonter le temps nourri de vos anecdotes les plus pr\u00e9cieuses.\u00c0 ce jour, vous pouvez consulter : Des [&hellip;]\" \/>\n<meta property=\"og:url\" content=\"https:\/\/roussesinfo.fr\/souvenirs\/\" \/>\n<meta property=\"og:site_name\" content=\"Nos souvenirs\" \/>\n<meta property=\"article:modified_time\" content=\"2026-03-22T07:28:31+00:00\" \/>\n<meta property=\"og:image\" content=\"https:\/\/roussesinfo.fr\/souvenirs\/wp-content\/uploads\/2025\/09\/logo-souvenirs_lwsoptimized.webp\" \/>\n\t<meta property=\"og:image:width\" content=\"563\" \/>\n\t<meta property=\"og:image:height\" content=\"563\" \/>\n\t<meta property=\"og:image:type\" content=\"image\/webp\" \/>\n<meta name=\"twitter:card\" content=\"summary_large_image\" \/>\n<meta name=\"twitter:label1\" content=\"Dur\u00e9e de lecture estim\u00e9e\" \/>\n\t<meta name=\"twitter:data1\" content=\"2 minutes\" \/>\n<script type=\"application\/ld+json\" class=\"yoast-schema-graph\">{\"@context\":\"https:\\\/\\\/schema.org\",\"@graph\":[{\"@type\":\"WebPage\",\"@id\":\"https:\\\/\\\/roussesinfo.fr\\\/souvenirs\\\/\",\"url\":\"https:\\\/\\\/roussesinfo.fr\\\/souvenirs\\\/\",\"name\":\"Souvenirs - Nos souvenirs\",\"isPartOf\":{\"@id\":\"https:\\\/\\\/roussesinfo.fr\\\/souvenirs\\\/#website\"},\"datePublished\":\"2026-03-21T16:46:51+00:00\",\"dateModified\":\"2026-03-22T07:28:31+00:00\",\"breadcrumb\":{\"@id\":\"https:\\\/\\\/roussesinfo.fr\\\/souvenirs\\\/#breadcrumb\"},\"inLanguage\":\"fr-FR\",\"potentialAction\":[{\"@type\":\"ReadAction\",\"target\":[\"https:\\\/\\\/roussesinfo.fr\\\/souvenirs\\\/\"]}]},{\"@type\":\"BreadcrumbList\",\"@id\":\"https:\\\/\\\/roussesinfo.fr\\\/souvenirs\\\/#breadcrumb\",\"itemListElement\":[{\"@type\":\"ListItem\",\"position\":1,\"name\":\"Accueil\",\"item\":\"https:\\\/\\\/roussesinfo.fr\\\/souvenirs\\\/\"},{\"@type\":\"ListItem\",\"position\":2,\"name\":\"Souvenirs\"}]},{\"@type\":\"WebSite\",\"@id\":\"https:\\\/\\\/roussesinfo.fr\\\/souvenirs\\\/#website\",\"url\":\"https:\\\/\\\/roussesinfo.fr\\\/souvenirs\\\/\",\"name\":\"Nos souvenirs\",\"description\":\"Pour le plaisir de revoir notre pass\u00e9\",\"publisher\":{\"@id\":\"https:\\\/\\\/roussesinfo.fr\\\/souvenirs\\\/#\\\/schema\\\/person\\\/51fe11abd8906c923334a0b92e9ee061\"},\"potentialAction\":[{\"@type\":\"SearchAction\",\"target\":{\"@type\":\"EntryPoint\",\"urlTemplate\":\"https:\\\/\\\/roussesinfo.fr\\\/souvenirs\\\/?s={search_term_string}\"},\"query-input\":{\"@type\":\"PropertyValueSpecification\",\"valueRequired\":true,\"valueName\":\"search_term_string\"}}],\"inLanguage\":\"fr-FR\"},{\"@type\":[\"Person\",\"Organization\"],\"@id\":\"https:\\\/\\\/roussesinfo.fr\\\/souvenirs\\\/#\\\/schema\\\/person\\\/51fe11abd8906c923334a0b92e9ee061\",\"name\":\"admin\",\"image\":{\"@type\":\"ImageObject\",\"inLanguage\":\"fr-FR\",\"@id\":\"https:\\\/\\\/secure.gravatar.com\\\/avatar\\\/dd6f6724eb1cb3496726f1f2d02cac624f2c197cddc3f037aabbaaf15720ce82?s=96&d=mm&r=g\",\"url\":\"https:\\\/\\\/secure.gravatar.com\\\/avatar\\\/dd6f6724eb1cb3496726f1f2d02cac624f2c197cddc3f037aabbaaf15720ce82?s=96&d=mm&r=g\",\"contentUrl\":\"https:\\\/\\\/secure.gravatar.com\\\/avatar\\\/dd6f6724eb1cb3496726f1f2d02cac624f2c197cddc3f037aabbaaf15720ce82?s=96&d=mm&r=g\",\"caption\":\"admin\"},\"logo\":{\"@id\":\"https:\\\/\\\/secure.gravatar.com\\\/avatar\\\/dd6f6724eb1cb3496726f1f2d02cac624f2c197cddc3f037aabbaaf15720ce82?s=96&d=mm&r=g\"},\"sameAs\":[\"https:\\\/\\\/roussesinfo.fr\\\/souvenirs\"]}]}<\/script>\n<!-- \/ Yoast SEO plugin. -->","yoast_head_json":{"title":"Souvenirs - Nos souvenirs","robots":{"index":"index","follow":"follow","max-snippet":"max-snippet:-1","max-image-preview":"max-image-preview:large","max-video-preview":"max-video-preview:-1"},"canonical":"https:\/\/roussesinfo.fr\/souvenirs\/","og_locale":"fr_FR","og_type":"article","og_title":"Souvenirs - Nos souvenirs","og_description":"Cet espace a pour vocation de faire revivre les r\u00e9cits et anecdotes de notre jeunesse.\u00a0 Plongez dans le grand bain de vos souvenirs ! Cet espace est un \u00e9crin d\u00e9di\u00e9 aux r\u00e9cits de notre jeunesse, une machine \u00e0 remonter le temps nourri de vos anecdotes les plus pr\u00e9cieuses.\u00c0 ce jour, vous pouvez consulter : Des [&hellip;]","og_url":"https:\/\/roussesinfo.fr\/souvenirs\/","og_site_name":"Nos souvenirs","article_modified_time":"2026-03-22T07:28:31+00:00","og_image":[{"width":563,"height":563,"url":"https:\/\/roussesinfo.fr\/souvenirs\/wp-content\/uploads\/2025\/09\/logo-souvenirs_lwsoptimized.webp","type":"image\/webp"}],"twitter_card":"summary_large_image","twitter_misc":{"Dur\u00e9e de lecture estim\u00e9e":"2 minutes"},"schema":{"@context":"https:\/\/schema.org","@graph":[{"@type":"WebPage","@id":"https:\/\/roussesinfo.fr\/souvenirs\/","url":"https:\/\/roussesinfo.fr\/souvenirs\/","name":"Souvenirs - Nos souvenirs","isPartOf":{"@id":"https:\/\/roussesinfo.fr\/souvenirs\/#website"},"datePublished":"2026-03-21T16:46:51+00:00","dateModified":"2026-03-22T07:28:31+00:00","breadcrumb":{"@id":"https:\/\/roussesinfo.fr\/souvenirs\/#breadcrumb"},"inLanguage":"fr-FR","potentialAction":[{"@type":"ReadAction","target":["https:\/\/roussesinfo.fr\/souvenirs\/"]}]},{"@type":"BreadcrumbList","@id":"https:\/\/roussesinfo.fr\/souvenirs\/#breadcrumb","itemListElement":[{"@type":"ListItem","position":1,"name":"Accueil","item":"https:\/\/roussesinfo.fr\/souvenirs\/"},{"@type":"ListItem","position":2,"name":"Souvenirs"}]},{"@type":"WebSite","@id":"https:\/\/roussesinfo.fr\/souvenirs\/#website","url":"https:\/\/roussesinfo.fr\/souvenirs\/","name":"Nos souvenirs","description":"Pour le plaisir de revoir notre pass\u00e9","publisher":{"@id":"https:\/\/roussesinfo.fr\/souvenirs\/#\/schema\/person\/51fe11abd8906c923334a0b92e9ee061"},"potentialAction":[{"@type":"SearchAction","target":{"@type":"EntryPoint","urlTemplate":"https:\/\/roussesinfo.fr\/souvenirs\/?s={search_term_string}"},"query-input":{"@type":"PropertyValueSpecification","valueRequired":true,"valueName":"search_term_string"}}],"inLanguage":"fr-FR"},{"@type":["Person","Organization"],"@id":"https:\/\/roussesinfo.fr\/souvenirs\/#\/schema\/person\/51fe11abd8906c923334a0b92e9ee061","name":"admin","image":{"@type":"ImageObject","inLanguage":"fr-FR","@id":"https:\/\/secure.gravatar.com\/avatar\/dd6f6724eb1cb3496726f1f2d02cac624f2c197cddc3f037aabbaaf15720ce82?s=96&d=mm&r=g","url":"https:\/\/secure.gravatar.com\/avatar\/dd6f6724eb1cb3496726f1f2d02cac624f2c197cddc3f037aabbaaf15720ce82?s=96&d=mm&r=g","contentUrl":"https:\/\/secure.gravatar.com\/avatar\/dd6f6724eb1cb3496726f1f2d02cac624f2c197cddc3f037aabbaaf15720ce82?s=96&d=mm&r=g","caption":"admin"},"logo":{"@id":"https:\/\/secure.gravatar.com\/avatar\/dd6f6724eb1cb3496726f1f2d02cac624f2c197cddc3f037aabbaaf15720ce82?s=96&d=mm&r=g"},"sameAs":["https:\/\/roussesinfo.fr\/souvenirs"]}]}},"_links":{"self":[{"href":"https:\/\/roussesinfo.fr\/souvenirs\/wp-json\/wp\/v2\/pages\/530","targetHints":{"allow":["GET"]}}],"collection":[{"href":"https:\/\/roussesinfo.fr\/souvenirs\/wp-json\/wp\/v2\/pages"}],"about":[{"href":"https:\/\/roussesinfo.fr\/souvenirs\/wp-json\/wp\/v2\/types\/page"}],"author":[{"embeddable":true,"href":"https:\/\/roussesinfo.fr\/souvenirs\/wp-json\/wp\/v2\/users\/1"}],"replies":[{"embeddable":true,"href":"https:\/\/roussesinfo.fr\/souvenirs\/wp-json\/wp\/v2\/comments?post=530"}],"version-history":[{"count":0,"href":"https:\/\/roussesinfo.fr\/souvenirs\/wp-json\/wp\/v2\/pages\/530\/revisions"}],"wp:attachment":[{"href":"https:\/\/roussesinfo.fr\/souvenirs\/wp-json\/wp\/v2\/media?parent=530"}],"curies":[{"name":"wp","href":"https:\/\/api.w.org\/{rel}","templated":true}]}}